{"id":401,"date":"2023-04-06T10:11:39","date_gmt":"2023-04-06T07:11:39","guid":{"rendered":"https:\/\/phoenixdcc.com\/?page_id=401"},"modified":"2023-05-03T16:29:23","modified_gmt":"2023-05-03T13:29:23","slug":"gurur-tablomuz","status":"publish","type":"page","link":"https:\/\/phoenixdcc.com\/ru\/gurur-tablomuz\/","title":{"rendered":"\u041d\u0410\u0428\u0410 \u0413\u041e\u0420\u0414\u041e\u0421\u0422\u042c"},"content":{"rendered":"<div data-elementor-type=\"wp-page\" data-elementor-id=\"401\" class=\"elementor elementor-401\">\n\t\t\t\t\t\t\t\t\t<section class=\"elementor-section elementor-top-section elementor-element elementor-element-6a935dd elementor-section-stretched tm-column-break-ipad-no tm-col-stretched-none elementor-section-boxed elementor-section-height-default elementor-section-height-default\" data-id=\"6a935dd\" data-element_type=\"section\" data-settings=\"{&quot;stretch_section&quot;:&quot;section-stretched&quot;}\">\n\t\t\t\t\t\t\t<div class=\"elementor-background-overlay\"><\/div>\n\t\t\t\t\t\t\t<div class=\"elementor-container elementor-column-gap-default\">\n\t\t\t\t\t<div class=\"elementor-column elementor-col-100 elementor-top-column elementor-element elementor-element-03308d9\" data-id=\"03308d9\" data-element_type=\"column\" data-settings=\"{&quot;background_background&quot;:&quot;classic&quot;}\">\n\t\t\t<div class=\"elementor-widget-wrap elementor-element-populated\">\n\t\t\t\t\t<div class=\"elementor-background-overlay\"><\/div>\n\t\t\t\t\t\t\t\t<section class=\"elementor-section elementor-inner-section elementor-element elementor-element-7fe7c56 tm-column-break-ipad-no tm-col-stretched-none elementor-section-boxed elementor-section-height-default elementor-section-height-default\" data-id=\"7fe7c56\" data-element_type=\"section\">\n\t\t\t\t\t\t<div class=\"elementor-container elementor-column-gap-default\">\n\t\t\t\t\t<div class=\"elementor-column elementor-col-100 elementor-inner-column elementor-element elementor-element-1e76b14\" data-id=\"1e76b14\" data-element_type=\"column\">\n\t\t\t<div class=\"elementor-widget-wrap elementor-element-populated\">\n\t\t\t\t\t\t\t\t<div class=\"elementor-element elementor-element-2fd536c tm-align-center elementor-widget elementor-widget-tm_heading\" data-id=\"2fd536c\" data-element_type=\"widget\" data-widget_type=\"tm_heading.default\">\n\t\t\t\t<div class=\"elementor-widget-container\">\n\t\t\t<div class=\"tm-element-heading-content-wrapper center-align tm-reverse-heading-yes tm-seperator-solid  tm-heading-style-vertical\"><div class=\"tm-content-header\"><h2 class=\"tm-element-content-heading\">\n\t\t\t\t\u041d\u0410\u0428\u0410 \u0413\u041e\u0420\u0414\u041e\u0421\u0422\u042c\n\t\t\t<\/h2>\n\t\t<\/div><\/div>\t\t<\/div>\n\t\t\t\t<\/div>\n\t\t\t\t<div class=\"elementor-element elementor-element-af2f6ed elementor-widget elementor-widget-text-editor\" data-id=\"af2f6ed\" data-element_type=\"widget\" data-widget_type=\"text-editor.default\">\n\t\t\t\t<div class=\"elementor-widget-container\">\n\t\t\t<style>\/*! elementor - v3.12.0 - 29-03-2023 *\/\n.elementor-widget-text-editor.elementor-drop-cap-view-stacked .elementor-drop-cap{background-color:#69727d;color:#fff}.elementor-widget-text-editor.elementor-drop-cap-view-framed .elementor-drop-cap{color:#69727d;border:3px solid;background-color:transparent}.elementor-widget-text-editor:not(.elementor-drop-cap-view-default) .elementor-drop-cap{margin-top:8px}.elementor-widget-text-editor:not(.elementor-drop-cap-view-default) .elementor-drop-cap-letter{width:1em;height:1em}.elementor-widget-text-editor .elementor-drop-cap{float:left;text-align:center;line-height:1;font-size:50px}.elementor-widget-text-editor .elementor-drop-cap-letter{display:inline-block}<\/style>\t\t\t\t<p style=\"text-align: center;\">\u041d\u0430\u0448\u0430 \u043a\u043e\u043c\u0430\u043d\u0434\u0430 \u0441 \u0433\u043e\u0440\u0434\u043e\u0441\u0442\u044c\u044e \u0432\u043f\u0438\u0441\u044b\u0432\u0430\u0435\u0442 \u0441\u0432\u043e\u0435 \u0438\u043c\u044f \u0432 \u0438\u0441\u0442\u043e\u0440\u0438\u044e \u043f\u0440\u043e\u0435\u043a\u0442\u043e\u0432 \u0432 \u0422\u0443\u0440\u0446\u0438\u0438 \u0438 \u0437\u0430 \u0440\u0443\u0431\u0435\u0436\u043e\u043c \u2013 \u0434\u043e\u0441\u0442\u0438\u0436\u0435\u043d\u0438\u0439 \u043d\u0430\u043c \u043d\u0435 \u0445\u0432\u0430\u0442\u0430\u044e\u0442!<\/p>\t\t\t\t\t\t<\/div>\n\t\t\t\t<\/div>\n\t\t\t\t\t<\/div>\n\t\t<\/div>\n\t\t\t\t\t\t\t<\/div>\n\t\t<\/section>\n\t\t\t\t<section class=\"elementor-section elementor-inner-section elementor-element elementor-element-e2b049f tm-column-break-ipad-no tm-col-stretched-none elementor-section-boxed elementor-section-height-default elementor-section-height-default\" data-id=\"e2b049f\" data-element_type=\"section\">\n\t\t\t\t\t\t<div class=\"elementor-container elementor-column-gap-default\">\n\t\t\t\t\t<div class=\"elementor-column elementor-col-25 elementor-inner-column elementor-element elementor-element-c61455d\" data-id=\"c61455d\" data-element_type=\"column\">\n\t\t\t<div class=\"elementor-widget-wrap elementor-element-populated\">\n\t\t\t\t\t\t\t\t<div class=\"elementor-element elementor-element-df98155 elementor-widget elementor-widget-image\" data-id=\"df98155\" data-element_type=\"widget\" data-widget_type=\"image.default\">\n\t\t\t\t<div class=\"elementor-widget-container\">\n\t\t\t<style>\/*! elementor - v3.12.0 - 29-03-2023 *\/\n.elementor-widget-image{text-align:center}.elementor-widget-image a{display:inline-block}.elementor-widget-image a img[src$=\".svg\"]{width:48px}.elementor-widget-image img{vertical-align:middle;display:inline-block}<\/style>\t\t\t\t\t\t\t\t\t<figure class=\"wp-caption\">\n\t\t\t\t\t\t\t\t\t\t<img loading=\"lazy\" decoding=\"async\" width=\"326\" height=\"199\" src=\"https:\/\/phoenixdcc.com\/wp-content\/uploads\/2023\/04\/p2.png\" class=\"attachment-large size-large wp-image-452\" alt=\"\" srcset=\"https:\/\/phoenixdcc.com\/wp-content\/uploads\/2023\/04\/p2.png 326w, https:\/\/phoenixdcc.com\/wp-content\/uploads\/2023\/04\/p2-300x183.png 300w\" sizes=\"auto, (max-width: 326px) 100vw, 326px\" data-id=\"452\" \/>\t\t\t\t\t\t\t\t\t\t\t<figcaption class=\"widget-image-caption wp-caption-text\">\u041f\u0440\u043e\u0435\u043a\u0442 \u0418\u0442-\u043f\u0430\u0440\u043a\u0430 \u0423\u0437\u0431\u0435\u043a\u0438\u0441\u0442\u0430\u043d\u0430<\/figcaption>\n\t\t\t\t\t\t\t\t\t\t<\/figure>\n\t\t\t\t\t\t\t\t\t<\/div>\n\t\t\t\t<\/div>\n\t\t\t\t\t<\/div>\n\t\t<\/div>\n\t\t\t\t<div class=\"elementor-column elementor-col-25 elementor-inner-column elementor-element elementor-element-ec8997f\" data-id=\"ec8997f\" data-element_type=\"column\">\n\t\t\t<div class=\"elementor-widget-wrap elementor-element-populated\">\n\t\t\t\t\t\t\t\t<div class=\"elementor-element elementor-element-796dd6d elementor-widget elementor-widget-image\" data-id=\"796dd6d\" data-element_type=\"widget\" data-widget_type=\"image.default\">\n\t\t\t\t<div class=\"elementor-widget-container\">\n\t\t\t\t\t\t\t\t\t\t\t\t<figure class=\"wp-caption\">\n\t\t\t\t\t\t\t\t\t\t<img loading=\"lazy\" decoding=\"async\" width=\"326\" height=\"199\" src=\"https:\/\/phoenixdcc.com\/wp-content\/uploads\/2023\/04\/p1.png\" class=\"attachment-large size-large wp-image-453\" alt=\"\" srcset=\"https:\/\/phoenixdcc.com\/wp-content\/uploads\/2023\/04\/p1.png 326w, https:\/\/phoenixdcc.com\/wp-content\/uploads\/2023\/04\/p1-300x183.png 300w\" sizes=\"auto, (max-width: 326px) 100vw, 326px\" data-id=\"453\" \/>\t\t\t\t\t\t\t\t\t\t\t<figcaption class=\"widget-image-caption wp-caption-text\">\u041f\u0440\u044b\u0436\u043a\u0438 \u0421 \u0422\u0440\u0430\u043c\u043f\u043b\u0438\u043d\u0430 \u0412 \u0421\u043e\u0447\u0438\/\u0440\u043e\u0441\u0441\u0438\u044f <\/figcaption>\n\t\t\t\t\t\t\t\t\t\t<\/figure>\n\t\t\t\t\t\t\t\t\t<\/div>\n\t\t\t\t<\/div>\n\t\t\t\t\t<\/div>\n\t\t<\/div>\n\t\t\t\t<div class=\"elementor-column elementor-col-25 elementor-inner-column elementor-element elementor-element-0ae0709\" data-id=\"0ae0709\" data-element_type=\"column\">\n\t\t\t<div class=\"elementor-widget-wrap elementor-element-populated\">\n\t\t\t\t\t\t\t\t<div class=\"elementor-element elementor-element-337a66b elementor-widget elementor-widget-image\" data-id=\"337a66b\" data-element_type=\"widget\" data-widget_type=\"image.default\">\n\t\t\t\t<div class=\"elementor-widget-container\">\n\t\t\t\t\t\t\t\t\t\t\t\t<figure class=\"wp-caption\">\n\t\t\t\t\t\t\t\t\t\t<img loading=\"lazy\" decoding=\"async\" width=\"326\" height=\"199\" src=\"https:\/\/phoenixdcc.com\/wp-content\/uploads\/2023\/04\/p4.png\" class=\"attachment-large size-large wp-image-454\" alt=\"\" srcset=\"https:\/\/phoenixdcc.com\/wp-content\/uploads\/2023\/04\/p4.png 326w, https:\/\/phoenixdcc.com\/wp-content\/uploads\/2023\/04\/p4-300x183.png 300w\" sizes=\"auto, (max-width: 326px) 100vw, 326px\" data-id=\"454\" \/>\t\t\t\t\t\t\t\t\t\t\t<figcaption class=\"widget-image-caption wp-caption-text\">\u041f\u0440\u0435\u0437\u0438\u0434\u0435\u043d\u0442\u0441\u043a\u0438\u0439 \u0421\u044b\u0440\u0437\u0430\u0432\u043e\u0434, \u0413\u043e\u0440\/\u043c\u043e\u0441\u043a\u0432\u0430<\/figcaption>\n\t\t\t\t\t\t\t\t\t\t<\/figure>\n\t\t\t\t\t\t\t\t\t<\/div>\n\t\t\t\t<\/div>\n\t\t\t\t\t<\/div>\n\t\t<\/div>\n\t\t\t\t<div class=\"elementor-column elementor-col-25 elementor-inner-column elementor-element elementor-element-91a4214\" data-id=\"91a4214\" data-element_type=\"column\">\n\t\t\t<div class=\"elementor-widget-wrap elementor-element-populated\">\n\t\t\t\t\t\t\t\t<div class=\"elementor-element elementor-element-8c027d2 elementor-widget elementor-widget-image\" data-id=\"8c027d2\" data-element_type=\"widget\" data-widget_type=\"image.default\">\n\t\t\t\t<div class=\"elementor-widget-container\">\n\t\t\t\t\t\t\t\t\t\t\t\t<figure class=\"wp-caption\">\n\t\t\t\t\t\t\t\t\t\t<img loading=\"lazy\" decoding=\"async\" width=\"326\" height=\"199\" src=\"https:\/\/phoenixdcc.com\/wp-content\/uploads\/2023\/04\/p3.png\" class=\"attachment-large size-large wp-image-451\" alt=\"\" srcset=\"https:\/\/phoenixdcc.com\/wp-content\/uploads\/2023\/04\/p3.png 326w, https:\/\/phoenixdcc.com\/wp-content\/uploads\/2023\/04\/p3-300x183.png 300w\" sizes=\"auto, (max-width: 326px) 100vw, 326px\" data-id=\"451\" \/>\t\t\t\t\t\t\t\t\t\t\t<figcaption class=\"widget-image-caption wp-caption-text\">\u041f\u0440\u0435\u0437\u0438\u0434\u0435\u043d\u0442\u0441\u043a\u0438\u0439 \u0421\u044b\u0440\u0437\u0430\u0432\u043e\u0434, \u0413\u043e\u0440\/\u043c\u043e\u0441\u043a\u0432\u0430<\/figcaption>\n\t\t\t\t\t\t\t\t\t\t<\/figure>\n\t\t\t\t\t\t\t\t\t<\/div>\n\t\t\t\t<\/div>\n\t\t\t\t\t<\/div>\n\t\t<\/div>\n\t\t\t\t\t\t\t<\/div>\n\t\t<\/section>\n\t\t\t\t\t<\/div>\n\t\t<\/div>\n\t\t\t\t\t\t\t<\/div>\n\t\t<\/section>\n\t\t\t\t\t\t\t<\/div>","protected":false},"excerpt":{"rendered":"<p>GURUR TABLOMUZ Ekibimiz T\u00fcrkiye\u2019de ve yurt d\u0131\u015f\u0131nda projelerle ad\u0131m\u0131z\u0131 tarihe gururla yazd\u0131r\u0131yor, basar\u0131lara doymuyoruz! IT Park Projesi\/\u00d6zbekistan Kayak Atlama Rampas\u0131, Sochi\/Rusya President Peynir Fabrikas\u0131, Moskova\/Rusya President Peynir Fabrikas\u0131, Moskova\/Rusya<\/p>","protected":false},"author":1,"featured_media":0,"parent":0,"menu_order":0,"comment_status":"closed","ping_status":"closed","template":"","meta":{"footnotes":""},"class_list":["post-401","page","type-page","status-publish","hentry"],"_links":{"self":[{"href":"https:\/\/phoenixdcc.com\/ru\/wp-json\/wp\/v2\/pages\/401","targetHints":{"allow":["GET"]}}],"collection":[{"href":"https:\/\/phoenixdcc.com\/ru\/wp-json\/wp\/v2\/pages"}],"about":[{"href":"https:\/\/phoenixdcc.com\/ru\/wp-json\/wp\/v2\/types\/page"}],"author":[{"embeddable":true,"href":"https:\/\/phoenixdcc.com\/ru\/wp-json\/wp\/v2\/users\/1"}],"replies":[{"embeddable":true,"href":"https:\/\/phoenixdcc.com\/ru\/wp-json\/wp\/v2\/comments?post=401"}],"version-history":[{"count":10,"href":"https:\/\/phoenixdcc.com\/ru\/wp-json\/wp\/v2\/pages\/401\/revisions"}],"predecessor-version":[{"id":590,"href":"https:\/\/phoenixdcc.com\/ru\/wp-json\/wp\/v2\/pages\/401\/revisions\/590"}],"wp:attachment":[{"href":"https:\/\/phoenixdcc.com\/ru\/wp-json\/wp\/v2\/media?parent=401"}],"curies":[{"name":"wp","href":"https:\/\/api.w.org\/{rel}","templated":true}]}}