{"id":205,"date":"2023-04-05T15:04:05","date_gmt":"2023-04-05T12:04:05","guid":{"rendered":"https:\/\/phoenixdcc.com\/?page_id=205"},"modified":"2023-05-03T16:20:14","modified_gmt":"2023-05-03T13:20:14","slug":"cozum-ortaklarimiz","status":"publish","type":"page","link":"https:\/\/phoenixdcc.com\/ru\/cozum-ortaklarimiz\/","title":{"rendered":"\u041d\u0410\u0428\u0418 \u041f\u0410\u0420\u0422\u041d\u0415\u0420\u042b \u041f\u041e \u0420\u0415\u0428\u0415\u041d\u0418\u042f\u041c"},"content":{"rendered":"<div data-elementor-type=\"wp-page\" data-elementor-id=\"205\" class=\"elementor elementor-205\">\n\t\t\t\t\t\t\t\t\t<section class=\"elementor-section elementor-top-section elementor-element elementor-element-95852ae elementor-section-stretched tm-column-break-ipad-no tm-col-stretched-none elementor-section-boxed elementor-section-height-default elementor-section-height-default\" data-id=\"95852ae\" data-element_type=\"section\" data-settings=\"{&quot;stretch_section&quot;:&quot;section-stretched&quot;}\">\n\t\t\t\t\t\t\t<div class=\"elementor-background-overlay\"><\/div>\n\t\t\t\t\t\t\t<div class=\"elementor-container elementor-column-gap-default\">\n\t\t\t\t\t<div class=\"elementor-column elementor-col-100 elementor-top-column elementor-element elementor-element-314ebd6\" data-id=\"314ebd6\" data-element_type=\"column\" data-settings=\"{&quot;background_background&quot;:&quot;classic&quot;}\">\n\t\t\t<div class=\"elementor-widget-wrap elementor-element-populated\">\n\t\t\t\t\t<div class=\"elementor-background-overlay\"><\/div>\n\t\t\t\t\t\t\t\t<section class=\"elementor-section elementor-inner-section elementor-element elementor-element-2ffc4dc tm-column-break-ipad-no tm-col-stretched-none elementor-section-boxed elementor-section-height-default elementor-section-height-default\" data-id=\"2ffc4dc\" data-element_type=\"section\">\n\t\t\t\t\t\t<div class=\"elementor-container elementor-column-gap-default\">\n\t\t\t\t\t<div class=\"elementor-column elementor-col-50 elementor-inner-column elementor-element elementor-element-24dbdf2\" data-id=\"24dbdf2\" data-element_type=\"column\">\n\t\t\t<div class=\"elementor-widget-wrap elementor-element-populated\">\n\t\t\t\t\t\t\t\t<div class=\"elementor-element elementor-element-4a7c1f4 elementor-widget elementor-widget-image\" data-id=\"4a7c1f4\" data-element_type=\"widget\" data-widget_type=\"image.default\">\n\t\t\t\t<div class=\"elementor-widget-container\">\n\t\t\t<style>\/*! elementor - v3.12.0 - 29-03-2023 *\/\n.elementor-widget-image{text-align:center}.elementor-widget-image a{display:inline-block}.elementor-widget-image a img[src$=\".svg\"]{width:48px}.elementor-widget-image img{vertical-align:middle;display:inline-block}<\/style>\t\t\t\t\t\t\t\t\t\t\t\t<img loading=\"lazy\" decoding=\"async\" width=\"760\" height=\"739\" src=\"https:\/\/phoenixdcc.com\/wp-content\/uploads\/2023\/04\/phoenixdcc-09.png\" class=\"attachment-large size-large wp-image-235\" alt=\"\" srcset=\"https:\/\/phoenixdcc.com\/wp-content\/uploads\/2023\/04\/phoenixdcc-09.png 760w, https:\/\/phoenixdcc.com\/wp-content\/uploads\/2023\/04\/phoenixdcc-09-300x292.png 300w, https:\/\/phoenixdcc.com\/wp-content\/uploads\/2023\/04\/phoenixdcc-09-309x300.png 309w, https:\/\/phoenixdcc.com\/wp-content\/uploads\/2023\/04\/phoenixdcc-09-524x510.png 524w\" sizes=\"auto, (max-width: 760px) 100vw, 760px\" data-id=\"235\" \/>\t\t\t\t\t\t\t\t\t\t\t\t\t\t\t<\/div>\n\t\t\t\t<\/div>\n\t\t\t\t\t<\/div>\n\t\t<\/div>\n\t\t\t\t<div class=\"elementor-column elementor-col-50 elementor-inner-column elementor-element elementor-element-bdfce1a\" data-id=\"bdfce1a\" data-element_type=\"column\">\n\t\t\t<div class=\"elementor-widget-wrap elementor-element-populated\">\n\t\t\t\t\t\t\t\t<div class=\"elementor-element elementor-element-3dde030 elementor-widget elementor-widget-spacer\" data-id=\"3dde030\" data-element_type=\"widget\" data-widget_type=\"spacer.default\">\n\t\t\t\t<div class=\"elementor-widget-container\">\n\t\t\t<style>\/*! elementor - v3.12.0 - 29-03-2023 *\/\n.elementor-column .elementor-spacer-inner{height:var(--spacer-size)}.e-con{--container-widget-width:100%}.e-con-inner>.elementor-widget-spacer,.e-con>.elementor-widget-spacer{width:var(--container-widget-width,var(--spacer-size));--align-self:var(--container-widget-align-self,initial);--flex-shrink:0}.e-con-inner>.elementor-widget-spacer>.elementor-widget-container,.e-con-inner>.elementor-widget-spacer>.elementor-widget-container>.elementor-spacer,.e-con>.elementor-widget-spacer>.elementor-widget-container,.e-con>.elementor-widget-spacer>.elementor-widget-container>.elementor-spacer{height:100%}.e-con-inner>.elementor-widget-spacer>.elementor-widget-container>.elementor-spacer>.elementor-spacer-inner,.e-con>.elementor-widget-spacer>.elementor-widget-container>.elementor-spacer>.elementor-spacer-inner{height:var(--container-widget-height,var(--spacer-size))}<\/style>\t\t<div class=\"elementor-spacer\">\n\t\t\t<div class=\"elementor-spacer-inner\"><\/div>\n\t\t<\/div>\n\t\t\t\t<\/div>\n\t\t\t\t<\/div>\n\t\t\t\t<div class=\"elementor-element elementor-element-50de0b3 tm-align-left elementor-widget elementor-widget-tm_heading\" data-id=\"50de0b3\" data-element_type=\"widget\" data-widget_type=\"tm_heading.default\">\n\t\t\t\t<div class=\"elementor-widget-container\">\n\t\t\t<div class=\"tm-element-heading-content-wrapper left-align tm-reverse-heading-yes tm-seperator-solid  tm-heading-style-vertical\"><div class=\"tm-content-header\"><h2 class=\"tm-element-content-heading\">\n\t\t\t\t\u041d\u0430\u0448\u0438 \u041f\u0430\u0440\u0442\u043d\u0435\u0440\u044b \u041f\u043e \u0420\u0435\u0448\u0435\u043d\u0438\u044f\u043c\n\t\t\t<\/h2>\n\t\t<\/div><\/div>\t\t<\/div>\n\t\t\t\t<\/div>\n\t\t\t\t<div class=\"elementor-element elementor-element-b55225c elementor-widget elementor-widget-text-editor\" data-id=\"b55225c\" data-element_type=\"widget\" data-widget_type=\"text-editor.default\">\n\t\t\t\t<div class=\"elementor-widget-container\">\n\t\t\t<style>\/*! elementor - v3.12.0 - 29-03-2023 *\/\n.elementor-widget-text-editor.elementor-drop-cap-view-stacked .elementor-drop-cap{background-color:#69727d;color:#fff}.elementor-widget-text-editor.elementor-drop-cap-view-framed .elementor-drop-cap{color:#69727d;border:3px solid;background-color:transparent}.elementor-widget-text-editor:not(.elementor-drop-cap-view-default) .elementor-drop-cap{margin-top:8px}.elementor-widget-text-editor:not(.elementor-drop-cap-view-default) .elementor-drop-cap-letter{width:1em;height:1em}.elementor-widget-text-editor .elementor-drop-cap{float:left;text-align:center;line-height:1;font-size:50px}.elementor-widget-text-editor .elementor-drop-cap-letter{display:inline-block}<\/style>\t\t\t\t<blockquote><h2>\u0421 \u043d\u0430\u0448\u0438\u043c\u0438 \u043f\u0430\u0440\u0442\u043d\u0435\u0440\u0430\u043c\u0438 \u043f\u043e \u0440\u0435\u0448\u0435\u043d\u0438\u044f\u043c, \u043a\u043e\u0442\u043e\u0440\u044b\u0435 \u044f\u0432\u043b\u044f\u044e\u0442\u0441\u044f \u0432\u0435\u0434\u0443\u0449\u0438\u043c\u0438 \u0431\u0440\u0435\u043d\u0434\u0430\u043c\u0438 \u043e\u0442\u0440\u0430\u0441\u043b\u0438, \u0432 \u043a\u043e\u0442\u043e\u0440\u043e\u0439 \u043e\u043d \u0437\u0430\u043d\u0438\u043c\u0430\u0435\u0442 \u043c\u0435\u0441\u0442\u043e, \u041d\u0435\u0432\u043e\u0437\u043c\u043e\u0436\u043d\u043e - \u044d\u0442\u043e \u0432\u0441\u0435\u0433\u043e \u043b\u0438\u0448\u044c \u0441\u043b\u043e\u0432\u043e!<br \/>\u00f6nc\u00fc markalar\u0131 olan<br \/>\u00e7\u00f6z\u00fcm ortaklar\u0131m\u0131zla<br \/>\u0130mk\u00e2ns\u0131z sadece<br \/>bir s\u00f6zden ibaret!<\/h2><\/blockquote>\t\t\t\t\t\t<\/div>\n\t\t\t\t<\/div>\n\t\t\t\t\t<\/div>\n\t\t<\/div>\n\t\t\t\t\t\t\t<\/div>\n\t\t<\/section>\n\t\t\t\t<div class=\"elementor-element elementor-element-963f472 elementor-widget elementor-widget-spacer\" data-id=\"963f472\" data-element_type=\"widget\" data-widget_type=\"spacer.default\">\n\t\t\t\t<div class=\"elementor-widget-container\">\n\t\t\t\t\t<div class=\"elementor-spacer\">\n\t\t\t<div class=\"elementor-spacer-inner\"><\/div>\n\t\t<\/div>\n\t\t\t\t<\/div>\n\t\t\t\t<\/div>\n\t\t\t\t<div class=\"elementor-element elementor-element-f384bbb gallery-spacing-custom elementor-widget elementor-widget-image-gallery\" data-id=\"f384bbb\" data-element_type=\"widget\" data-widget_type=\"image-gallery.default\">\n\t\t\t\t<div class=\"elementor-widget-container\">\n\t\t\t<style>\/*! elementor - v3.12.0 - 29-03-2023 *\/\n.elementor-image-gallery .gallery-item{display:inline-block;text-align:center;vertical-align:top;width:100%;max-width:100%;margin:0 auto}.elementor-image-gallery .gallery-item img{margin:0 auto}.elementor-image-gallery .gallery-item .gallery-caption{margin:0}.elementor-image-gallery figure img{display:block}.elementor-image-gallery figure figcaption{width:100%}.gallery-spacing-custom .elementor-image-gallery .gallery-icon{padding:0}@media (min-width:768px){.elementor-image-gallery .gallery-columns-2 .gallery-item{max-width:50%}.elementor-image-gallery .gallery-columns-3 .gallery-item{max-width:33.33%}.elementor-image-gallery .gallery-columns-4 .gallery-item{max-width:25%}.elementor-image-gallery .gallery-columns-5 .gallery-item{max-width:20%}.elementor-image-gallery .gallery-columns-6 .gallery-item{max-width:16.666%}.elementor-image-gallery .gallery-columns-7 .gallery-item{max-width:14.28%}.elementor-image-gallery .gallery-columns-8 .gallery-item{max-width:12.5%}.elementor-image-gallery .gallery-columns-9 .gallery-item{max-width:11.11%}.elementor-image-gallery .gallery-columns-10 .gallery-item{max-width:10%}}@media (min-width:480px) and (max-width:767px){.elementor-image-gallery .gallery.gallery-columns-2 .gallery-item,.elementor-image-gallery .gallery.gallery-columns-3 .gallery-item,.elementor-image-gallery .gallery.gallery-columns-4 .gallery-item,.elementor-image-gallery .gallery.gallery-columns-5 .gallery-item,.elementor-image-gallery .gallery.gallery-columns-6 .gallery-item,.elementor-image-gallery .gallery.gallery-columns-7 .gallery-item,.elementor-image-gallery .gallery.gallery-columns-8 .gallery-item,.elementor-image-gallery .gallery.gallery-columns-9 .gallery-item,.elementor-image-gallery .gallery.gallery-columns-10 .gallery-item{max-width:50%}}@media (max-width:479px){.elementor-image-gallery .gallery.gallery-columns-2 .gallery-item,.elementor-image-gallery .gallery.gallery-columns-3 .gallery-item,.elementor-image-gallery .gallery.gallery-columns-4 .gallery-item,.elementor-image-gallery .gallery.gallery-columns-5 .gallery-item,.elementor-image-gallery .gallery.gallery-columns-6 .gallery-item,.elementor-image-gallery .gallery.gallery-columns-7 .gallery-item,.elementor-image-gallery .gallery.gallery-columns-8 .gallery-item,.elementor-image-gallery .gallery.gallery-columns-9 .gallery-item,.elementor-image-gallery .gallery.gallery-columns-10 .gallery-item{max-width:100%}}<\/style>\t\t<div class=\"elementor-image-gallery\">\n\t\t\t<div id='gallery-1' class='gallery galleryid-205 gallery-columns-5 gallery-size-full'><figure class='gallery-item'>\n\t\t\t<div class='gallery-icon landscape'>\n\t\t\t\t<a data-elementor-open-lightbox=\"yes\" data-elementor-lightbox-slideshow=\"f384bbb\" data-elementor-lightbox-title=\"k2\" data-e-action-hash=\"#elementor-action%3Aaction%3Dlightbox%26settings%3DeyJpZCI6MjE5LCJ1cmwiOiJodHRwczpcL1wvcGhvZW5peGRjYy5jb21cL3dwLWNvbnRlbnRcL3VwbG9hZHNcLzIwMjNcLzA0XC9rMi5wbmciLCJzbGlkZXNob3ciOiJmMzg0YmJiIn0%3D\" href='https:\/\/phoenixdcc.com\/wp-content\/uploads\/2023\/04\/k2.png'><img loading=\"lazy\" decoding=\"async\" width=\"399\" height=\"165\" src=\"https:\/\/phoenixdcc.com\/wp-content\/uploads\/2023\/04\/k2.png\" class=\"attachment-full size-full\" alt=\"\" srcset=\"https:\/\/phoenixdcc.com\/wp-content\/uploads\/2023\/04\/k2.png 399w, https:\/\/phoenixdcc.com\/wp-content\/uploads\/2023\/04\/k2-300x124.png 300w\" sizes=\"auto, (max-width: 399px) 100vw, 399px\" data-id=\"219\" \/><\/a>\n\t\t\t<\/div><\/figure><figure class='gallery-item'>\n\t\t\t<div class='gallery-icon landscape'>\n\t\t\t\t<a data-elementor-open-lightbox=\"yes\" data-elementor-lightbox-slideshow=\"f384bbb\" data-elementor-lightbox-title=\"avrasya\" data-e-action-hash=\"#elementor-action%3Aaction%3Dlightbox%26settings%3DeyJpZCI6MjE4LCJ1cmwiOiJodHRwczpcL1wvcGhvZW5peGRjYy5jb21cL3dwLWNvbnRlbnRcL3VwbG9hZHNcLzIwMjNcLzA0XC9hdnJhc3lhLnBuZyIsInNsaWRlc2hvdyI6ImYzODRiYmIifQ%3D%3D\" href='https:\/\/phoenixdcc.com\/wp-content\/uploads\/2023\/04\/avrasya.png'><img loading=\"lazy\" decoding=\"async\" width=\"399\" height=\"165\" src=\"https:\/\/phoenixdcc.com\/wp-content\/uploads\/2023\/04\/avrasya.png\" class=\"attachment-full size-full\" alt=\"\" srcset=\"https:\/\/phoenixdcc.com\/wp-content\/uploads\/2023\/04\/avrasya.png 399w, https:\/\/phoenixdcc.com\/wp-content\/uploads\/2023\/04\/avrasya-300x124.png 300w\" sizes=\"auto, (max-width: 399px) 100vw, 399px\" data-id=\"218\" \/><\/a>\n\t\t\t<\/div><\/figure><figure class='gallery-item'>\n\t\t\t<div class='gallery-icon landscape'>\n\t\t\t\t<a data-elementor-open-lightbox=\"yes\" data-elementor-lightbox-slideshow=\"f384bbb\" data-elementor-lightbox-title=\"inovasya\" data-e-action-hash=\"#elementor-action%3Aaction%3Dlightbox%26settings%3DeyJpZCI6MjE3LCJ1cmwiOiJodHRwczpcL1wvcGhvZW5peGRjYy5jb21cL3dwLWNvbnRlbnRcL3VwbG9hZHNcLzIwMjNcLzA0XC9pbm92YXN5YS5wbmciLCJzbGlkZXNob3ciOiJmMzg0YmJiIn0%3D\" href='https:\/\/phoenixdcc.com\/wp-content\/uploads\/2023\/04\/inovasya.png'><img loading=\"lazy\" decoding=\"async\" width=\"399\" height=\"165\" src=\"https:\/\/phoenixdcc.com\/wp-content\/uploads\/2023\/04\/inovasya.png\" class=\"attachment-full size-full\" alt=\"\" srcset=\"https:\/\/phoenixdcc.com\/wp-content\/uploads\/2023\/04\/inovasya.png 399w, https:\/\/phoenixdcc.com\/wp-content\/uploads\/2023\/04\/inovasya-300x124.png 300w\" sizes=\"auto, (max-width: 399px) 100vw, 399px\" data-id=\"217\" \/><\/a>\n\t\t\t<\/div><\/figure><figure class='gallery-item'>\n\t\t\t<div class='gallery-icon landscape'>\n\t\t\t\t<a data-elementor-open-lightbox=\"yes\" data-elementor-lightbox-slideshow=\"f384bbb\" data-elementor-lightbox-title=\"nihat esgi\" data-e-action-hash=\"#elementor-action%3Aaction%3Dlightbox%26settings%3DeyJpZCI6MjE2LCJ1cmwiOiJodHRwczpcL1wvcGhvZW5peGRjYy5jb21cL3dwLWNvbnRlbnRcL3VwbG9hZHNcLzIwMjNcLzA0XC9uaWhhdC1lc2dpLnBuZyIsInNsaWRlc2hvdyI6ImYzODRiYmIifQ%3D%3D\" href='https:\/\/phoenixdcc.com\/wp-content\/uploads\/2023\/04\/nihat-esgi.png'><img loading=\"lazy\" decoding=\"async\" width=\"399\" height=\"165\" src=\"https:\/\/phoenixdcc.com\/wp-content\/uploads\/2023\/04\/nihat-esgi.png\" class=\"attachment-full size-full\" alt=\"\" srcset=\"https:\/\/phoenixdcc.com\/wp-content\/uploads\/2023\/04\/nihat-esgi.png 399w, https:\/\/phoenixdcc.com\/wp-content\/uploads\/2023\/04\/nihat-esgi-300x124.png 300w\" sizes=\"auto, (max-width: 399px) 100vw, 399px\" data-id=\"216\" \/><\/a>\n\t\t\t<\/div><\/figure><figure class='gallery-item'>\n\t\t\t<div class='gallery-icon landscape'>\n\t\t\t\t<a data-elementor-open-lightbox=\"yes\" data-elementor-lightbox-slideshow=\"f384bbb\" data-elementor-lightbox-title=\"BKm\" data-e-action-hash=\"#elementor-action%3Aaction%3Dlightbox%26settings%3DeyJpZCI6MjE1LCJ1cmwiOiJodHRwczpcL1wvcGhvZW5peGRjYy5jb21cL3dwLWNvbnRlbnRcL3VwbG9hZHNcLzIwMjNcLzA0XC9CS20ucG5nIiwic2xpZGVzaG93IjoiZjM4NGJiYiJ9\" href='https:\/\/phoenixdcc.com\/wp-content\/uploads\/2023\/04\/BKm.png'><img loading=\"lazy\" decoding=\"async\" width=\"399\" height=\"165\" src=\"https:\/\/phoenixdcc.com\/wp-content\/uploads\/2023\/04\/BKm.png\" class=\"attachment-full size-full\" alt=\"\" srcset=\"https:\/\/phoenixdcc.com\/wp-content\/uploads\/2023\/04\/BKm.png 399w, https:\/\/phoenixdcc.com\/wp-content\/uploads\/2023\/04\/BKm-300x124.png 300w\" sizes=\"auto, (max-width: 399px) 100vw, 399px\" data-id=\"215\" \/><\/a>\n\t\t\t<\/div><\/figure>\n\t\t<\/div>\n\t\t<\/div>\n\t\t\t\t<\/div>\n\t\t\t\t<\/div>\n\t\t\t\t\t<\/div>\n\t\t<\/div>\n\t\t\t\t\t\t\t<\/div>\n\t\t<\/section>\n\t\t\t\t\t\t\t<\/div>","protected":false},"excerpt":{"rendered":"<p>\u00c7\u00f6z\u00fcm Ortaklar\u0131m\u0131z Bulundu\u011fu sekt\u00f6r\u00fcn\u00f6nc\u00fc markalar\u0131 olan\u00e7\u00f6z\u00fcm ortaklar\u0131m\u0131zla\u0130mk\u00e2ns\u0131z sadecebir s\u00f6zden ibaret!<\/p>","protected":false},"author":1,"featured_media":0,"parent":0,"menu_order":0,"comment_status":"closed","ping_status":"closed","template":"","meta":{"footnotes":""},"class_list":["post-205","page","type-page","status-publish","hentry"],"_links":{"self":[{"href":"https:\/\/phoenixdcc.com\/ru\/wp-json\/wp\/v2\/pages\/205","targetHints":{"allow":["GET"]}}],"collection":[{"href":"https:\/\/phoenixdcc.com\/ru\/wp-json\/wp\/v2\/pages"}],"about":[{"href":"https:\/\/phoenixdcc.com\/ru\/wp-json\/wp\/v2\/types\/page"}],"author":[{"embeddable":true,"href":"https:\/\/phoenixdcc.com\/ru\/wp-json\/wp\/v2\/users\/1"}],"replies":[{"embeddable":true,"href":"https:\/\/phoenixdcc.com\/ru\/wp-json\/wp\/v2\/comments?post=205"}],"version-history":[{"count":29,"href":"https:\/\/phoenixdcc.com\/ru\/wp-json\/wp\/v2\/pages\/205\/revisions"}],"predecessor-version":[{"id":584,"href":"https:\/\/phoenixdcc.com\/ru\/wp-json\/wp\/v2\/pages\/205\/revisions\/584"}],"wp:attachment":[{"href":"https:\/\/phoenixdcc.com\/ru\/wp-json\/wp\/v2\/media?parent=205"}],"curies":[{"name":"wp","href":"https:\/\/api.w.org\/{rel}","templated":true}]}}