{"id":111,"date":"2023-04-01T09:46:15","date_gmt":"2023-04-01T06:46:15","guid":{"rendered":"https:\/\/phoenixdcc.com\/?page_id=111"},"modified":"2023-04-01T15:28:10","modified_gmt":"2023-04-01T12:28:10","slug":"reklam-yazilim","status":"publish","type":"page","link":"https:\/\/phoenixdcc.com\/ru\/reklam-yazilim\/","title":{"rendered":"\u0420\u0415\u041a\u041b\u0410\u041c\u0410 -  \u041f\u0420\u041e\u0413\u0420\u0410\u041c\u041c\u041d\u041e\u0415 \u041e\u0411\u0415\u0421\u041f\u0415\u0427\u0415\u041d\u0418\u0415"},"content":{"rendered":"<div data-elementor-type=\"wp-page\" data-elementor-id=\"111\" class=\"elementor elementor-111\">\n\t\t\t\t\t\t\t\t\t<section class=\"elementor-section elementor-top-section elementor-element elementor-element-e1d85ff elementor-section-stretched tm-column-break-ipad-no tm-col-stretched-none elementor-section-boxed elementor-section-height-default elementor-section-height-default\" data-id=\"e1d85ff\" data-element_type=\"section\" data-settings=\"{&quot;stretch_section&quot;:&quot;section-stretched&quot;}\">\n\t\t\t\t\t\t\t<div class=\"elementor-background-overlay\"><\/div>\n\t\t\t\t\t\t\t<div class=\"elementor-container elementor-column-gap-default\">\n\t\t\t\t\t<div class=\"elementor-column elementor-col-100 elementor-top-column elementor-element elementor-element-77532e0\" data-id=\"77532e0\" data-element_type=\"column\" data-settings=\"{&quot;background_background&quot;:&quot;classic&quot;}\">\n\t\t\t<div class=\"elementor-widget-wrap elementor-element-populated\">\n\t\t\t\t\t<div class=\"elementor-background-overlay\"><\/div>\n\t\t\t\t\t\t\t\t<section class=\"elementor-section elementor-inner-section elementor-element elementor-element-afe97e4 tm-column-break-ipad-no tm-col-stretched-none elementor-section-boxed elementor-section-height-default elementor-section-height-default\" data-id=\"afe97e4\" data-element_type=\"section\">\n\t\t\t\t\t\t<div class=\"elementor-container elementor-column-gap-default\">\n\t\t\t\t\t<div class=\"elementor-column elementor-col-50 elementor-inner-column elementor-element elementor-element-32d677b\" data-id=\"32d677b\" data-element_type=\"column\">\n\t\t\t<div class=\"elementor-widget-wrap elementor-element-populated\">\n\t\t\t\t\t\t\t\t<div class=\"elementor-element elementor-element-9e0e1ba elementor-widget elementor-widget-image\" data-id=\"9e0e1ba\" data-element_type=\"widget\" data-widget_type=\"image.default\">\n\t\t\t\t<div class=\"elementor-widget-container\">\n\t\t\t<style>\/*! elementor - v3.12.0 - 29-03-2023 *\/\n.elementor-widget-image{text-align:center}.elementor-widget-image a{display:inline-block}.elementor-widget-image a img[src$=\".svg\"]{width:48px}.elementor-widget-image img{vertical-align:middle;display:inline-block}<\/style>\t\t\t\t\t\t\t\t\t\t\t\t<img loading=\"lazy\" decoding=\"async\" width=\"760\" height=\"739\" src=\"https:\/\/phoenixdcc.com\/wp-content\/uploads\/2023\/04\/phoenixdcc-07.png\" class=\"attachment-large size-large wp-image-181\" alt=\"\" srcset=\"https:\/\/phoenixdcc.com\/wp-content\/uploads\/2023\/04\/phoenixdcc-07.png 760w, https:\/\/phoenixdcc.com\/wp-content\/uploads\/2023\/04\/phoenixdcc-07-300x292.png 300w, https:\/\/phoenixdcc.com\/wp-content\/uploads\/2023\/04\/phoenixdcc-07-309x300.png 309w, https:\/\/phoenixdcc.com\/wp-content\/uploads\/2023\/04\/phoenixdcc-07-524x510.png 524w\" sizes=\"auto, (max-width: 760px) 100vw, 760px\" data-id=\"181\" \/>\t\t\t\t\t\t\t\t\t\t\t\t\t\t\t<\/div>\n\t\t\t\t<\/div>\n\t\t\t\t\t<\/div>\n\t\t<\/div>\n\t\t\t\t<div class=\"elementor-column elementor-col-50 elementor-inner-column elementor-element elementor-element-e4e6a9c\" data-id=\"e4e6a9c\" data-element_type=\"column\">\n\t\t\t<div class=\"elementor-widget-wrap elementor-element-populated\">\n\t\t\t\t\t\t\t\t<div class=\"elementor-element elementor-element-23a8264 tm-align-left elementor-widget elementor-widget-tm_heading\" data-id=\"23a8264\" data-element_type=\"widget\" data-widget_type=\"tm_heading.default\">\n\t\t\t\t<div class=\"elementor-widget-container\">\n\t\t\t<div class=\"tm-element-heading-content-wrapper left-align tm-reverse-heading-yes tm-seperator-solid  tm-heading-style-vertical\"><div class=\"tm-content-header\"><h4 class=\"tm-element-subheading\">\n\t\t\t\tD\u00fcnya elinizin alt\u0131nda\u2026\n\t\t\t<\/h4>\n\t\t<h2 class=\"tm-element-content-heading\">\n\t\t\t\t\u0420\u0415\u041a\u041b\u0410\u041c\u0410 -  \u041f\u0420\u041e\u0413\u0420\u0410\u041c\u041c\u041d\u041e\u0415 \u041e\u0411\u0415\u0421\u041f\u0415\u0427\u0415\u041d\u0418\u0415\n\t\t\t<\/h2>\n\t\t<\/div><\/div>\t\t<\/div>\n\t\t\t\t<\/div>\n\t\t\t\t<div class=\"elementor-element elementor-element-a5af969 elementor-widget elementor-widget-text-editor\" data-id=\"a5af969\" data-element_type=\"widget\" data-widget_type=\"text-editor.default\">\n\t\t\t\t<div class=\"elementor-widget-container\">\n\t\t\t<style>\/*! elementor - v3.12.0 - 29-03-2023 *\/\n.elementor-widget-text-editor.elementor-drop-cap-view-stacked .elementor-drop-cap{background-color:#69727d;color:#fff}.elementor-widget-text-editor.elementor-drop-cap-view-framed .elementor-drop-cap{color:#69727d;border:3px solid;background-color:transparent}.elementor-widget-text-editor:not(.elementor-drop-cap-view-default) .elementor-drop-cap{margin-top:8px}.elementor-widget-text-editor:not(.elementor-drop-cap-view-default) .elementor-drop-cap-letter{width:1em;height:1em}.elementor-widget-text-editor .elementor-drop-cap{float:left;text-align:center;line-height:1;font-size:50px}.elementor-widget-text-editor .elementor-drop-cap-letter{display:inline-block}<\/style>\t\t\t\t<p>\u0421\u043b\u0443\u0436\u0431\u0430 \u0440\u0435\u043a\u043b\u0430\u043c\u044b\n\u041c\u044b \u0437\u0430\u043a\u043b\u0430\u0434\u044b\u0432\u0430\u0435\u043c \u0441\u0435\u043c\u0435\u043d\u0430 \u0434\u043b\u044f \u043c\u043e\u0449\u043d\u043e\u0433\u043e \u043f\u0440\u043e\u0446\u0435\u0441\u0441\u0430 \u0431\u0440\u044d\u043d\u0434\u0438\u043d\u0433\u0430 \u0441 \u043f\u043e\u043c\u043e\u0449\u044c\u044e \u043f\u0438\u0441\u044c\u043c\u0435\u043d\u043d\u043e\u0433\u043e, \u0432\u0438\u0437\u0443\u0430\u043b\u044c\u043d\u043e\u0433\u043e \u0438 \u0432\u0438\u0434\u0435\u043e \u043a\u043e\u043d\u0442\u0435\u043d\u0442\u0430, \u043a\u043e\u0442\u043e\u0440\u044b\u0439 \u043e\u0431\u0435\u0441\u043f\u0435\u0447\u0438\u0442 \u0443\u0441\u043f\u0435\u0445 \u043d\u0430 \u0446\u0438\u0444\u0440\u043e\u0432\u044b\u0445 \u0438 \u0442\u0440\u0430\u0434\u0438\u0446\u0438\u043e\u043d\u043d\u044b\u0445 \u043c\u0435\u0434\u0438\u0430 - \u043a\u0430\u043d\u0430\u043b\u0430\u0445, \u0438 \u043f\u043e\u0432\u044b\u0448\u0430\u0435\u043c \u043e\u0441\u0432\u0435\u0434\u043e\u043c\u043b\u0435\u043d\u043d\u043e\u0441\u0442\u044c \u043e \u0432\u0430\u0448\u0438\u0445 \u0443\u0441\u043b\u0443\u0433\u0430\u0445, \u043f\u0440\u043e\u0434\u0443\u043a\u0446\u0438\u0438 \u0438 \u043f\u0440\u043e\u0435\u043a\u0442\u0430\u0445 \u0431\u043b\u0430\u0433\u043e\u0434\u0430\u0440\u044f \u043a\u043e\u043c\u043f\u043b\u0435\u043a\u0441\u043d\u044b\u043c \u0440\u0435\u0448\u0435\u043d\u0438\u044f\u043c, \u043a\u043e\u0442\u043e\u0440\u044b\u0435 \u043f\u0440\u0435\u0434\u043b\u0430\u0433\u0430\u0435\u043c. \u0421 \u043d\u0430\u0448\u0435\u0439 \u043f\u0440\u043e\u0444\u0435\u0441\u0441\u0438\u043e\u043d\u0430\u043b\u044c\u043d\u043e\u0439 \u0440\u0435\u043a\u043b\u0430\u043c\u043d\u043e\u0439 \u043a\u043e\u043c\u0430\u043d\u0434\u043e\u0439 \u043c\u044b \u043f\u0440\u0435\u0434\u043b\u0430\u0433\u0430\u0435\u043c 3600 \u043a\u043e\u043c\u043c\u0443\u043d\u0438\u043a\u0430\u0446\u0438\u043e\u043d\u043d\u044b\u0445 \u0441\u0442\u0440\u0430\u0442\u0435\u0433\u0438\u0439, \u043a\u043e\u0442\u043e\u0440\u044b\u0435 \u043f\u043e\u0432\u044b\u0441\u044f\u0442 \u0432\u0430\u0448\u0443 \u043e\u0441\u0432\u0435\u0434\u043e\u043c\u043b\u0435\u043d\u043d\u043e\u0441\u0442\u044c, \u043a\u0430\u043a \u0438 \u043e\u0431\u0435\u0441\u043f\u0435\u0447\u0438\u0432\u0430\u0435\u043c \u0432\u0430\u043c \u043f\u0440\u043e\u0444\u0435\u0441\u0441\u0438\u043e\u043d\u0430\u043b\u044c\u043d\u044b\u0435 \u0443\u0441\u043b\u0443\u0433\u0438, \u0438\u0433\u0440\u0430\u044e\u0449\u0438\u0435 \u0430\u043a\u0442\u0438\u0432\u043d\u0443\u044e \u0440\u043e\u043b\u044c \u0432\u043e \u0432\u0441\u0435\u0445 \u043a\u043e\u043c\u043c\u0443\u043d\u0438\u043a\u0430\u0446\u0438\u043e\u043d\u043d\u044b\u0445 \u0434\u0435\u044f\u0442\u0435\u043b\u044c\u043d\u043e\u0441\u0442\u0435\u0439 \u0432\u0430\u0448\u0435\u0433\u043e \u0431\u0440\u0435\u043d\u0434\u0430. \u041e\u043f\u0438\u0441\u0430\u0442\u0435\u043b\u044c\u043d\u044b\u0435<\/p><p>\u0438 \u0440\u0435\u043a\u043b\u0430\u043c\u043d\u044b\u0435 \u0444\u0438\u043b\u044c\u043c\u044b:\u041f\u0440\u043e\u0434\u0432\u0438\u0433\u0430\u0439\u0442\u0435 \u0441\u0432\u043e\u0439 \u0431\u0440\u0435\u043d\u0434 \u043d\u0430 \u043f\u0435\u0440\u0435\u0434\u043d\u0438\u0439 \u043f\u043b\u0430\u043d \u0438 \u0432\u043d\u043e\u0441\u0438\u0442\u0435 \u0441\u0432\u043e\u0439 \u0432\u043a\u043b\u0430\u0434 \u0432 \u044d\u0442\u043e\u043c \u0441\u0435\u043a\u0442\u043e\u0440\u0435 \u0431\u043b\u0430\u0433\u043e\u0434\u0430\u0440\u044f \u043a\u043e\u043d\u0442\u0435\u043d\u0442\u0443, \u043a\u043e\u0442\u043e\u0440\u044b\u0439 \u043c\u044b \u0441\u043e\u0437\u0434\u0430\u043b\u0438 \u0441 \u043f\u043e\u043c\u043e\u0449\u044c\u044e \u043a\u0440\u0435\u0430\u0442\u0438\u0432\u043d\u044b\u0445 \u0441\u0446\u0435\u043d\u0430\u0440\u0438\u0435\u0432 \u0438 \u043f\u0440\u043e\u0444\u0435\u0441\u0441\u0438\u043e\u043d\u0430\u043b\u044c\u043d\u044b\u0445 \u043a\u0430\u0434\u0440\u043e\u0432. \u041a\u043e\u043c\u043c\u0443\u043d\u0438\u043a\u0430\u0446\u0438\u043e\u043d\u043d\u044b\u0435 \u0441\u0442\u0440\u0430\u0442\u0435\u0433\u0438\u0438: \u0412\u044b\u0434\u0435\u043b\u0438\u0442\u0435\u0441\u044c \u0441\u0440\u0435\u0434\u0438 \u043a\u043e\u043d\u043a\u0443\u0440\u0435\u043d\u0442\u043e\u0432 \u0441 \u043f\u043e\u043c\u043e\u0449\u044c\u044e \u043d\u0430\u0448\u0435\u0439 \u0441\u043b\u0443\u0436\u0431\u044b \u0444\u0438\u0440\u043c\u0435\u043d<\/p><p>\u043d\u043e\u0433\u043e \u0441\u0442\u0438\u043b\u044f, \u043f\u043e\u0437\u0438\u0446\u0438\u043e\u043d\u0438\u0440\u043e\u0432\u0430\u043d\u0438\u044f \u0431\u0440\u0435\u043d\u0434\u0430, \u0443\u043f\u0440\u0430\u0432\u043b\u0435\u043d\u0438\u044f \u0438\u043c\u0438\u0434\u0436\u0435\u043c \u0431\u0440\u0435\u043d\u0434\u0430, \u043c\u0430\u0440\u043a\u0435\u0442\u0438\u043d\u0433\u043e\u0432\u044b\u0445 \u043a\u043e\u043c\u043c\u0443\u043d\u0438\u043a\u0430\u0446\u0438\u0439, \u0446\u0438\u0444\u0440\u043e\u0432\u043e\u0439 \u0441\u0442\u0440\u0430\u0442\u0435\u0433\u0438\u0438, \u0430\u043d\u0430\u043b\u0438\u0437\u0430 \u0446\u0435\u043b\u0435\u0432\u043e\u0439 \u0430\u0443\u0434\u0438\u0442\u043e\u0440\u0438\u0438, \u0430\u043d\u0430\u043b\u0438\u0437\u0430 \u0438 \u043e\u0442\u0447\u0435\u0442\u043d\u043e\u0441\u0442\u0438. \n\u0423\u0441\u043b\u0443\u0433\u0438 \u043f\u043e \u0440\u0430\u0437\u0440\u0430\u0431\u043e\u0442\u043a\u0435 \u043f\u0440\u043e\u0433\u0440\u0430\u043c\u043c\u043d\u043e\u0433\u043e<\/p><p><b>\u043e\u0431\u0435\u0441\u043f\u0435\u0447\u0435\u043d\u0438\u044f<\/b><\/p><p>\u041f\u043e\u0434\u043d\u0438\u043c\u0438\u0442\u0435\u0441\u044c \u0441 \u043f\u043e\u043c\u043e\u0449\u044c\u044e \u0442\u0435\u0445\u043d\u043e\u043b\u043e\u0433\u0438\u0439, \u0443\u043a\u0440\u0435\u043f\u0438\u0442\u0435 \u0441\u0432\u043e\u0439 \u0431\u0440\u0435\u043d\u0434\u2026<\/p><p>\u0411\u043e\u043b\u0435\u0435 20 \u043b\u0435\u0442 \u043c\u044b \u043f\u0440\u0435\u0434\u043e\u0441\u0442\u0430\u0432\u043b\u044f\u0435\u043c \u043f\u0440\u043e\u0433\u0440\u0430\u043c\u043c\u043d\u044b\u0435 \u0440\u0435\u0448\u0435\u043d\u0438\u044f \u043c\u0435\u0436\u0434\u0443\u043d\u0430\u0440\u043e\u0434\u043d\u044b\u043c \u043a\u043e\u043c\u043f\u0430\u043d\u0438\u044f\u043c \u0438 \u0431\u0440\u0435\u043d\u0434\u0430\u043c, \u043a\u043e\u0442\u043e\u0440\u044b\u0435 \u044f\u0432\u043b\u044f\u044e\u0442\u0441\u044f \u0444\u043b\u0430\u0433\u043c\u0430\u043d\u0430\u043c\u0438 \u044d\u043d\u0435\u0440\u0433\u0435\u0442\u0438\u0447\u0435\u0441\u043a\u043e\u0433\u043e \u0440\u044b\u043d\u043a\u0430, \u043f\u0440\u0435\u0434\u043e\u0441\u0442\u0430\u0432\u043b\u044f\u044f \u0438\u043c \u0432\u0441\u0435 \u0432\u043e\u0437\u043c\u043e\u0436\u043d\u043e\u0441\u0442\u0438 \u0434\u043e\u043c\u0438\u043d\u0438\u0440\u043e\u0432\u0430\u0442\u044c \u0432 \u0431\u0443\u0434\u0443\u0449\u0435\u043c \u0441 \u043f\u0440\u0435\u0434\u043e\u0441\u0442\u0430\u0432\u043b\u0435\u043d\u043d\u044b\u043c\u0438 \u0432\u043e\u0437\u043c\u043e\u0436\u043d\u043e\u0441\u0442\u044f\u043c\u0438 \u043d\u0430 \u0442\u0435\u0445\u043d\u043e\u043b\u043e\u0433\u0438\u0438. \u041c\u044b \u043c\u0430\u043a\u0441\u0438\u043c\u0430\u043b\u044c\u043d\u043e \u0431\u044b\u0441\u0442\u0440\u043e \u0438 \u043a\u0430\u0447\u0435\u0441\u0442\u0432\u0435\u043d\u043d\u043e \u0438\u043d\u0442\u0435\u0433\u0440\u0438\u0440\u0443\u0435\u043c \u043d\u0435\u043e\u0431\u0445\u043e\u0434\u0438\u043c\u044b\u0435 \u043a\u043e\u043c\u043f\u043e\u043d\u0435\u043d\u0442\u044b \u0432 \u0432\u0430\u0448 \u0431\u0438\u0437\u043d\u0435\u0441, \u043f\u0440\u043e\u0444\u0435\u0441\u0441\u0438\u043e\u043d\u0430\u043b\u044c\u043d\u043e \u0443\u043f\u0440\u0430\u0432\u043b\u044f\u044f \u043f\u0440\u043e\u0446\u0435\u0441\u0441\u043e\u043c \u0442\u0435\u0445\u043d\u043e\u043b\u043e\u0433\u0438\u0447\u0435\u0441\u043a\u043e\u0439 \u0442\u0440\u0430\u043d\u0441\u0444\u043e\u0440\u043c\u0430\u0446\u0438\u0438, \u043a\u043e\u0442\u043e\u0440\u043e\u043c\u0443 \u043c\u0438\u0440\u043e\u0432\u044b\u0435 \u043a\u043e\u043c\u043f\u0430\u043d\u0438\u0438 \u043f\u0440\u0438\u0434\u0430\u044e\u0442 \u0431\u043e\u043b\u044c\u0448\u043e\u0435 \u0437\u043d\u0430\u0447\u0435\u043d\u0438\u0435. \u041c\u044b \u0441\u0442\u0430\u0440\u0430\u0435\u043c\u0441\u044f, \u0447\u0442\u043e\u0431\u044b \u0432\u044b \u0441\u0442\u0430\u043b\u0438 \u043c\u0438\u0440\u043e\u0432\u044b\u043c \u0431\u0440\u0435\u043d\u0434\u043e\u043c, \u043f\u0440\u0435\u0434\u043b\u0430\u0433\u0430\u044f \u0434\u0438\u0437\u0430\u0439\u043d \u0432\u0435\u0431-\u0441\u0430\u0439\u0442\u043e\u0432, \u043f\u0440\u0438\u043b\u043e\u0436\u0435\u043d\u0438\u044f \u0434\u043b\u044f \u0442\u0435\u043b\u0435\u0444\u043e\u043d\u043e\u0432 \u0438 \u043f\u043e\u0434\u0440\u043e\u0431\u043d\u044b\u0435 \u0438\u0441\u0441\u043b\u0435\u0434\u043e\u0432\u0430\u043d\u0438\u044f \u0438 \u0440\u0430\u0437\u0440\u0430\u0431\u043e\u0442\u043a\u0438 \u043f\u0440\u043e\u0433\u0440\u0430\u043c\u043c\u043d\u043e\u0433\u043e \u043e\u0431\u0435\u0441\u043f\u0435\u0447\u0435\u043d\u0438\u044f. \u0421 \u043f\u043e\u0434\u0433\u043e\u0442\u043e\u0432\u043b\u0435\u043d\u043d\u044b\u043c \u043d\u0430\u043c\u0438 \u043e\u0440\u0438\u0433\u0438\u043d\u0430\u043b\u044c\u043d\u044b\u043c \u043f\u0440\u043e\u0433\u0440\u0430\u043c\u043c\u043d\u044b\u043c \u043e\u0431\u0435\u0441\u043f\u0435\u0447\u0435\u043d\u0438\u0435\u043c \u043f\u0440\u0435\u0434\u043b\u0430\u0433\u0430\u0435\u043c \u0432\u0430\u043c \u0443\u0441\u043b\u0443\u0433\u0438, \u043a\u043e\u0442\u043e\u0440\u044b\u0435 \u043d\u0430 100% \u0441\u043e\u043e\u0442\u0432\u0435\u0442\u0441\u0442\u0432\u0443\u044e\u0442 \u0432\u0430\u0448\u0438\u043c \u043f\u043e\u0442\u0440\u0435\u0431\u043d\u043e\u0441\u0442\u044f\u043c,<\/p>\t\t\t\t\t\t<\/div>\n\t\t\t\t<\/div>\n\t\t\t\t\t<\/div>\n\t\t<\/div>\n\t\t\t\t\t\t\t<\/div>\n\t\t<\/section>\n\t\t\t\t\t<\/div>\n\t\t<\/div>\n\t\t\t\t\t\t\t<\/div>\n\t\t<\/section>\n\t\t\t\t\t\t\t<\/div>","protected":false},"excerpt":{"rendered":"<p>D\u00fcnya elinizin alt\u0131nda\u2026 REKLAM-YAZILIM Profesyonel reklam ekibimizle bilinirli\u011finizi art\u0131racak 3600 ileti\u015fim stratejileri sunuyor, markan\u0131z\u0131n t\u00fcm ileti\u015fim faaliyetlerinde etkin rol oynayan profesyonel hizmetler vererek zirveye ula\u015fman\u0131z\u0131 sa\u011fl\u0131yoruz. Dijital ve geleneksel medya kanallar\u0131nda ba\u015far\u0131 sa\u011flayacak yaz\u0131l\u0131-g\u00f6rsel-video i\u00e7eriklerle g\u00fc\u00e7l\u00fc bir markalama s\u00fcrecinin tohumlar\u0131n\u0131 at\u0131yor, sundu\u011fumuz kapsaml\u0131 \u00e7\u00f6z\u00fcmler sayesinde hizmet, \u00fcr\u00fcn ve projelerinizin bilinirli\u011fini art\u0131r\u0131yoruz. Tan\u0131t\u0131m ve Reklam Filmleri: &hellip; <a href=\"https:\/\/phoenixdcc.com\/ru\/reklam-yazilim\/\" class=\"more-link\">Continue reading <span class=\"screen-reader-text\">\u0420\u0415\u041a\u041b\u0410\u041c\u0410 -  \u041f\u0420\u041e\u0413\u0420\u0410\u041c\u041c\u041d\u041e\u0415 \u041e\u0411\u0415\u0421\u041f\u0415\u0427\u0415\u041d\u0418\u0415<\/span><\/a><\/p>","protected":false},"author":1,"featured_media":0,"parent":0,"menu_order":0,"comment_status":"closed","ping_status":"closed","template":"","meta":{"footnotes":""},"class_list":["post-111","page","type-page","status-publish","hentry"],"_links":{"self":[{"href":"https:\/\/phoenixdcc.com\/ru\/wp-json\/wp\/v2\/pages\/111","targetHints":{"allow":["GET"]}}],"collection":[{"href":"https:\/\/phoenixdcc.com\/ru\/wp-json\/wp\/v2\/pages"}],"about":[{"href":"https:\/\/phoenixdcc.com\/ru\/wp-json\/wp\/v2\/types\/page"}],"author":[{"embeddable":true,"href":"https:\/\/phoenixdcc.com\/ru\/wp-json\/wp\/v2\/users\/1"}],"replies":[{"embeddable":true,"href":"https:\/\/phoenixdcc.com\/ru\/wp-json\/wp\/v2\/comments?post=111"}],"version-history":[{"count":4,"href":"https:\/\/phoenixdcc.com\/ru\/wp-json\/wp\/v2\/pages\/111\/revisions"}],"predecessor-version":[{"id":184,"href":"https:\/\/phoenixdcc.com\/ru\/wp-json\/wp\/v2\/pages\/111\/revisions\/184"}],"wp:attachment":[{"href":"https:\/\/phoenixdcc.com\/ru\/wp-json\/wp\/v2\/media?parent=111"}],"curies":[{"name":"wp","href":"https:\/\/api.w.org\/{rel}","templated":true}]}}