{"id":108,"date":"2023-04-01T09:45:44","date_gmt":"2023-04-01T06:45:44","guid":{"rendered":"https:\/\/phoenixdcc.com\/?page_id=108"},"modified":"2023-05-03T16:34:01","modified_gmt":"2023-05-03T13:34:01","slug":"proje","status":"publish","type":"page","link":"https:\/\/phoenixdcc.com\/ru\/proje\/","title":{"rendered":"\u0414\u0418\u0417\u0410\u0419\u041d"},"content":{"rendered":"<div data-elementor-type=\"wp-page\" data-elementor-id=\"108\" class=\"elementor elementor-108\">\n\t\t\t\t\t\t\t\t\t<section class=\"elementor-section elementor-top-section elementor-element elementor-element-9702dd2 elementor-section-stretched tm-column-break-ipad-no tm-col-stretched-none elementor-section-boxed elementor-section-height-default elementor-section-height-default\" data-id=\"9702dd2\" data-element_type=\"section\" data-settings=\"{&quot;stretch_section&quot;:&quot;section-stretched&quot;}\">\n\t\t\t\t\t\t\t<div class=\"elementor-background-overlay\"><\/div>\n\t\t\t\t\t\t\t<div class=\"elementor-container elementor-column-gap-default\">\n\t\t\t\t\t<div class=\"elementor-column elementor-col-100 elementor-top-column elementor-element elementor-element-9f92bb7\" data-id=\"9f92bb7\" data-element_type=\"column\" data-settings=\"{&quot;background_background&quot;:&quot;classic&quot;}\">\n\t\t\t<div class=\"elementor-widget-wrap elementor-element-populated\">\n\t\t\t\t\t<div class=\"elementor-background-overlay\"><\/div>\n\t\t\t\t\t\t\t\t<section class=\"elementor-section elementor-inner-section elementor-element elementor-element-701ec7f elementor-reverse-mobile tm-column-break-ipad-no tm-col-stretched-none elementor-section-boxed elementor-section-height-default elementor-section-height-default\" data-id=\"701ec7f\" data-element_type=\"section\">\n\t\t\t\t\t\t<div class=\"elementor-container elementor-column-gap-default\">\n\t\t\t\t\t<div class=\"elementor-column elementor-col-50 elementor-inner-column elementor-element elementor-element-bc6010f\" data-id=\"bc6010f\" data-element_type=\"column\">\n\t\t\t<div class=\"elementor-widget-wrap elementor-element-populated\">\n\t\t\t\t\t\t\t\t<div class=\"elementor-element elementor-element-10e6bcb tm-align-left elementor-widget elementor-widget-tm_heading\" data-id=\"10e6bcb\" data-element_type=\"widget\" data-widget_type=\"tm_heading.default\">\n\t\t\t\t<div class=\"elementor-widget-container\">\n\t\t\t<div class=\"tm-element-heading-content-wrapper left-align tm-reverse-heading-yes tm-seperator-solid  tm-heading-style-vertical\"><div class=\"tm-content-header\"><h4 class=\"tm-element-subheading\">\n\t\t\t\t\u041c\u044b \u0444\u043e\u0440\u043c\u0438\u0440\u0443\u0435\u043c \u0431\u0443\u0434\u0443\u0449\u0435\u0435 \u0441 \u043f\u043e\u043c\u043e\u0449\u044c\u044e \u043f\u0440\u043e\u0435\u043a\u0442\u043e\u0432, \u043f\u0440\u0435\u0432\u0440\u0430\u0449\u0430\u044e\u0449\u0438\u0445 \u043c\u0435\u0447\u0442\u044b \u0432 \u0440\u0435\u0430\u043b\u044c\u043d\u043e\u0441\u0442\u044c\u2026\n\t\t\t<\/h4>\n\t\t<h2 class=\"tm-element-content-heading\">\n\t\t\t\t\u0414\u0418\u0417\u0410\u0419\u041d\n\t\t\t<\/h2>\n\t\t<\/div><\/div>\t\t<\/div>\n\t\t\t\t<\/div>\n\t\t\t\t<div class=\"elementor-element elementor-element-d1fe34a elementor-widget elementor-widget-text-editor\" data-id=\"d1fe34a\" data-element_type=\"widget\" data-widget_type=\"text-editor.default\">\n\t\t\t\t<div class=\"elementor-widget-container\">\n\t\t\t<style>\/*! elementor - v3.12.0 - 29-03-2023 *\/\n.elementor-widget-text-editor.elementor-drop-cap-view-stacked .elementor-drop-cap{background-color:#69727d;color:#fff}.elementor-widget-text-editor.elementor-drop-cap-view-framed .elementor-drop-cap{color:#69727d;border:3px solid;background-color:transparent}.elementor-widget-text-editor:not(.elementor-drop-cap-view-default) .elementor-drop-cap{margin-top:8px}.elementor-widget-text-editor:not(.elementor-drop-cap-view-default) .elementor-drop-cap-letter{width:1em;height:1em}.elementor-widget-text-editor .elementor-drop-cap{float:left;text-align:center;line-height:1;font-size:50px}.elementor-widget-text-editor .elementor-drop-cap-letter{display:inline-block}<\/style>\t\t\t\t<p>\u041a\u043e\u0433\u0434\u0430 \u0441\u043c\u043e\u0442\u0440\u0438\u043c \u043d\u0430 \u043f\u0440\u043e\u0435\u043a\u0442, \u043c\u044b \u043d\u0435 \u0432\u0438\u0434\u0438\u043c \u0442\u043e\u043b\u044c\u043a\u043e \u043e\u0434\u043d\u0443 \u0441\u0442\u0440\u0443\u043a\u0442\u0443\u0440\u0443 \u0438\u0437 \u0436\u0435\u043b\u0435\u0437\u0430, \u043c\u044b \u0446\u0435\u043b\u0438\u043c \u0441\u043e\u0437\u0434\u0430\u043d\u0438\u0435 \u0438\u0441\u0442\u043e\u0440\u0438\u0438 \u0438 \u043c\u043e\u0449\u043d\u043e\u0439 \u0438\u043d\u0444\u0440\u0430\u0441\u0442\u0440\u0443\u043a\u0442\u0443\u0440\u044b. \u041c\u044b \u043e\u0431\u0435\u0441\u043f\u0435\u0447\u0438\u0432\u0430\u0435\u043c \u0432\u0430\u043c \u043f\u0440\u0430\u0432\u0438\u043b\u044c\u043d\u044b\u0439 \u0432\u044b\u0431\u043e\u0440 \u0441 \u043f\u043e\u043c\u043e\u0449\u044c\u044e \u043f\u0440\u043e\u0435\u043a\u0442\u043d\u044b\u0445 \u0441\u0442\u0440\u0430\u0442\u0435\u0433\u0438\u0439, \u0438\u043d\u0442\u0435\u0433\u0440\u0438\u0440\u043e\u0432\u0430\u043d\u043d\u044b\u0445 \u0441 \u043e\u043a\u0440\u0443\u0436\u0430\u044e\u0449\u0435\u0439 \u0441\u0440\u0435\u0434\u043e\u0439 \u0438 \u043f\u043e\u0434\u0445\u043e\u0434\u044f\u0449\u0438\u0445 \u0434\u043b\u044f \u0441\u043e\u0446\u0438\u043e\u043a\u0443\u043b\u044c\u0442\u0443\u0440\u043d\u043e\u0439 \u0441\u0442\u0440\u0443\u043a\u0442\u0443\u0440\u044b \u0440\u0435\u0433\u0438\u043e\u043d\u0430.<\/p><p>\u0411\u0435\u0440\u0435\u043c \u043d\u0430 \u0441\u0435\u0431\u044f \u0432\u0441\u0435 \u0441\u043b\u043e\u0436\u043d\u044b\u0435 \u043f\u0440\u043e\u0446\u0435\u0441\u0441\u044b \u0432\u0430\u0448\u0435\u0433\u043e \u043f\u0440\u043e\u0435\u043a\u0442\u0430, \u0443\u043f\u0440\u0430\u0432\u043b\u044f\u044f \u044d\u0442\u0430\u043f\u0430\u043c\u0438 \u043e\u0442 3D-\u043c\u043e\u0434\u0435\u043b\u0438\u0440\u043e\u0432\u0430\u043d\u0438\u044f \u0438 \u043c\u0430\u0440\u043a\u0435\u0442\u0438\u043d\u0433\u043e\u0432\u044b\u0445 \u0438\u0441\u0441\u043b\u0435\u0434\u043e\u0432\u0430\u043d\u0438\u0439 \u043f\u0440\u043e\u0434\u0443\u043a\u0442\u0430 \u0434\u043e \u043f\u043e\u0434\u0433\u043e\u0442\u043e\u0432\u043a\u0438 \u043c\u0435\u0445\u0430\u043d\u0438\u0447\u0435\u0441\u043a\u0438\u0445, \u044d\u043b\u0435\u043a\u0442\u0440\u0438\u0447\u0435\u0441\u043a\u0438\u0445 \u0438 \u0441\u0442\u0430\u0442\u0438\u0447\u0435\u0441\u043a\u0438\u0445 \u043f\u0440\u043e\u0435\u043a\u0442\u043e\u0432 \u043e\u0442 \u0410 \u0434\u043e \u042f \u0441 \u043f\u0440\u0435\u0434\u043e\u0441\u0442\u0430\u0432\u043b\u0435\u043d\u0438\u0435\u043c \u043e\u0442\u0447\u0435\u0442\u043e\u0432 \u043f\u043e \u043d\u0430\u0437\u0435\u043c\u043d\u044b\u043c \u0438\u0441\u0441\u043b\u0435\u0434\u043e\u0432\u0430\u043d\u0438\u044f\u043c \u0434\u043e \u043f\u043e\u0434\u0430\u0447\u0438 \u043f\u0440\u043e\u0435\u043a\u0442\u0430 \u0432 \u0443\u043f\u043e\u043b\u043d\u043e\u043c\u043e\u0447\u0435\u043d\u043d\u044b\u0435 \u043e\u0444\u0438\u0446\u0438\u0430\u043b\u044c\u043d\u044b\u0435 \u043e\u0440\u0433\u0430\u043d\u044b, \u0438 \u0440\u0430\u0431\u043e\u0442\u0430\u0435\u043c \u0434\u043b\u044f \u0432\u0430\u0441, \u0447\u0442\u043e\u0431\u044b \u0432\u044b \u0443\u0441\u043f\u0435\u0448\u043d\u043e \u0434\u043e\u0441\u0442\u0438\u0433\u043b\u0438 \u0441\u0432\u043e\u0435\u0439 \u0446\u0435\u043b\u0438.<\/p>\t\t\t\t\t\t<\/div>\n\t\t\t\t<\/div>\n\t\t\t\t\t<\/div>\n\t\t<\/div>\n\t\t\t\t<div class=\"elementor-column elementor-col-50 elementor-inner-column elementor-element elementor-element-36a3375\" data-id=\"36a3375\" data-element_type=\"column\">\n\t\t\t<div class=\"elementor-widget-wrap elementor-element-populated\">\n\t\t\t\t\t\t\t\t<div class=\"elementor-element elementor-element-5e5c7fa elementor-widget elementor-widget-image\" data-id=\"5e5c7fa\" data-element_type=\"widget\" data-widget_type=\"image.default\">\n\t\t\t\t<div class=\"elementor-widget-container\">\n\t\t\t<style>\/*! elementor - v3.12.0 - 29-03-2023 *\/\n.elementor-widget-image{text-align:center}.elementor-widget-image a{display:inline-block}.elementor-widget-image a img[src$=\".svg\"]{width:48px}.elementor-widget-image img{vertical-align:middle;display:inline-block}<\/style>\t\t\t\t\t\t\t\t\t\t\t\t<img loading=\"lazy\" decoding=\"async\" width=\"760\" height=\"739\" src=\"https:\/\/phoenixdcc.com\/wp-content\/uploads\/2023\/04\/phoenixdcc-05-copy-2.png\" class=\"attachment-large size-large wp-image-220\" alt=\"\" srcset=\"https:\/\/phoenixdcc.com\/wp-content\/uploads\/2023\/04\/phoenixdcc-05-copy-2.png 760w, https:\/\/phoenixdcc.com\/wp-content\/uploads\/2023\/04\/phoenixdcc-05-copy-2-300x292.png 300w, https:\/\/phoenixdcc.com\/wp-content\/uploads\/2023\/04\/phoenixdcc-05-copy-2-309x300.png 309w, https:\/\/phoenixdcc.com\/wp-content\/uploads\/2023\/04\/phoenixdcc-05-copy-2-524x510.png 524w\" sizes=\"auto, (max-width: 760px) 100vw, 760px\" data-id=\"220\" \/>\t\t\t\t\t\t\t\t\t\t\t\t\t\t\t<\/div>\n\t\t\t\t<\/div>\n\t\t\t\t\t<\/div>\n\t\t<\/div>\n\t\t\t\t\t\t\t<\/div>\n\t\t<\/section>\n\t\t\t\t<section class=\"elementor-section elementor-inner-section elementor-element elementor-element-5e4fb00 tm-column-break-ipad-no tm-col-stretched-none elementor-section-boxed elementor-section-height-default elementor-section-height-default\" data-id=\"5e4fb00\" data-element_type=\"section\">\n\t\t\t\t\t\t<div class=\"elementor-container elementor-column-gap-default\">\n\t\t\t\t\t<div class=\"elementor-column elementor-col-25 elementor-inner-column elementor-element elementor-element-f36f34d\" data-id=\"f36f34d\" data-element_type=\"column\">\n\t\t\t<div class=\"elementor-widget-wrap elementor-element-populated\">\n\t\t\t\t\t\t\t\t<div class=\"elementor-element elementor-element-9685b80 elementor-widget elementor-widget-image\" data-id=\"9685b80\" data-element_type=\"widget\" data-widget_type=\"image.default\">\n\t\t\t\t<div class=\"elementor-widget-container\">\n\t\t\t\t\t\t\t\t\t\t\t\t<figure class=\"wp-caption\">\n\t\t\t\t\t\t\t\t\t\t<img loading=\"lazy\" decoding=\"async\" width=\"242\" height=\"148\" src=\"https:\/\/phoenixdcc.com\/wp-content\/uploads\/2023\/04\/1-copy.png\" class=\"attachment-large size-large wp-image-200\" alt=\"\" data-id=\"200\" \/>\t\t\t\t\t\t\t\t\t\t\t<figcaption class=\"widget-image-caption wp-caption-text\">\u0415\u0432\u0440\u043e\u043f\u0435\u0439\u0441\u043a\u0430\u044f \u0431\u043e\u043b\u044c\u043d\u0438\u0446\u0430 \u041b\u0438\u0432\u0438\u0438 (\u0430\u0440\u0445\u0438\u0442\u0435\u043a\u0442\u0443\u0440\u0430)<\/figcaption>\n\t\t\t\t\t\t\t\t\t\t<\/figure>\n\t\t\t\t\t\t\t\t\t<\/div>\n\t\t\t\t<\/div>\n\t\t\t\t\t<\/div>\n\t\t<\/div>\n\t\t\t\t<div class=\"elementor-column elementor-col-25 elementor-inner-column elementor-element elementor-element-06593fe\" data-id=\"06593fe\" data-element_type=\"column\">\n\t\t\t<div class=\"elementor-widget-wrap elementor-element-populated\">\n\t\t\t\t\t\t\t\t<div class=\"elementor-element elementor-element-87a75e4 elementor-widget elementor-widget-image\" data-id=\"87a75e4\" data-element_type=\"widget\" data-widget_type=\"image.default\">\n\t\t\t\t<div class=\"elementor-widget-container\">\n\t\t\t\t\t\t\t\t\t\t\t\t<figure class=\"wp-caption\">\n\t\t\t\t\t\t\t\t\t\t<img loading=\"lazy\" decoding=\"async\" width=\"242\" height=\"148\" src=\"https:\/\/phoenixdcc.com\/wp-content\/uploads\/2023\/04\/1-copy23.png\" class=\"attachment-large size-large wp-image-203\" alt=\"\" data-id=\"203\" \/>\t\t\t\t\t\t\t\t\t\t\t<figcaption class=\"widget-image-caption wp-caption-text\">\u0424\u0443\u0442\u0431\u043e\u043b\u044c\u043d\u044b\u0439 \u0441\u0442\u0430\u0434\u0438\u043e\u043d \u041a\u044b\u0440\u0434\u0436\u0430\u043b\u0438 (\u0430\u0440\u0445\u0438\u0442\u0435\u043a\u0442\u0443\u0440\u0430)<\/figcaption>\n\t\t\t\t\t\t\t\t\t\t<\/figure>\n\t\t\t\t\t\t\t\t\t<\/div>\n\t\t\t\t<\/div>\n\t\t\t\t\t<\/div>\n\t\t<\/div>\n\t\t\t\t<div class=\"elementor-column elementor-col-25 elementor-inner-column elementor-element elementor-element-4895c05\" data-id=\"4895c05\" data-element_type=\"column\">\n\t\t\t<div class=\"elementor-widget-wrap elementor-element-populated\">\n\t\t\t\t\t\t\t\t<div class=\"elementor-element elementor-element-6c4fd25 elementor-widget elementor-widget-image\" data-id=\"6c4fd25\" data-element_type=\"widget\" data-widget_type=\"image.default\">\n\t\t\t\t<div class=\"elementor-widget-container\">\n\t\t\t\t\t\t\t\t\t\t\t\t<figure class=\"wp-caption\">\n\t\t\t\t\t\t\t\t\t\t<img loading=\"lazy\" decoding=\"async\" width=\"242\" height=\"148\" src=\"https:\/\/phoenixdcc.com\/wp-content\/uploads\/2023\/04\/1-copy2.png\" class=\"attachment-large size-large wp-image-202\" alt=\"\" data-id=\"202\" \/>\t\t\t\t\t\t\t\t\t\t\t<figcaption class=\"widget-image-caption wp-caption-text\">\u0424\u0443\u0442\u0431\u043e\u043b\u044c\u043d\u044b\u0439 \u0441\u0442\u0430\u0434\u0438\u043e\u043d \u041a\u044b\u0440\u0434\u0436\u0430\u043b\u0438 (\u0430\u0440\u0445\u0438\u0442\u0435\u043a\u0442\u0443\u0440\u0430)<\/figcaption>\n\t\t\t\t\t\t\t\t\t\t<\/figure>\n\t\t\t\t\t\t\t\t\t<\/div>\n\t\t\t\t<\/div>\n\t\t\t\t\t<\/div>\n\t\t<\/div>\n\t\t\t\t<div class=\"elementor-column elementor-col-25 elementor-inner-column elementor-element elementor-element-7295b3d\" data-id=\"7295b3d\" data-element_type=\"column\">\n\t\t\t<div class=\"elementor-widget-wrap elementor-element-populated\">\n\t\t\t\t\t\t\t\t<div class=\"elementor-element elementor-element-6f877ca elementor-widget elementor-widget-image\" data-id=\"6f877ca\" data-element_type=\"widget\" data-widget_type=\"image.default\">\n\t\t\t\t<div class=\"elementor-widget-container\">\n\t\t\t\t\t\t\t\t\t\t\t\t<figure class=\"wp-caption\">\n\t\t\t\t\t\t\t\t\t\t<img loading=\"lazy\" decoding=\"async\" width=\"242\" height=\"148\" src=\"https:\/\/phoenixdcc.com\/wp-content\/uploads\/2023\/04\/1-copy1-1.png\" class=\"attachment-large size-large wp-image-207\" alt=\"\" data-id=\"207\" \/>\t\t\t\t\t\t\t\t\t\t\t<figcaption class=\"widget-image-caption wp-caption-text\">\u0413\u043e\u0440\u043e\u0434\u0441\u043a\u0430\u044f \u043f\u043b\u043e\u0449\u0430\u0434\u044c \u0433\u043e\u0440. \u0427\u0430\u043d\u0430\u043a\u043a\u0430\u043b\u0435<\/figcaption>\n\t\t\t\t\t\t\t\t\t\t<\/figure>\n\t\t\t\t\t\t\t\t\t<\/div>\n\t\t\t\t<\/div>\n\t\t\t\t\t<\/div>\n\t\t<\/div>\n\t\t\t\t\t\t\t<\/div>\n\t\t<\/section>\n\t\t\t\t\t<\/div>\n\t\t<\/div>\n\t\t\t\t\t\t\t<\/div>\n\t\t<\/section>\n\t\t\t\t\t\t\t<\/div>","protected":false},"excerpt":{"rendered":"<p>Hayalleri ger\u00e7e\u011fe d\u00f6n\u00fc\u015ft\u00fcren projelerle gelece\u011fi \u015fekillendiriyoruz\u2026 PROJE Bir projeye bakarken sadece demirden olu\u015fan bir yap\u0131 g\u00f6rm\u00fcyoruz, bir hik\u00e2yesinin ve g\u00fc\u00e7l\u00fc bir altyap\u0131s\u0131n\u0131n olmas\u0131n\u0131 hedefliyoruz. \u00c7evre ile entegre, bulunulan b\u00f6lgenin sosyo-k\u00fclt\u00fcrel yap\u0131s\u0131na uygun proje stratejileriyle do\u011fru se\u00e7imi yapman\u0131z\u0131 sa\u011fl\u0131yoruz. Zemin et\u00fct raporlar\u0131ndan projenin yetkili resmi mercilere sunulmas\u0131na, 3d modelleme ile \u00fcr\u00fcn pazarlama \u00e7al\u0131\u015fmalar\u0131ndan mekanik, elektrik, statik &hellip; <a href=\"https:\/\/phoenixdcc.com\/ru\/proje\/\" class=\"more-link\">Continue reading <span class=\"screen-reader-text\">\u0414\u0418\u0417\u0410\u0419\u041d<\/span><\/a><\/p>","protected":false},"author":1,"featured_media":0,"parent":0,"menu_order":0,"comment_status":"closed","ping_status":"closed","template":"","meta":{"footnotes":""},"class_list":["post-108","page","type-page","status-publish","hentry"],"_links":{"self":[{"href":"https:\/\/phoenixdcc.com\/ru\/wp-json\/wp\/v2\/pages\/108","targetHints":{"allow":["GET"]}}],"collection":[{"href":"https:\/\/phoenixdcc.com\/ru\/wp-json\/wp\/v2\/pages"}],"about":[{"href":"https:\/\/phoenixdcc.com\/ru\/wp-json\/wp\/v2\/types\/page"}],"author":[{"embeddable":true,"href":"https:\/\/phoenixdcc.com\/ru\/wp-json\/wp\/v2\/users\/1"}],"replies":[{"embeddable":true,"href":"https:\/\/phoenixdcc.com\/ru\/wp-json\/wp\/v2\/comments?post=108"}],"version-history":[{"count":14,"href":"https:\/\/phoenixdcc.com\/ru\/wp-json\/wp\/v2\/pages\/108\/revisions"}],"predecessor-version":[{"id":597,"href":"https:\/\/phoenixdcc.com\/ru\/wp-json\/wp\/v2\/pages\/108\/revisions\/597"}],"wp:attachment":[{"href":"https:\/\/phoenixdcc.com\/ru\/wp-json\/wp\/v2\/media?parent=108"}],"curies":[{"name":"wp","href":"https:\/\/api.w.org\/{rel}","templated":true}]}}