{"id":107,"date":"2023-04-01T09:45:25","date_gmt":"2023-04-01T06:45:25","guid":{"rendered":"https:\/\/phoenixdcc.com\/?page_id=107"},"modified":"2023-05-03T16:31:48","modified_gmt":"2023-05-03T13:31:48","slug":"danismanlik","status":"publish","type":"page","link":"https:\/\/phoenixdcc.com\/ru\/danismanlik\/","title":{"rendered":"\u041a\u041e\u041d\u0421\u0423\u041b\u042c\u0422\u0418\u0420\u041e\u0412\u0410\u041d\u0418\u0415"},"content":{"rendered":"<div data-elementor-type=\"wp-page\" data-elementor-id=\"107\" class=\"elementor elementor-107\">\n\t\t\t\t\t\t\t\t\t<section class=\"elementor-section elementor-top-section elementor-element elementor-element-bcfd641 elementor-section-stretched tm-column-break-ipad-no tm-col-stretched-none elementor-section-boxed elementor-section-height-default elementor-section-height-default\" data-id=\"bcfd641\" data-element_type=\"section\" data-settings=\"{&quot;stretch_section&quot;:&quot;section-stretched&quot;}\">\n\t\t\t\t\t\t\t<div class=\"elementor-background-overlay\"><\/div>\n\t\t\t\t\t\t\t<div class=\"elementor-container elementor-column-gap-default\">\n\t\t\t\t\t<div class=\"elementor-column elementor-col-100 elementor-top-column elementor-element elementor-element-8470f25\" data-id=\"8470f25\" data-element_type=\"column\" data-settings=\"{&quot;background_background&quot;:&quot;classic&quot;}\">\n\t\t\t<div class=\"elementor-widget-wrap elementor-element-populated\">\n\t\t\t\t\t<div class=\"elementor-background-overlay\"><\/div>\n\t\t\t\t\t\t\t\t<section class=\"elementor-section elementor-inner-section elementor-element elementor-element-762cbfe tm-column-break-ipad-no tm-col-stretched-none elementor-section-boxed elementor-section-height-default elementor-section-height-default\" data-id=\"762cbfe\" data-element_type=\"section\">\n\t\t\t\t\t\t<div class=\"elementor-container elementor-column-gap-default\">\n\t\t\t\t\t<div class=\"elementor-column elementor-col-50 elementor-inner-column elementor-element elementor-element-d4bb5e9\" data-id=\"d4bb5e9\" data-element_type=\"column\">\n\t\t\t<div class=\"elementor-widget-wrap elementor-element-populated\">\n\t\t\t\t\t\t\t\t<div class=\"elementor-element elementor-element-effda49 elementor-widget elementor-widget-image\" data-id=\"effda49\" data-element_type=\"widget\" data-widget_type=\"image.default\">\n\t\t\t\t<div class=\"elementor-widget-container\">\n\t\t\t<style>\/*! elementor - v3.12.0 - 29-03-2023 *\/\n.elementor-widget-image{text-align:center}.elementor-widget-image a{display:inline-block}.elementor-widget-image a img[src$=\".svg\"]{width:48px}.elementor-widget-image img{vertical-align:middle;display:inline-block}<\/style>\t\t\t\t\t\t\t\t\t\t\t\t<img loading=\"lazy\" decoding=\"async\" width=\"760\" height=\"739\" src=\"https:\/\/phoenixdcc.com\/wp-content\/uploads\/2023\/04\/phoenixdcc-05.png\" class=\"attachment-large size-large wp-image-149\" alt=\"\" srcset=\"https:\/\/phoenixdcc.com\/wp-content\/uploads\/2023\/04\/phoenixdcc-05.png 760w, https:\/\/phoenixdcc.com\/wp-content\/uploads\/2023\/04\/phoenixdcc-05-300x292.png 300w, https:\/\/phoenixdcc.com\/wp-content\/uploads\/2023\/04\/phoenixdcc-05-309x300.png 309w, https:\/\/phoenixdcc.com\/wp-content\/uploads\/2023\/04\/phoenixdcc-05-524x510.png 524w\" sizes=\"auto, (max-width: 760px) 100vw, 760px\" data-id=\"149\" \/>\t\t\t\t\t\t\t\t\t\t\t\t\t\t\t<\/div>\n\t\t\t\t<\/div>\n\t\t\t\t\t<\/div>\n\t\t<\/div>\n\t\t\t\t<div class=\"elementor-column elementor-col-50 elementor-inner-column elementor-element elementor-element-cf59b23\" data-id=\"cf59b23\" data-element_type=\"column\">\n\t\t\t<div class=\"elementor-widget-wrap elementor-element-populated\">\n\t\t\t\t\t\t\t\t<div class=\"elementor-element elementor-element-b2d36ac tm-align-left elementor-widget elementor-widget-tm_heading\" data-id=\"b2d36ac\" data-element_type=\"widget\" data-widget_type=\"tm_heading.default\">\n\t\t\t\t<div class=\"elementor-widget-container\">\n\t\t\t<div class=\"tm-element-heading-content-wrapper left-align tm-reverse-heading-yes tm-seperator-solid  tm-heading-style-vertical\"><div class=\"tm-content-header\"><h4 class=\"tm-element-subheading\">\n\t\t\t\t\u041f\u0443\u0441\u0442\u044c \u0432\u0430\u0448 \u043a\u043e\u043c\u043f\u0430\u0441 \u0432\u0441\u0435\u0433\u0434\u0430 \u0443\u043a\u0430\u0437\u044b\u0432\u0430\u0435\u0442 \u043d\u0430 \u0432\u0435\u0440\u0448\u0438\u043d\u0443...\n\t\t\t<\/h4>\n\t\t<h2 class=\"tm-element-content-heading\">\n\t\t\t\t\u041a\u041e\u041d\u0421\u0423\u041b\u042c\u0422\u0418\u0420\u041e\u0412\u0410\u041d\u0418\u0415\n\t\t\t<\/h2>\n\t\t<\/div><\/div>\t\t<\/div>\n\t\t\t\t<\/div>\n\t\t\t\t<div class=\"elementor-element elementor-element-9b966c9 elementor-widget elementor-widget-text-editor\" data-id=\"9b966c9\" data-element_type=\"widget\" data-widget_type=\"text-editor.default\">\n\t\t\t\t<div class=\"elementor-widget-container\">\n\t\t\t<style>\/*! elementor - v3.12.0 - 29-03-2023 *\/\n.elementor-widget-text-editor.elementor-drop-cap-view-stacked .elementor-drop-cap{background-color:#69727d;color:#fff}.elementor-widget-text-editor.elementor-drop-cap-view-framed .elementor-drop-cap{color:#69727d;border:3px solid;background-color:transparent}.elementor-widget-text-editor:not(.elementor-drop-cap-view-default) .elementor-drop-cap{margin-top:8px}.elementor-widget-text-editor:not(.elementor-drop-cap-view-default) .elementor-drop-cap-letter{width:1em;height:1em}.elementor-widget-text-editor .elementor-drop-cap{float:left;text-align:center;line-height:1;font-size:50px}.elementor-widget-text-editor .elementor-drop-cap-letter{display:inline-block}<\/style>\t\t\t\t<p>\u041c\u044b, \u0432\u0441\u0435\u0433\u0434\u0430 \u0441 \u0432\u0430\u043c\u0438 \u043d\u0430 \u0432\u0441\u0435\u0445 \u044d\u0442\u0430\u043f\u0430\u0445 \u0437\u0430\u043f\u043b\u0430\u043d\u0438\u0440\u043e\u0432\u0430\u043d\u043d\u043e\u0433\u043e \u043f\u0440\u043e\u0435\u043a\u0442\u0430. \u041d\u0430\u043f\u0440\u0430\u0432\u043b\u044f\u044f \u0432\u0430\u0441 \u0447\u0435\u0440\u0435\u0437 \u043a\u0430\u0436\u0434\u044b\u0439 \u0448\u0430\u0433 \u043d\u0430 \u043f\u0443\u0442\u0438 \u043a \u0432\u0435\u0440\u0448\u0438\u043d\u0435, \u043c\u044b \u043f\u0440\u0435\u043e\u0434\u043e\u043b\u0435\u0432\u0430\u0435\u043c \u0442\u0440\u0443\u0434\u043d\u043e\u0441\u0442\u0438 \u043e\u0434\u043d\u0443 \u0437\u0430 \u0434\u0440\u0443\u0433\u043e\u0439. \u041f\u0440\u0430\u0432\u0438\u043b\u044c\u043d\u044b\u0439 \u0441\u0442\u0430\u0440\u0442 \u2013 \u044d\u0442\u043e \u0437\u0430\u043b\u043e\u0433 \u0445\u043e\u0440\u043e\u0448\u0435\u0433\u043e \u0440\u0435\u0437\u0443\u043b\u044c\u0442\u0430\u0442\u0430.<\/p><p>\u041d\u0430 \u043f\u0435\u0440\u0432\u043e\u043c \u044d\u0442\u0430\u043f\u0435, \u043c\u044b \u043d\u0430\u0447\u0438\u043d\u0430\u0435\u043c \u0438\u0437\u043c\u0435\u0440\u0435\u043d\u0438\u0435\u043c \u043f\u0440\u0438\u0433\u043e\u0434\u043d\u043e\u0441\u0442\u0438 \u0432\u0430\u0448\u0435\u0433\u043e \u043f\u0440\u043e\u0435\u043a\u0442\u0430. \u041c\u044b \u0438\u0441\u043f\u043e\u043b\u044c\u0437\u0443\u0435\u043c \u0441\u0442\u0440\u0430\u0442\u0435\u0433\u0438\u0438 \u0440\u0435\u0448\u0435\u043d\u0438\u044f, \u0442\u0430\u043a\u0438\u0435 \u043a\u0430\u043a \u0442\u0435\u0445\u043d\u0438\u043a\u043e-\u044d\u043a\u043e\u043d\u043e\u043c\u0438\u0447\u0435\u0441\u043a\u043e\u0435 \u043e\u0431\u043e\u0441\u043d\u043e\u0432\u0430\u043d\u0438\u0435 \u043f\u0440\u043e\u0435\u043a\u0442\u0430 \u0438 SWOT - \u0430\u043d\u0430\u043b\u0438\u0437 \u0438 \u043e\u043f\u0440\u0435\u0434\u0435\u043b\u044f\u0435\u043c \u043e\u0431\u043b\u0430\u0441\u0442\u0438, \u0432 \u043a\u043e\u0442\u043e\u0440\u044b\u0445 \u0432\u0430\u0448\u0438 \u043a\u043e\u043d\u043a\u0443\u0440\u0435\u043d\u0442\u044b \u043f\u0440\u0435\u0432\u043e\u0441\u0445\u043e\u0434\u044f\u0442 \u0432\u0430\u0441 \u0438 \u044f\u0432\u043b\u044f\u044e\u0442\u0441\u044f \u0441\u043b\u0430\u0431\u044b\u043c\u0438 \u0432\u0430\u0441, \u043f\u043e\u0442\u043e\u043c \u0441\u043e\u0441\u0442\u0430\u0432\u043b\u044f\u0435\u043c \u0434\u043e\u0440\u043e\u0436\u043d\u0443\u044e \u043a\u0430\u0440\u0442\u0443,<\/p><p>\u0447\u0442\u043e\u0431\u044b \u0432\u044b \u0434\u0435\u0439\u0441\u0442\u0432\u043e\u0432\u0430\u043b\u0438 \u0432 \u0441\u043e\u043e\u0442\u0432\u0435\u0442\u0441\u0442\u0432\u0438\u0438 \u0441 \u044d\u0442\u0438\u043c\u0438 \u0448\u043a\u0430\u043b\u0430\u043c\u0438. \u041c\u044b \u043d\u0430\u0445\u043e\u0434\u0438\u043c \u043f\u043e\u0434\u0445\u043e\u0434\u044f\u0449\u0438\u0435 \u043e\u0431\u043b\u0430\u0441\u0442\u0438 \u0438 \u043f\u0440\u0435\u0434\u043e\u0441\u0442\u0430\u0432\u043b\u044f\u0435\u043c \u0432\u043e\u0437\u043c\u043e\u0436\u043d\u043e\u0441\u0442\u0438 \u0432 \u0442\u0435\u0447\u0435\u043d\u0438\u0435 \u0432\u0441\u0435\u0433\u043e \u043f\u0440\u043e\u0446\u0435\u0441\u0441\u0430 \u0434\u043b\u044f \u043e\u0446\u0435\u043d\u043a\u0438, \u0440\u0430\u0437\u0432\u0438\u0442\u0438\u044f \u0438 \u043e\u0431\u0441\u043b\u0443\u0436\u0438\u0432\u0430\u043d\u0438\u044f \u0430\u043a\u0442\u0438\u0432\u043e\u0432 \u043d\u0435\u0434\u0432\u0438\u0436\u0438\u043c\u043e\u0441\u0442\u0438, \u043a\u043e\u0442\u043e\u0440\u044b\u0435 \u043f\u0440\u0435\u0434\u043e\u0441\u0442\u0430\u0432\u0438\u0442 \u0432\u0430\u0448 \u043f\u0440\u043e\u0435\u043a\u0442.<\/p>\t\t\t\t\t\t<\/div>\n\t\t\t\t<\/div>\n\t\t\t\t\t<\/div>\n\t\t<\/div>\n\t\t\t\t\t\t\t<\/div>\n\t\t<\/section>\n\t\t\t\t<section class=\"elementor-section elementor-inner-section elementor-element elementor-element-42bd42c tm-column-break-ipad-no tm-col-stretched-none elementor-section-boxed elementor-section-height-default elementor-section-height-default\" data-id=\"42bd42c\" data-element_type=\"section\">\n\t\t\t\t\t\t<div class=\"elementor-container elementor-column-gap-default\">\n\t\t\t\t\t<div class=\"elementor-column elementor-col-33 elementor-inner-column elementor-element elementor-element-fbd4a32\" data-id=\"fbd4a32\" data-element_type=\"column\">\n\t\t\t<div class=\"elementor-widget-wrap elementor-element-populated\">\n\t\t\t\t\t\t\t\t<div class=\"elementor-element elementor-element-794d084 elementor-widget elementor-widget-image\" data-id=\"794d084\" data-element_type=\"widget\" data-widget_type=\"image.default\">\n\t\t\t\t<div class=\"elementor-widget-container\">\n\t\t\t\t\t\t\t\t\t\t\t\t<figure class=\"wp-caption\">\n\t\t\t\t\t\t\t\t\t\t<img loading=\"lazy\" decoding=\"async\" width=\"242\" height=\"148\" src=\"https:\/\/phoenixdcc.com\/wp-content\/uploads\/2023\/04\/1.png\" class=\"attachment-large size-large wp-image-155\" alt=\"\" data-id=\"155\" \/>\t\t\t\t\t\t\t\t\t\t\t<figcaption class=\"widget-image-caption wp-caption-text\">Maya Textile<\/figcaption>\n\t\t\t\t\t\t\t\t\t\t<\/figure>\n\t\t\t\t\t\t\t\t\t<\/div>\n\t\t\t\t<\/div>\n\t\t\t\t\t<\/div>\n\t\t<\/div>\n\t\t\t\t<div class=\"elementor-column elementor-col-33 elementor-inner-column elementor-element elementor-element-1256f3c\" data-id=\"1256f3c\" data-element_type=\"column\">\n\t\t\t<div class=\"elementor-widget-wrap elementor-element-populated\">\n\t\t\t\t\t\t\t\t<div class=\"elementor-element elementor-element-7cdeaa2 elementor-widget elementor-widget-image\" data-id=\"7cdeaa2\" data-element_type=\"widget\" data-widget_type=\"image.default\">\n\t\t\t\t<div class=\"elementor-widget-container\">\n\t\t\t\t\t\t\t\t\t\t\t\t<figure class=\"wp-caption\">\n\t\t\t\t\t\t\t\t\t\t<img loading=\"lazy\" decoding=\"async\" width=\"242\" height=\"237\" src=\"https:\/\/phoenixdcc.com\/wp-content\/uploads\/2023\/04\/3.png\" class=\"attachment-large size-large wp-image-156\" alt=\"\" data-id=\"156\" \/>\t\t\t\t\t\t\t\t\t\t\t<figcaption class=\"widget-image-caption wp-caption-text\">Allianz Genel M\u00fcd\u00fcrl\u00fck<\/figcaption>\n\t\t\t\t\t\t\t\t\t\t<\/figure>\n\t\t\t\t\t\t\t\t\t<\/div>\n\t\t\t\t<\/div>\n\t\t\t\t\t<\/div>\n\t\t<\/div>\n\t\t\t\t<div class=\"elementor-column elementor-col-33 elementor-inner-column elementor-element elementor-element-e0b72dd\" data-id=\"e0b72dd\" data-element_type=\"column\">\n\t\t\t<div class=\"elementor-widget-wrap elementor-element-populated\">\n\t\t\t\t\t\t\t\t<div class=\"elementor-element elementor-element-20bb22a elementor-widget elementor-widget-image\" data-id=\"20bb22a\" data-element_type=\"widget\" data-widget_type=\"image.default\">\n\t\t\t\t<div class=\"elementor-widget-container\">\n\t\t\t\t\t\t\t\t\t\t\t\t<figure class=\"wp-caption\">\n\t\t\t\t\t\t\t\t\t\t<img loading=\"lazy\" decoding=\"async\" width=\"242\" height=\"148\" src=\"https:\/\/phoenixdcc.com\/wp-content\/uploads\/2023\/04\/2.png\" class=\"attachment-large size-large wp-image-157\" alt=\"\" data-id=\"157\" \/>\t\t\t\t\t\t\t\t\t\t\t<figcaption class=\"widget-image-caption wp-caption-text\">Allianz Genel M\u00fcd\u00fcrl\u00fck<\/figcaption>\n\t\t\t\t\t\t\t\t\t\t<\/figure>\n\t\t\t\t\t\t\t\t\t<\/div>\n\t\t\t\t<\/div>\n\t\t\t\t\t<\/div>\n\t\t<\/div>\n\t\t\t\t\t\t\t<\/div>\n\t\t<\/section>\n\t\t\t\t\t<\/div>\n\t\t<\/div>\n\t\t\t\t\t\t\t<\/div>\n\t\t<\/section>\n\t\t\t\t\t\t\t<\/div>","protected":false},"excerpt":{"rendered":"<p>Pusulan\u0131z hep zirveyi g\u00f6stersin DANI\u015eMANLIK Planlad\u0131\u011f\u0131n\u0131z projenin t\u00fcm a\u015famalar\u0131nda yan\u0131n\u0131zda oluyoruz. Her ad\u0131mda size rehberlik ederek zirveye giden yoldaki zorluklar\u0131 tek tek a\u015f\u0131yoruz. Do\u011fru ba\u015flang\u0131\u00e7, g\u00fczel bir sonucun temelidir. \u0130lk a\u015famada, projenizin uygunlu\u011funu \u00f6l\u00e7erek i\u015fe ba\u015fl\u0131yoruz. Projeye dair fizibilite \u00e7al\u0131\u015fmas\u0131, S.W.O.T analizi gibi \u00e7\u00f6z\u00fcm stratejileri kullanarak rakiplerinizin sizden \u00fcst\u00fcn ve zay\u0131f oldu\u011fu konular\u0131 belirliyor, bu &hellip; <a href=\"https:\/\/phoenixdcc.com\/ru\/danismanlik\/\" class=\"more-link\">Continue reading <span class=\"screen-reader-text\">\u041a\u041e\u041d\u0421\u0423\u041b\u042c\u0422\u0418\u0420\u041e\u0412\u0410\u041d\u0418\u0415<\/span><\/a><\/p>","protected":false},"author":1,"featured_media":0,"parent":0,"menu_order":0,"comment_status":"closed","ping_status":"closed","template":"","meta":{"footnotes":""},"class_list":["post-107","page","type-page","status-publish","hentry"],"_links":{"self":[{"href":"https:\/\/phoenixdcc.com\/ru\/wp-json\/wp\/v2\/pages\/107","targetHints":{"allow":["GET"]}}],"collection":[{"href":"https:\/\/phoenixdcc.com\/ru\/wp-json\/wp\/v2\/pages"}],"about":[{"href":"https:\/\/phoenixdcc.com\/ru\/wp-json\/wp\/v2\/types\/page"}],"author":[{"embeddable":true,"href":"https:\/\/phoenixdcc.com\/ru\/wp-json\/wp\/v2\/users\/1"}],"replies":[{"embeddable":true,"href":"https:\/\/phoenixdcc.com\/ru\/wp-json\/wp\/v2\/comments?post=107"}],"version-history":[{"count":16,"href":"https:\/\/phoenixdcc.com\/ru\/wp-json\/wp\/v2\/pages\/107\/revisions"}],"predecessor-version":[{"id":593,"href":"https:\/\/phoenixdcc.com\/ru\/wp-json\/wp\/v2\/pages\/107\/revisions\/593"}],"wp:attachment":[{"href":"https:\/\/phoenixdcc.com\/ru\/wp-json\/wp\/v2\/media?parent=107"}],"curies":[{"name":"wp","href":"https:\/\/api.w.org\/{rel}","templated":true}]}}