{"id":5,"date":"2023-02-22T09:54:01","date_gmt":"2023-02-22T09:54:01","guid":{"rendered":"https:\/\/phoenixdcc.com\/?page_id=5"},"modified":"2023-05-03T16:19:18","modified_gmt":"2023-05-03T13:19:18","slug":"anasayfa","status":"publish","type":"page","link":"https:\/\/phoenixdcc.com\/en\/","title":{"rendered":"HOMEPAGE"},"content":{"rendered":"<div data-elementor-type=\"wp-page\" data-elementor-id=\"5\" class=\"elementor elementor-5\">\n\t\t\t\t\t\t\t\t\t<section class=\"elementor-section elementor-top-section elementor-element elementor-element-b8dff10 elementor-section-stretched tm-column-break-ipad-no tm-col-stretched-none elementor-section-boxed elementor-section-height-default elementor-section-height-default\" data-id=\"b8dff10\" data-element_type=\"section\" data-settings=\"{&quot;stretch_section&quot;:&quot;section-stretched&quot;,&quot;background_background&quot;:&quot;classic&quot;}\">\n\t\t\t\t\t\t\t<div class=\"elementor-background-overlay\"><\/div>\n\t\t\t\t\t\t\t<div class=\"elementor-container elementor-column-gap-default\">\n\t\t\t\t\t<div class=\"elementor-column elementor-col-100 elementor-top-column elementor-element elementor-element-7c387af\" data-id=\"7c387af\" data-element_type=\"column\">\n\t\t\t<div class=\"elementor-widget-wrap elementor-element-populated\">\n\t\t\t\t\t\t\t\t<div class=\"elementor-element elementor-element-ec329f2 elementor-widget elementor-widget-heading\" data-id=\"ec329f2\" data-element_type=\"widget\" data-widget_type=\"heading.default\">\n\t\t\t\t<div class=\"elementor-widget-container\">\n\t\t\t<style>\/*! elementor - v3.12.0 - 29-03-2023 *\/\n.elementor-heading-title{padding:0;margin:0;line-height:1}.elementor-widget-heading .elementor-heading-title[class*=elementor-size-]>a{color:inherit;font-size:inherit;line-height:inherit}.elementor-widget-heading .elementor-heading-title.elementor-size-small{font-size:15px}.elementor-widget-heading .elementor-heading-title.elementor-size-medium{font-size:19px}.elementor-widget-heading .elementor-heading-title.elementor-size-large{font-size:29px}.elementor-widget-heading .elementor-heading-title.elementor-size-xl{font-size:39px}.elementor-widget-heading .elementor-heading-title.elementor-size-xxl{font-size:59px}<\/style><h2 class=\"elementor-heading-title elementor-size-default\">WELCOME TO <br>THE HOME BASE <br>OF \u0130NNOVAT\u0130ON!<\/h2>\t\t<\/div>\n\t\t\t\t<\/div>\n\t\t\t\t\t<\/div>\n\t\t<\/div>\n\t\t\t\t\t\t\t<\/div>\n\t\t<\/section>\n\t\t\t\t<section class=\"elementor-section elementor-top-section elementor-element elementor-element-72de445 elementor-section-stretched tm-column-break-ipad-no tm-col-stretched-none elementor-section-boxed elementor-section-height-default elementor-section-height-default\" data-id=\"72de445\" data-element_type=\"section\" data-settings=\"{&quot;stretch_section&quot;:&quot;section-stretched&quot;}\">\n\t\t\t\t\t\t\t<div class=\"elementor-background-overlay\"><\/div>\n\t\t\t\t\t\t\t<div class=\"elementor-container elementor-column-gap-default\">\n\t\t\t\t\t<div class=\"elementor-column elementor-col-50 elementor-top-column elementor-element elementor-element-20a62d3\" data-id=\"20a62d3\" data-element_type=\"column\" data-settings=\"{&quot;background_background&quot;:&quot;classic&quot;}\">\n\t\t\t<div class=\"elementor-widget-wrap elementor-element-populated\">\n\t\t\t\t\t<div class=\"elementor-background-overlay\"><\/div>\n\t\t\t\t\t\t\t\t<div class=\"elementor-element elementor-element-65a1c73 tm-align-left elementor-widget elementor-widget-tm_heading\" data-id=\"65a1c73\" data-element_type=\"widget\" data-widget_type=\"tm_heading.default\">\n\t\t\t\t<div class=\"elementor-widget-container\">\n\t\t\t<div class=\"tm-element-heading-content-wrapper left-align  tm-seperator-solid  tm-heading-style-vertical\"><div class=\"tm-content-header\"><h2 class=\"tm-element-content-heading\">\n\t\t\t\tYOU ARE AT THE TOP W\u0130TH PHOEN\u0130X DCC!\n\t\t\t<\/h2>\n\t\t<h4 class=\"tm-element-subheading\">\n\t\t\t\t33 years\n\t\t\t<\/h4>\n\t\t<\/div><\/div>\t\t<\/div>\n\t\t\t\t<\/div>\n\t\t\t\t<div class=\"elementor-element elementor-element-6e0df64 elementor-widget elementor-widget-text-editor\" data-id=\"6e0df64\" data-element_type=\"widget\" data-widget_type=\"text-editor.default\">\n\t\t\t\t<div class=\"elementor-widget-container\">\n\t\t\t<style>\/*! elementor - v3.12.0 - 29-03-2023 *\/\n.elementor-widget-text-editor.elementor-drop-cap-view-stacked .elementor-drop-cap{background-color:#69727d;color:#fff}.elementor-widget-text-editor.elementor-drop-cap-view-framed .elementor-drop-cap{color:#69727d;border:3px solid;background-color:transparent}.elementor-widget-text-editor:not(.elementor-drop-cap-view-default) .elementor-drop-cap{margin-top:8px}.elementor-widget-text-editor:not(.elementor-drop-cap-view-default) .elementor-drop-cap-letter{width:1em;height:1em}.elementor-widget-text-editor .elementor-drop-cap{float:left;text-align:center;line-height:1;font-size:50px}.elementor-widget-text-editor .elementor-drop-cap-letter{display:inline-block}<\/style>\t\t\t\t<p class=\" translation-block\">We have been leaving a mark from the past to the future with the work we have been doing for 33 years. We bring new perspectives to the sector with projects that will make a name for years to come, and not just now.<\/p><p>We see our work not just as a project to be completed, but as the beginning of a story that touches lives and makes the world a better place.<\/p><p>With Phoenix DCC, we are proud to be with investors who want to step into the world of the future at all stages, including before and after the project.<\/p><p>With the vast experience and endless energy of our civil engineers, electromechanical engineers, technical affairs coordinator, administrative-financial affairs coordinator, marketing experts and architects within our team, we are moving towards success and we invite you to join us on this pleasant journey.<\/p>\t\t\t\t\t\t<\/div>\n\t\t\t\t<\/div>\n\t\t\t\t\t<\/div>\n\t\t<\/div>\n\t\t\t\t<div class=\"elementor-column elementor-col-50 elementor-top-column elementor-element elementor-element-30fe6b8\" data-id=\"30fe6b8\" data-element_type=\"column\">\n\t\t\t<div class=\"elementor-widget-wrap elementor-element-populated\">\n\t\t\t\t\t\t\t\t<div class=\"elementor-element elementor-element-5d042df elementor-widget elementor-widget-image\" data-id=\"5d042df\" data-element_type=\"widget\" data-widget_type=\"image.default\">\n\t\t\t\t<div class=\"elementor-widget-container\">\n\t\t\t<style>\/*! elementor - v3.12.0 - 29-03-2023 *\/\n.elementor-widget-image{text-align:center}.elementor-widget-image a{display:inline-block}.elementor-widget-image a img[src$=\".svg\"]{width:48px}.elementor-widget-image img{vertical-align:middle;display:inline-block}<\/style>\t\t\t\t\t\t\t\t\t\t\t\t<img loading=\"lazy\" decoding=\"async\" width=\"760\" height=\"739\" src=\"https:\/\/phoenixdcc.com\/wp-content\/uploads\/2023\/03\/phoenixdcc-01.png\" class=\"attachment-large size-large wp-image-83\" alt=\"\" srcset=\"https:\/\/phoenixdcc.com\/wp-content\/uploads\/2023\/03\/phoenixdcc-01.png 760w, https:\/\/phoenixdcc.com\/wp-content\/uploads\/2023\/03\/phoenixdcc-01-300x292.png 300w, https:\/\/phoenixdcc.com\/wp-content\/uploads\/2023\/03\/phoenixdcc-01-309x300.png 309w, https:\/\/phoenixdcc.com\/wp-content\/uploads\/2023\/03\/phoenixdcc-01-524x510.png 524w\" sizes=\"auto, (max-width: 760px) 100vw, 760px\" data-id=\"83\" \/>\t\t\t\t\t\t\t\t\t\t\t\t\t\t\t<\/div>\n\t\t\t\t<\/div>\n\t\t\t\t\t<\/div>\n\t\t<\/div>\n\t\t\t\t\t\t\t<\/div>\n\t\t<\/section>\n\t\t\t\t<section class=\"elementor-section elementor-top-section elementor-element elementor-element-1604d38 elementor-section-stretched tm-column-break-ipad-no tm-col-stretched-none elementor-section-boxed elementor-section-height-default elementor-section-height-default\" data-id=\"1604d38\" data-element_type=\"section\" data-settings=\"{&quot;stretch_section&quot;:&quot;section-stretched&quot;,&quot;background_background&quot;:&quot;classic&quot;}\">\n\t\t\t\t\t\t\t<div class=\"elementor-background-overlay\"><\/div>\n\t\t\t\t\t\t\t<div class=\"elementor-container elementor-column-gap-default\">\n\t\t\t\t\t<div class=\"elementor-column elementor-col-100 elementor-top-column elementor-element elementor-element-a731d5a\" data-id=\"a731d5a\" data-element_type=\"column\">\n\t\t\t<div class=\"elementor-widget-wrap elementor-element-populated\">\n\t\t\t\t\t\t\t\t<div class=\"elementor-element elementor-element-92c1e86 tm-align-center elementor-widget elementor-widget-tm_heading\" data-id=\"92c1e86\" data-element_type=\"widget\" data-widget_type=\"tm_heading.default\">\n\t\t\t\t<div class=\"elementor-widget-container\">\n\t\t\t<div class=\"tm-element-heading-content-wrapper center-align  tm-seperator-solid tm-content-with-desc tm-heading-style-vertical\"><div class=\"tm-content-header\"><h2 class=\"tm-element-content-heading\">\n\t\t\t\t\"SUCCESS \u0130S A JOURNEY, NOT A DEST\u0130NAT\u0130ON\"\n\t\t\t<\/h2>\n\t\t<h4 class=\"tm-element-subheading\">\n\t\t\t\tBen Sweetland\n\t\t\t<\/h4>\n\t\t<\/div><div class=\"tm-element-content-desctxt\">KEEP IN TOUCH<\/div><\/div>\t\t<\/div>\n\t\t\t\t<\/div>\n\t\t\t\t<div class=\"elementor-element elementor-element-3434f54 tm-btn-shape-rounded elementor-align-center tm-btn-color-skincolor tm-btn-style-flat tm-icon-align-left elementor-widget elementor-widget-button\" data-id=\"3434f54\" data-element_type=\"widget\" data-widget_type=\"button.default\">\n\t\t\t\t<div class=\"elementor-widget-container\">\n\t\t\t\t\t<div class=\"elementor-button-wrapper\">\n\t\t\t<a href=\"https:\/\/phoenixdcc.com\/en\/iletisim\/\" class=\"elementor-button-link elementor-button elementor-size-md\" role=\"button\">\n\t\t\t\t\t\t<span class=\"elementor-button-content-wrapper\">\n\t\t\t\t\t\t\t<span class=\"elementor-button-icon elementor-align-icon-left\">\n\t\t\t\t<i aria-hidden=\"true\" class=\"kw_inoterior flaticon-call\"><\/i>\t\t\t<\/span>\n\t\t\t\t\t\t<span class=\"elementor-button-text\">Get Info<\/span>\n\t\t<\/span>\n\t\t\t\t\t<\/a>\n\t\t<\/div>\n\t\t\t\t<\/div>\n\t\t\t\t<\/div>\n\t\t\t\t\t<\/div>\n\t\t<\/div>\n\t\t\t\t\t\t\t<\/div>\n\t\t<\/section>\n\t\t\t\t<section class=\"elementor-section elementor-top-section elementor-element elementor-element-3b693ce elementor-section-stretched tm-column-break-ipad-no tm-col-stretched-none elementor-section-boxed elementor-section-height-default elementor-section-height-default\" data-id=\"3b693ce\" data-element_type=\"section\" data-settings=\"{&quot;stretch_section&quot;:&quot;section-stretched&quot;,&quot;background_background&quot;:&quot;classic&quot;}\">\n\t\t\t\t\t\t\t<div class=\"elementor-background-overlay\"><\/div>\n\t\t\t\t\t\t\t<div class=\"elementor-container elementor-column-gap-default\">\n\t\t\t\t\t<div class=\"elementor-column elementor-col-100 elementor-top-column elementor-element elementor-element-70f335c\" data-id=\"70f335c\" data-element_type=\"column\">\n\t\t\t<div class=\"elementor-widget-wrap elementor-element-populated\">\n\t\t\t\t\t\t\t\t<section class=\"elementor-section elementor-inner-section elementor-element elementor-element-ea014f4 tm-column-break-ipad-no tm-col-stretched-none elementor-section-boxed elementor-section-height-default elementor-section-height-default\" data-id=\"ea014f4\" data-element_type=\"section\">\n\t\t\t\t\t\t<div class=\"elementor-container elementor-column-gap-default\">\n\t\t\t\t\t<div class=\"elementor-column elementor-col-33 elementor-inner-column elementor-element elementor-element-4f97215\" data-id=\"4f97215\" data-element_type=\"column\">\n\t\t\t<div class=\"elementor-widget-wrap elementor-element-populated\">\n\t\t\t\t\t\t\t\t<div class=\"elementor-element elementor-element-8eb4252 elementor-widget elementor-widget-image\" data-id=\"8eb4252\" data-element_type=\"widget\" data-widget_type=\"image.default\">\n\t\t\t\t<div class=\"elementor-widget-container\">\n\t\t\t\t\t\t\t\t\t\t\t\t\t\t\t<img loading=\"lazy\" decoding=\"async\" width=\"300\" height=\"300\" src=\"https:\/\/phoenixdcc.com\/wp-content\/uploads\/2023\/04\/phoenix_logo-4-300x300.png\" class=\"attachment-medium size-medium wp-image-364\" alt=\"\" srcset=\"https:\/\/phoenixdcc.com\/wp-content\/uploads\/2023\/04\/phoenix_logo-4-300x300.png 300w, https:\/\/phoenixdcc.com\/wp-content\/uploads\/2023\/04\/phoenix_logo-4-150x150.png 150w, https:\/\/phoenixdcc.com\/wp-content\/uploads\/2023\/04\/phoenix_logo-4-510x510.png 510w, https:\/\/phoenixdcc.com\/wp-content\/uploads\/2023\/04\/phoenix_logo-4.png 635w\" sizes=\"auto, (max-width: 300px) 100vw, 300px\" data-id=\"364\" \/>\t\t\t\t\t\t\t\t\t\t\t\t\t\t\t<\/div>\n\t\t\t\t<\/div>\n\t\t\t\t\t<\/div>\n\t\t<\/div>\n\t\t\t\t<div class=\"elementor-column elementor-col-33 elementor-inner-column elementor-element elementor-element-cb9b8b9\" data-id=\"cb9b8b9\" data-element_type=\"column\">\n\t\t\t<div class=\"elementor-widget-wrap elementor-element-populated\">\n\t\t\t\t\t\t\t\t<div class=\"elementor-element elementor-element-cb05088 elementor-widget elementor-widget-tm_icon_heading\" data-id=\"cb05088\" data-element_type=\"widget\" data-widget_type=\"tm_icon_heading.default\">\n\t\t\t\t<div class=\"elementor-widget-container\">\n\t\t\t\n<div class=\"themetechmount-iconbox themetechmount-iconbox-stylesix themetechmount-iconcolor-skincolor\">\n<div class=\"themetechmount-iconbox-inner\">\n\t\t<div class=\"tm-iconbox-wrapper\">\n\t\t\t<div class=\"themetechmount-iconbox-icon\">\n\t\t\t<div class=\"tm-icon-type-image\"><img decoding=\"async\" src=\"https:\/\/phoenixdcc.com\/wp-content\/uploads\/2023\/04\/05.png\" alt=\"Icon\" \/><\/div>\t\t\t<\/div>\n\t\t\t<div class=\"themetechmount-iconbox-heading\">\n\t\t\t\t<h2 class=\"tm-custom-heading\">\n\t\t\t\t\t\n\t\t\t\t\t\tConsultancy\n\t\t\t\t\t\n\t\t\t\t\t<\/h2>\n\t\t\t\t\t\t\t\t\t\t\t\t<div class=\"tm-cta3-content-wrapper\">We are with you at all stages of your planned project. We guide you every step of the way, overcoming the challenges on the road to the top one by one. The right start is the foundation of a good outcome.<\/div>\t\t\t\t<div class=\"tm-iocnbox-btn\"><a href=\"https:\/\/phoenixdcc.com\/en\/danismanlik\/\"><span>devam\u0131<\/span><\/a><\/div>\t\t\t<\/div>\t\n\t\t<\/div>\n\t<\/div>\t\n\n<\/div>\n\t\t<\/div>\n\t\t\t\t<\/div>\n\t\t\t\t\t<\/div>\n\t\t<\/div>\n\t\t\t\t<div class=\"elementor-column elementor-col-33 elementor-inner-column elementor-element elementor-element-fba4b0e\" data-id=\"fba4b0e\" data-element_type=\"column\">\n\t\t\t<div class=\"elementor-widget-wrap elementor-element-populated\">\n\t\t\t\t\t\t\t\t<div class=\"elementor-element elementor-element-4a365f2 elementor-widget elementor-widget-tm_icon_heading\" data-id=\"4a365f2\" data-element_type=\"widget\" data-widget_type=\"tm_icon_heading.default\">\n\t\t\t\t<div class=\"elementor-widget-container\">\n\t\t\t\n<div class=\"themetechmount-iconbox themetechmount-iconbox-stylesix themetechmount-iconcolor-skincolor\">\n<div class=\"themetechmount-iconbox-inner\">\n\t\t<div class=\"tm-iconbox-wrapper\">\n\t\t\t<div class=\"themetechmount-iconbox-icon\">\n\t\t\t<div class=\"tm-icon-type-image\"><img decoding=\"async\" src=\"https:\/\/phoenixdcc.com\/wp-content\/uploads\/2023\/04\/01.png\" alt=\"Icon\" \/><\/div>\t\t\t<\/div>\n\t\t\t<div class=\"themetechmount-iconbox-heading\">\n\t\t\t\t<h2 class=\"tm-custom-heading\">\n\t\t\t\t\t\n\t\t\t\t\t\tProject \n\t\t\t\t\t\n\t\t\t\t\t<\/h2>\n\t\t\t\t\t\t\t\t\t\t\t\t<div class=\"tm-cta3-content-wrapper\">Bir projeye bakarken sadece demirden olu\u015fan bir yap\u0131 g\u00f6rm\u00fcyoruz, bir hik\u00e2yesinin ve g\u00fc\u00e7l\u00fc bir altyap\u0131s\u0131n\u0131n olmas\u0131n\u0131 hedefliyoruz. \n<\/div>\t\t\t\t<div class=\"tm-iocnbox-btn\"><a href=\"https:\/\/phoenixdcc.com\/en\/proje\/\"><span>devam\u0131<\/span><\/a><\/div>\t\t\t<\/div>\t\n\t\t<\/div>\n\t<\/div>\t\n\n<\/div>\n\t\t<\/div>\n\t\t\t\t<\/div>\n\t\t\t\t\t<\/div>\n\t\t<\/div>\n\t\t\t\t\t\t\t<\/div>\n\t\t<\/section>\n\t\t\t\t<section class=\"elementor-section elementor-inner-section elementor-element elementor-element-ac7c542 tm-column-break-ipad-no tm-col-stretched-none elementor-section-boxed elementor-section-height-default elementor-section-height-default\" data-id=\"ac7c542\" data-element_type=\"section\">\n\t\t\t\t\t\t<div class=\"elementor-container elementor-column-gap-default\">\n\t\t\t\t\t<div class=\"elementor-column elementor-col-33 elementor-inner-column elementor-element elementor-element-116b277\" data-id=\"116b277\" data-element_type=\"column\">\n\t\t\t<div class=\"elementor-widget-wrap elementor-element-populated\">\n\t\t\t\t\t\t\t\t<div class=\"elementor-element elementor-element-979c19b elementor-widget elementor-widget-tm_icon_heading\" data-id=\"979c19b\" data-element_type=\"widget\" data-widget_type=\"tm_icon_heading.default\">\n\t\t\t\t<div class=\"elementor-widget-container\">\n\t\t\t\n<div class=\"themetechmount-iconbox themetechmount-iconbox-stylesix themetechmount-iconcolor-skincolor\">\n<div class=\"themetechmount-iconbox-inner\">\n\t\t<div class=\"tm-iconbox-wrapper\">\n\t\t\t<div class=\"themetechmount-iconbox-icon\">\n\t\t\t<div class=\"tm-icon-type-image\"><img decoding=\"async\" src=\"https:\/\/phoenixdcc.com\/wp-content\/uploads\/2023\/04\/02.png\" alt=\"Icon\" \/><\/div>\t\t\t<\/div>\n\t\t\t<div class=\"themetechmount-iconbox-heading\">\n\t\t\t\t<h2 class=\"tm-custom-heading\">\n\t\t\t\t\t\n\t\t\t\t\t\tConstruction \n\t\t\t\t\t\n\t\t\t\t\t<\/h2>\n\t\t\t\t\t\t\t\t\t\t\t\t<div class=\"tm-cta3-content-wrapper\">Temeli sa\u011flam, gelecek nesillerin gururla ad\u0131ndan s\u00f6z edece\u011fi yap\u0131lar kazand\u0131rmak i\u00e7in var g\u00fcc\u00fcm\u00fczle \u00e7al\u0131\u015f\u0131yoruz.\n\nProjenizin yap\u0131m a\u015famas\u0131nda gerekli olan t\u00fcm materyalleri en uygun ve avantajl\u0131 \u015fekilde raporluyoruz.<\/div>\t\t\t\t<div class=\"tm-iocnbox-btn\"><a href=\"https:\/\/phoenixdcc.com\/en\/insaat\/\"><span>devam\u0131<\/span><\/a><\/div>\t\t\t<\/div>\t\n\t\t<\/div>\n\t<\/div>\t\n\n<\/div>\n\t\t<\/div>\n\t\t\t\t<\/div>\n\t\t\t\t\t<\/div>\n\t\t<\/div>\n\t\t\t\t<div class=\"elementor-column elementor-col-33 elementor-inner-column elementor-element elementor-element-723e836\" data-id=\"723e836\" data-element_type=\"column\">\n\t\t\t<div class=\"elementor-widget-wrap elementor-element-populated\">\n\t\t\t\t\t\t\t\t<div class=\"elementor-element elementor-element-47d6747 elementor-widget elementor-widget-tm_icon_heading\" data-id=\"47d6747\" data-element_type=\"widget\" data-widget_type=\"tm_icon_heading.default\">\n\t\t\t\t<div class=\"elementor-widget-container\">\n\t\t\t\n<div class=\"themetechmount-iconbox themetechmount-iconbox-stylesix themetechmount-iconcolor-skincolor\">\n<div class=\"themetechmount-iconbox-inner\">\n\t\t<div class=\"tm-iconbox-wrapper\">\n\t\t\t<div class=\"themetechmount-iconbox-icon\">\n\t\t\t<div class=\"tm-icon-type-image\"><img decoding=\"async\" src=\"https:\/\/phoenixdcc.com\/wp-content\/uploads\/2023\/04\/03.png\" alt=\"Icon\" \/><\/div>\t\t\t<\/div>\n\t\t\t<div class=\"themetechmount-iconbox-heading\">\n\t\t\t\t<h2 class=\"tm-custom-heading\">\n\t\t\t\t\t\n\t\t\t\t\t\tImport-Exportat \n\t\t\t\t\t\n\t\t\t\t\t<\/h2>\n\t\t\t\t\t\t\t\t\t\t\t\t<div class=\"tm-cta3-content-wrapper\">We offer you customized strategic moves for the projects you plan to invest and profit in a specific area. \n<\/div>\t\t\t\t<div class=\"tm-iocnbox-btn\"><a href=\"https:\/\/phoenixdcc.com\/en\/ithalat-ihracat\/\"><span>devam\u0131<\/span><\/a><\/div>\t\t\t<\/div>\t\n\t\t<\/div>\n\t<\/div>\t\n\n<\/div>\n\t\t<\/div>\n\t\t\t\t<\/div>\n\t\t\t\t\t<\/div>\n\t\t<\/div>\n\t\t\t\t<div class=\"elementor-column elementor-col-33 elementor-inner-column elementor-element elementor-element-f300e1b\" data-id=\"f300e1b\" data-element_type=\"column\">\n\t\t\t<div class=\"elementor-widget-wrap elementor-element-populated\">\n\t\t\t\t\t\t\t\t<div class=\"elementor-element elementor-element-b2dec02 elementor-widget elementor-widget-tm_icon_heading\" data-id=\"b2dec02\" data-element_type=\"widget\" data-widget_type=\"tm_icon_heading.default\">\n\t\t\t\t<div class=\"elementor-widget-container\">\n\t\t\t\n<div class=\"themetechmount-iconbox themetechmount-iconbox-stylesix themetechmount-iconcolor-darkgrey\">\n<div class=\"themetechmount-iconbox-inner\">\n\t\t<div class=\"tm-iconbox-wrapper\">\n\t\t\t<div class=\"themetechmount-iconbox-icon\">\n\t\t\t<div class=\"tm-icon-type-image\"><img decoding=\"async\" src=\"https:\/\/phoenixdcc.com\/wp-content\/uploads\/2023\/04\/06.png\" alt=\"Icon\" \/><\/div>\t\t\t<\/div>\n\t\t\t<div class=\"themetechmount-iconbox-heading\">\n\t\t\t\t<h2 class=\"tm-custom-heading\">\n\t\t\t\t\t\n\t\t\t\t\t\tAdvertising-Software \n\t\t\t\t\t\n\t\t\t\t\t<\/h2>\n\t\t\t\t\t\t\t\t\t\t\t\t<div class=\"tm-cta3-content-wrapper\">Profesyonel reklam ekibimizle bilinirli\u011finizi art\u0131racak 3600 ileti\u015fim stratejileri sunuyor, markan\u0131z\u0131n t\u00fcm ileti\u015fim faaliyetlerinde etkin rol oynayan profesyonel hizmetler vererek zirveye ula\u015fman\u0131z\u0131 sa\u011fl\u0131yoruz. <\/div>\t\t\t\t<div class=\"tm-iocnbox-btn\"><a href=\"https:\/\/phoenixdcc.com\/en\/reklam-yazilim\/\"><span>devam\u0131<\/span><\/a><\/div>\t\t\t<\/div>\t\n\t\t<\/div>\n\t<\/div>\t\n\n<\/div>\n\t\t<\/div>\n\t\t\t\t<\/div>\n\t\t\t\t\t<\/div>\n\t\t<\/div>\n\t\t\t\t\t\t\t<\/div>\n\t\t<\/section>\n\t\t\t\t\t<\/div>\n\t\t<\/div>\n\t\t\t\t\t\t\t<\/div>\n\t\t<\/section>\n\t\t\t\t\t\t\t<\/div>","protected":false},"excerpt":{"rendered":"<p>YEN\u0130L\u0130KLER\u0130N ANA \u00dcSS\u00dcNE HO\u015e GELD\u0130N\u0130Z! PHOENIX DCC \u0130LE Z\u0130RVEDES\u0130N\u0130Z! 33 Y\u0131l 33 y\u0131l boyunca yapt\u0131\u011f\u0131m\u0131z \u00e7al\u0131\u015fmalarla ge\u00e7mi\u015ften gelece\u011fe iz b\u0131rak\u0131yoruz. Sadece \u015fu an\u0131 de\u011fil y\u0131llar boyu ad\u0131ndan s\u00f6z ettirecek projelerle sekt\u00f6re yeni bak\u0131\u015f a\u00e7\u0131lar\u0131 kazand\u0131r\u0131yoruz. \u0130\u015fimizi, sadece bitirilmesi gereken bir projeden \u00f6te hayata dokunan, d\u00fcnyay\u0131 daha iyi bir yer haline getiren bir hik\u00e2yenin ba\u015flang\u0131c\u0131 olarak &hellip; <a href=\"https:\/\/phoenixdcc.com\/en\/\" class=\"more-link\">Continue reading <span class=\"screen-reader-text\">HOMEPAGE<\/span><\/a><\/p>","protected":false},"author":1,"featured_media":0,"parent":0,"menu_order":0,"comment_status":"closed","ping_status":"closed","template":"","meta":{"footnotes":""},"class_list":["post-5","page","type-page","status-publish","hentry"],"_links":{"self":[{"href":"https:\/\/phoenixdcc.com\/en\/wp-json\/wp\/v2\/pages\/5","targetHints":{"allow":["GET"]}}],"collection":[{"href":"https:\/\/phoenixdcc.com\/en\/wp-json\/wp\/v2\/pages"}],"about":[{"href":"https:\/\/phoenixdcc.com\/en\/wp-json\/wp\/v2\/types\/page"}],"author":[{"embeddable":true,"href":"https:\/\/phoenixdcc.com\/en\/wp-json\/wp\/v2\/users\/1"}],"replies":[{"embeddable":true,"href":"https:\/\/phoenixdcc.com\/en\/wp-json\/wp\/v2\/comments?post=5"}],"version-history":[{"count":167,"href":"https:\/\/phoenixdcc.com\/en\/wp-json\/wp\/v2\/pages\/5\/revisions"}],"predecessor-version":[{"id":581,"href":"https:\/\/phoenixdcc.com\/en\/wp-json\/wp\/v2\/pages\/5\/revisions\/581"}],"wp:attachment":[{"href":"https:\/\/phoenixdcc.com\/en\/wp-json\/wp\/v2\/media?parent=5"}],"curies":[{"name":"wp","href":"https:\/\/api.w.org\/{rel}","templated":true}]}}