{"id":460,"date":"2023-04-06T13:37:43","date_gmt":"2023-04-06T10:37:43","guid":{"rendered":"https:\/\/phoenixdcc.com\/?page_id=460"},"modified":"2023-04-13T09:58:45","modified_gmt":"2023-04-13T06:58:45","slug":"referanslarimiz","status":"publish","type":"page","link":"https:\/\/phoenixdcc.com\/en\/referanslarimiz\/","title":{"rendered":"OUR REFERENCES"},"content":{"rendered":"<div data-elementor-type=\"wp-page\" data-elementor-id=\"460\" class=\"elementor elementor-460\">\n\t\t\t\t\t\t\t\t\t<section class=\"elementor-section elementor-top-section elementor-element elementor-element-636bc4a elementor-section-stretched tm-column-break-ipad-no tm-col-stretched-none elementor-section-boxed elementor-section-height-default elementor-section-height-default\" data-id=\"636bc4a\" data-element_type=\"section\" data-settings=\"{&quot;stretch_section&quot;:&quot;section-stretched&quot;}\">\n\t\t\t\t\t\t\t<div class=\"elementor-background-overlay\"><\/div>\n\t\t\t\t\t\t\t<div class=\"elementor-container elementor-column-gap-default\">\n\t\t\t\t\t<div class=\"elementor-column elementor-col-100 elementor-top-column elementor-element elementor-element-552c18d\" data-id=\"552c18d\" data-element_type=\"column\" data-settings=\"{&quot;background_background&quot;:&quot;classic&quot;}\">\n\t\t\t<div class=\"elementor-widget-wrap elementor-element-populated\">\n\t\t\t\t\t<div class=\"elementor-background-overlay\"><\/div>\n\t\t\t\t\t\t\t\t<section class=\"elementor-section elementor-inner-section elementor-element elementor-element-c43e15f tm-column-break-ipad-no tm-col-stretched-none elementor-section-boxed elementor-section-height-default elementor-section-height-default\" data-id=\"c43e15f\" data-element_type=\"section\">\n\t\t\t\t\t\t<div class=\"elementor-container elementor-column-gap-default\">\n\t\t\t\t\t<div class=\"elementor-column elementor-col-50 elementor-inner-column elementor-element elementor-element-7e2763b\" data-id=\"7e2763b\" data-element_type=\"column\">\n\t\t\t<div class=\"elementor-widget-wrap elementor-element-populated\">\n\t\t\t\t\t\t\t\t<div class=\"elementor-element elementor-element-c254900 tm-align-left elementor-widget elementor-widget-tm_heading\" data-id=\"c254900\" data-element_type=\"widget\" data-widget_type=\"tm_heading.default\">\n\t\t\t\t<div class=\"elementor-widget-container\">\n\t\t\t<div class=\"tm-element-heading-content-wrapper left-align tm-reverse-heading-yes tm-seperator-solid  tm-heading-style-vertical\"><div class=\"tm-content-header\"><h2 class=\"tm-element-content-heading\">\n\t\t\t\tOUR REFERENCES SPEAK FOR THEMSELVES!\n\t\t\t<\/h2>\n\t\t<\/div><\/div>\t\t<\/div>\n\t\t\t\t<\/div>\n\t\t\t\t<div class=\"elementor-element elementor-element-6bb3c25 elementor-widget elementor-widget-text-editor\" data-id=\"6bb3c25\" data-element_type=\"widget\" data-widget_type=\"text-editor.default\">\n\t\t\t\t<div class=\"elementor-widget-container\">\n\t\t\t<style>\/*! elementor - v3.12.0 - 29-03-2023 *\/\n.elementor-widget-text-editor.elementor-drop-cap-view-stacked .elementor-drop-cap{background-color:#69727d;color:#fff}.elementor-widget-text-editor.elementor-drop-cap-view-framed .elementor-drop-cap{color:#69727d;border:3px solid;background-color:transparent}.elementor-widget-text-editor:not(.elementor-drop-cap-view-default) .elementor-drop-cap{margin-top:8px}.elementor-widget-text-editor:not(.elementor-drop-cap-view-default) .elementor-drop-cap-letter{width:1em;height:1em}.elementor-widget-text-editor .elementor-drop-cap{float:left;text-align:center;line-height:1;font-size:50px}.elementor-widget-text-editor .elementor-drop-cap-letter{display:inline-block}<\/style>\t\t\t\t<p style=\"text-align: left;\">We are proud of each and every one of our works that took its place at the top, and we walk confidently into the future. For 33 years, as \"those who leave their mark\",<br \/>we have been striving to pass on the knowledge we have gained from the past from generation to generation.<\/p><div class=\"notranslate\" style=\"all: initial;\">\u00a0<\/div>\t\t\t\t\t\t<\/div>\n\t\t\t\t<\/div>\n\t\t\t\t<div class=\"elementor-element elementor-element-fb81f90 elementor-widget elementor-widget-text-editor\" data-id=\"fb81f90\" data-element_type=\"widget\" data-widget_type=\"text-editor.default\">\n\t\t\t\t<div class=\"elementor-widget-container\">\n\t\t\t\t\t\t\t<blockquote><p>Experience is measured not only<br \/>in years but also in deeds.<\/p><\/blockquote>\t\t\t\t\t\t<\/div>\n\t\t\t\t<\/div>\n\t\t\t\t\t<\/div>\n\t\t<\/div>\n\t\t\t\t<div class=\"elementor-column elementor-col-50 elementor-inner-column elementor-element elementor-element-9207543\" data-id=\"9207543\" data-element_type=\"column\">\n\t\t\t<div class=\"elementor-widget-wrap elementor-element-populated\">\n\t\t\t\t\t\t\t\t<div class=\"elementor-element elementor-element-a5e072e elementor-widget elementor-widget-image\" data-id=\"a5e072e\" data-element_type=\"widget\" data-widget_type=\"image.default\">\n\t\t\t\t<div class=\"elementor-widget-container\">\n\t\t\t<style>\/*! elementor - v3.12.0 - 29-03-2023 *\/\n.elementor-widget-image{text-align:center}.elementor-widget-image a{display:inline-block}.elementor-widget-image a img[src$=\".svg\"]{width:48px}.elementor-widget-image img{vertical-align:middle;display:inline-block}<\/style>\t\t\t\t\t\t\t\t\t\t\t\t<img loading=\"lazy\" decoding=\"async\" width=\"760\" height=\"739\" src=\"https:\/\/phoenixdcc.com\/wp-content\/uploads\/2023\/04\/phoenixdcc-03-copy-1.png\" class=\"attachment-large size-large wp-image-566\" alt=\"\" srcset=\"https:\/\/phoenixdcc.com\/wp-content\/uploads\/2023\/04\/phoenixdcc-03-copy-1.png 760w, https:\/\/phoenixdcc.com\/wp-content\/uploads\/2023\/04\/phoenixdcc-03-copy-1-300x292.png 300w, https:\/\/phoenixdcc.com\/wp-content\/uploads\/2023\/04\/phoenixdcc-03-copy-1-12x12.png 12w, https:\/\/phoenixdcc.com\/wp-content\/uploads\/2023\/04\/phoenixdcc-03-copy-1-309x300.png 309w, https:\/\/phoenixdcc.com\/wp-content\/uploads\/2023\/04\/phoenixdcc-03-copy-1-524x510.png 524w\" sizes=\"auto, (max-width: 760px) 100vw, 760px\" data-id=\"566\" \/>\t\t\t\t\t\t\t\t\t\t\t\t\t\t\t<\/div>\n\t\t\t\t<\/div>\n\t\t\t\t\t<\/div>\n\t\t<\/div>\n\t\t\t\t\t\t\t<\/div>\n\t\t<\/section>\n\t\t\t\t\t<\/div>\n\t\t<\/div>\n\t\t\t\t\t\t\t<\/div>\n\t\t<\/section>\n\t\t\t\t<section class=\"elementor-section elementor-top-section elementor-element elementor-element-6984d05 tm-column-break-ipad-no tm-col-stretched-none elementor-section-boxed elementor-section-height-default elementor-section-height-default\" data-id=\"6984d05\" data-element_type=\"section\">\n\t\t\t\t\t\t<div class=\"elementor-container elementor-column-gap-default\">\n\t\t\t\t\t<div class=\"elementor-column elementor-col-100 elementor-top-column elementor-element elementor-element-5eeb114\" data-id=\"5eeb114\" data-element_type=\"column\">\n\t\t\t<div class=\"elementor-widget-wrap elementor-element-populated\">\n\t\t\t\t\t\t\t\t<div class=\"elementor-element elementor-element-7644bc8 elementor-widget elementor-widget-image-gallery\" data-id=\"7644bc8\" data-element_type=\"widget\" data-widget_type=\"image-gallery.default\">\n\t\t\t\t<div class=\"elementor-widget-container\">\n\t\t\t<style>\/*! elementor - v3.12.0 - 29-03-2023 *\/\n.elementor-image-gallery .gallery-item{display:inline-block;text-align:center;vertical-align:top;width:100%;max-width:100%;margin:0 auto}.elementor-image-gallery .gallery-item img{margin:0 auto}.elementor-image-gallery .gallery-item .gallery-caption{margin:0}.elementor-image-gallery figure img{display:block}.elementor-image-gallery figure figcaption{width:100%}.gallery-spacing-custom .elementor-image-gallery .gallery-icon{padding:0}@media (min-width:768px){.elementor-image-gallery .gallery-columns-2 .gallery-item{max-width:50%}.elementor-image-gallery .gallery-columns-3 .gallery-item{max-width:33.33%}.elementor-image-gallery .gallery-columns-4 .gallery-item{max-width:25%}.elementor-image-gallery .gallery-columns-5 .gallery-item{max-width:20%}.elementor-image-gallery .gallery-columns-6 .gallery-item{max-width:16.666%}.elementor-image-gallery .gallery-columns-7 .gallery-item{max-width:14.28%}.elementor-image-gallery .gallery-columns-8 .gallery-item{max-width:12.5%}.elementor-image-gallery .gallery-columns-9 .gallery-item{max-width:11.11%}.elementor-image-gallery .gallery-columns-10 .gallery-item{max-width:10%}}@media (min-width:480px) and (max-width:767px){.elementor-image-gallery .gallery.gallery-columns-2 .gallery-item,.elementor-image-gallery .gallery.gallery-columns-3 .gallery-item,.elementor-image-gallery .gallery.gallery-columns-4 .gallery-item,.elementor-image-gallery .gallery.gallery-columns-5 .gallery-item,.elementor-image-gallery .gallery.gallery-columns-6 .gallery-item,.elementor-image-gallery .gallery.gallery-columns-7 .gallery-item,.elementor-image-gallery .gallery.gallery-columns-8 .gallery-item,.elementor-image-gallery .gallery.gallery-columns-9 .gallery-item,.elementor-image-gallery .gallery.gallery-columns-10 .gallery-item{max-width:50%}}@media (max-width:479px){.elementor-image-gallery .gallery.gallery-columns-2 .gallery-item,.elementor-image-gallery .gallery.gallery-columns-3 .gallery-item,.elementor-image-gallery .gallery.gallery-columns-4 .gallery-item,.elementor-image-gallery .gallery.gallery-columns-5 .gallery-item,.elementor-image-gallery .gallery.gallery-columns-6 .gallery-item,.elementor-image-gallery .gallery.gallery-columns-7 .gallery-item,.elementor-image-gallery .gallery.gallery-columns-8 .gallery-item,.elementor-image-gallery .gallery.gallery-columns-9 .gallery-item,.elementor-image-gallery .gallery.gallery-columns-10 .gallery-item{max-width:100%}}<\/style>\t\t<div class=\"elementor-image-gallery\">\n\t\t\t<div id='gallery-1' class='gallery galleryid-460 gallery-columns-5 gallery-size-full'><figure class='gallery-item'>\n\t\t\t<div class='gallery-icon portrait'>\n\t\t\t\t<a data-elementor-open-lightbox=\"yes\" data-elementor-lightbox-slideshow=\"7644bc8\" data-elementor-lightbox-title=\"i\u015f bitirme ENKA\" data-e-action-hash=\"#elementor-action%3Aaction%3Dlightbox%26settings%3DeyJpZCI6NDc3LCJ1cmwiOiJodHRwczpcL1wvcGhvZW5peGRjYy5jb21cL3dwLWNvbnRlbnRcL3VwbG9hZHNcLzIwMjNcLzA0XC9pcy1iaXRpcm1lLUVOS0EuanBnIiwic2xpZGVzaG93IjoiNzY0NGJjOCJ9\" href='https:\/\/phoenixdcc.com\/wp-content\/uploads\/2023\/04\/is-bitirme-ENKA.jpg'><img loading=\"lazy\" decoding=\"async\" width=\"850\" height=\"1280\" src=\"https:\/\/phoenixdcc.com\/wp-content\/uploads\/2023\/04\/is-bitirme-ENKA.jpg\" class=\"attachment-full size-full\" alt=\"\" srcset=\"https:\/\/phoenixdcc.com\/wp-content\/uploads\/2023\/04\/is-bitirme-ENKA.jpg 850w, https:\/\/phoenixdcc.com\/wp-content\/uploads\/2023\/04\/is-bitirme-ENKA-199x300.jpg 199w, https:\/\/phoenixdcc.com\/wp-content\/uploads\/2023\/04\/is-bitirme-ENKA-680x1024.jpg 680w, https:\/\/phoenixdcc.com\/wp-content\/uploads\/2023\/04\/is-bitirme-ENKA-768x1157.jpg 768w, https:\/\/phoenixdcc.com\/wp-content\/uploads\/2023\/04\/is-bitirme-ENKA-339x510.jpg 339w\" sizes=\"auto, (max-width: 850px) 100vw, 850px\" data-id=\"477\" \/><\/a>\n\t\t\t<\/div><\/figure><figure class='gallery-item'>\n\t\t\t<div class='gallery-icon portrait'>\n\t\t\t\t<a data-elementor-open-lightbox=\"yes\" data-elementor-lightbox-slideshow=\"7644bc8\" data-elementor-lightbox-title=\"Full page fax print\" data-e-action-hash=\"#elementor-action%3Aaction%3Dlightbox%26settings%3DeyJpZCI6NDgwLCJ1cmwiOiJodHRwczpcL1wvcGhvZW5peGRjYy5jb21cL3dwLWNvbnRlbnRcL3VwbG9hZHNcLzIwMjNcLzA0XC9pcy1iaXRpcm1lLTAxX211cmF0LWVyZGlsaS1jb3B5LTEtc2NhbGVkLmpwZyIsInNsaWRlc2hvdyI6Ijc2NDRiYzgifQ%3D%3D\" href='https:\/\/phoenixdcc.com\/wp-content\/uploads\/2023\/04\/is-bitirme-01_murat-erdili-copy-1-scaled.jpg'><img loading=\"lazy\" decoding=\"async\" width=\"1808\" height=\"2560\" src=\"https:\/\/phoenixdcc.com\/wp-content\/uploads\/2023\/04\/is-bitirme-01_murat-erdili-copy-1-scaled.jpg\" class=\"attachment-full size-full\" alt=\"\" srcset=\"https:\/\/phoenixdcc.com\/wp-content\/uploads\/2023\/04\/is-bitirme-01_murat-erdili-copy-1-scaled.jpg 1808w, https:\/\/phoenixdcc.com\/wp-content\/uploads\/2023\/04\/is-bitirme-01_murat-erdili-copy-1-212x300.jpg 212w, https:\/\/phoenixdcc.com\/wp-content\/uploads\/2023\/04\/is-bitirme-01_murat-erdili-copy-1-723x1024.jpg 723w, https:\/\/phoenixdcc.com\/wp-content\/uploads\/2023\/04\/is-bitirme-01_murat-erdili-copy-1-768x1087.jpg 768w, https:\/\/phoenixdcc.com\/wp-content\/uploads\/2023\/04\/is-bitirme-01_murat-erdili-copy-1-1085x1536.jpg 1085w, https:\/\/phoenixdcc.com\/wp-content\/uploads\/2023\/04\/is-bitirme-01_murat-erdili-copy-1-1447x2048.jpg 1447w, https:\/\/phoenixdcc.com\/wp-content\/uploads\/2023\/04\/is-bitirme-01_murat-erdili-copy-1-360x510.jpg 360w\" sizes=\"auto, (max-width: 1808px) 100vw, 1808px\" data-id=\"480\" \/><\/a>\n\t\t\t<\/div><\/figure><figure class='gallery-item'>\n\t\t\t<div class='gallery-icon portrait'>\n\t\t\t\t<a data-elementor-open-lightbox=\"yes\" data-elementor-lightbox-slideshow=\"7644bc8\" data-elementor-lightbox-title=\"Full page fax print\" data-e-action-hash=\"#elementor-action%3Aaction%3Dlightbox%26settings%3DeyJpZCI6NDgxLCJ1cmwiOiJodHRwczpcL1wvcGhvZW5peGRjYy5jb21cL3dwLWNvbnRlbnRcL3VwbG9hZHNcLzIwMjNcLzA0XC8xMjEyLXNjYWxlZC5qcGciLCJzbGlkZXNob3ciOiI3NjQ0YmM4In0%3D\" href='https:\/\/phoenixdcc.com\/wp-content\/uploads\/2023\/04\/1212-scaled.jpg'><img loading=\"lazy\" decoding=\"async\" width=\"1808\" height=\"2560\" src=\"https:\/\/phoenixdcc.com\/wp-content\/uploads\/2023\/04\/1212-scaled.jpg\" class=\"attachment-full size-full\" alt=\"\" srcset=\"https:\/\/phoenixdcc.com\/wp-content\/uploads\/2023\/04\/1212-scaled.jpg 1808w, https:\/\/phoenixdcc.com\/wp-content\/uploads\/2023\/04\/1212-212x300.jpg 212w, https:\/\/phoenixdcc.com\/wp-content\/uploads\/2023\/04\/1212-723x1024.jpg 723w, https:\/\/phoenixdcc.com\/wp-content\/uploads\/2023\/04\/1212-768x1087.jpg 768w, https:\/\/phoenixdcc.com\/wp-content\/uploads\/2023\/04\/1212-1085x1536.jpg 1085w, https:\/\/phoenixdcc.com\/wp-content\/uploads\/2023\/04\/1212-1447x2048.jpg 1447w, https:\/\/phoenixdcc.com\/wp-content\/uploads\/2023\/04\/1212-360x510.jpg 360w\" sizes=\"auto, (max-width: 1808px) 100vw, 1808px\" data-id=\"481\" \/><\/a>\n\t\t\t<\/div><\/figure><figure class='gallery-item'>\n\t\t\t<div class='gallery-icon portrait'>\n\t\t\t\t<a data-elementor-open-lightbox=\"yes\" data-elementor-lightbox-slideshow=\"7644bc8\" data-elementor-lightbox-title=\"Full page fax print\" data-e-action-hash=\"#elementor-action%3Aaction%3Dlightbox%26settings%3DeyJpZCI6NDgyLCJ1cmwiOiJodHRwczpcL1wvcGhvZW5peGRjYy5jb21cL3dwLWNvbnRlbnRcL3VwbG9hZHNcLzIwMjNcLzA0XC8zMjMyLXNjYWxlZC5qcGciLCJzbGlkZXNob3ciOiI3NjQ0YmM4In0%3D\" href='https:\/\/phoenixdcc.com\/wp-content\/uploads\/2023\/04\/3232-scaled.jpg'><img loading=\"lazy\" decoding=\"async\" width=\"1808\" height=\"2560\" src=\"https:\/\/phoenixdcc.com\/wp-content\/uploads\/2023\/04\/3232-scaled.jpg\" class=\"attachment-full size-full\" alt=\"\" srcset=\"https:\/\/phoenixdcc.com\/wp-content\/uploads\/2023\/04\/3232-scaled.jpg 1808w, https:\/\/phoenixdcc.com\/wp-content\/uploads\/2023\/04\/3232-212x300.jpg 212w, https:\/\/phoenixdcc.com\/wp-content\/uploads\/2023\/04\/3232-723x1024.jpg 723w, https:\/\/phoenixdcc.com\/wp-content\/uploads\/2023\/04\/3232-768x1087.jpg 768w, https:\/\/phoenixdcc.com\/wp-content\/uploads\/2023\/04\/3232-1085x1536.jpg 1085w, https:\/\/phoenixdcc.com\/wp-content\/uploads\/2023\/04\/3232-1447x2048.jpg 1447w, https:\/\/phoenixdcc.com\/wp-content\/uploads\/2023\/04\/3232-360x510.jpg 360w\" sizes=\"auto, (max-width: 1808px) 100vw, 1808px\" data-id=\"482\" \/><\/a>\n\t\t\t<\/div><\/figure><figure class='gallery-item'>\n\t\t\t<div class='gallery-icon portrait'>\n\t\t\t\t<a data-elementor-open-lightbox=\"yes\" data-elementor-lightbox-slideshow=\"7644bc8\" data-elementor-lightbox-title=\"Full page fax print\" data-e-action-hash=\"#elementor-action%3Aaction%3Dlightbox%26settings%3DeyJpZCI6NDc4LCJ1cmwiOiJodHRwczpcL1wvcGhvZW5peGRjYy5jb21cL3dwLWNvbnRlbnRcL3VwbG9hZHNcLzIwMjNcLzA0XC9pcy1iaXRpcm1lLTAxX211cmF0LWVyZGlsaS1jb3B5LXNjYWxlZC5qcGciLCJzbGlkZXNob3ciOiI3NjQ0YmM4In0%3D\" href='https:\/\/phoenixdcc.com\/wp-content\/uploads\/2023\/04\/is-bitirme-01_murat-erdili-copy-scaled.jpg'><img loading=\"lazy\" decoding=\"async\" width=\"1808\" height=\"2560\" src=\"https:\/\/phoenixdcc.com\/wp-content\/uploads\/2023\/04\/is-bitirme-01_murat-erdili-copy-scaled.jpg\" class=\"attachment-full size-full\" alt=\"\" srcset=\"https:\/\/phoenixdcc.com\/wp-content\/uploads\/2023\/04\/is-bitirme-01_murat-erdili-copy-scaled.jpg 1808w, https:\/\/phoenixdcc.com\/wp-content\/uploads\/2023\/04\/is-bitirme-01_murat-erdili-copy-212x300.jpg 212w, https:\/\/phoenixdcc.com\/wp-content\/uploads\/2023\/04\/is-bitirme-01_murat-erdili-copy-723x1024.jpg 723w, https:\/\/phoenixdcc.com\/wp-content\/uploads\/2023\/04\/is-bitirme-01_murat-erdili-copy-768x1087.jpg 768w, https:\/\/phoenixdcc.com\/wp-content\/uploads\/2023\/04\/is-bitirme-01_murat-erdili-copy-1085x1536.jpg 1085w, https:\/\/phoenixdcc.com\/wp-content\/uploads\/2023\/04\/is-bitirme-01_murat-erdili-copy-1447x2048.jpg 1447w, https:\/\/phoenixdcc.com\/wp-content\/uploads\/2023\/04\/is-bitirme-01_murat-erdili-copy-360x510.jpg 360w\" sizes=\"auto, (max-width: 1808px) 100vw, 1808px\" data-id=\"478\" \/><\/a>\n\t\t\t<\/div><\/figure>\n\t\t<\/div>\n\t\t<\/div>\n\t\t\t\t<\/div>\n\t\t\t\t<\/div>\n\t\t\t\t\t<\/div>\n\t\t<\/div>\n\t\t\t\t\t\t\t<\/div>\n\t\t<\/section>\n\t\t\t\t\t\t\t<\/div>","protected":false},"excerpt":{"rendered":"<p>REFERANSLAR ANLATIR B\u0130Z\u0130! Zirvede yerini alan her bir \u00e7al\u0131\u015fmam\u0131zla gurur duyuyor, g\u00fcvenle gelece\u011fe y\u00fcr\u00fcyoruz.33 y\u0131l boyunca \u201ciz b\u0131rakanlar\u201d olarak ge\u00e7mi\u015ften ald\u0131\u011f\u0131m\u0131z birikimi nesilden nesle aktarmak i\u00e7in \u00e7abal\u0131yoruz. \u00a0 Tecr\u00fcbe sadece y\u0131llarla de\u011fil,yap\u0131lan i\u015flerle de \u00f6l\u00e7\u00fcl\u00fcr&#8230;<\/p>","protected":false},"author":1,"featured_media":0,"parent":0,"menu_order":0,"comment_status":"closed","ping_status":"closed","template":"","meta":{"footnotes":""},"class_list":["post-460","page","type-page","status-publish","hentry"],"_links":{"self":[{"href":"https:\/\/phoenixdcc.com\/en\/wp-json\/wp\/v2\/pages\/460","targetHints":{"allow":["GET"]}}],"collection":[{"href":"https:\/\/phoenixdcc.com\/en\/wp-json\/wp\/v2\/pages"}],"about":[{"href":"https:\/\/phoenixdcc.com\/en\/wp-json\/wp\/v2\/types\/page"}],"author":[{"embeddable":true,"href":"https:\/\/phoenixdcc.com\/en\/wp-json\/wp\/v2\/users\/1"}],"replies":[{"embeddable":true,"href":"https:\/\/phoenixdcc.com\/en\/wp-json\/wp\/v2\/comments?post=460"}],"version-history":[{"count":13,"href":"https:\/\/phoenixdcc.com\/en\/wp-json\/wp\/v2\/pages\/460\/revisions"}],"predecessor-version":[{"id":577,"href":"https:\/\/phoenixdcc.com\/en\/wp-json\/wp\/v2\/pages\/460\/revisions\/577"}],"wp:attachment":[{"href":"https:\/\/phoenixdcc.com\/en\/wp-json\/wp\/v2\/media?parent=460"}],"curies":[{"name":"wp","href":"https:\/\/api.w.org\/{rel}","templated":true}]}}