{"id":458,"date":"2023-04-06T13:36:44","date_gmt":"2023-04-06T10:36:44","guid":{"rendered":"https:\/\/phoenixdcc.com\/?page_id=458"},"modified":"2023-04-07T11:33:17","modified_gmt":"2023-04-07T08:33:17","slug":"hakkimizda","status":"publish","type":"page","link":"https:\/\/phoenixdcc.com\/en\/hakkimizda\/","title":{"rendered":"CAREER"},"content":{"rendered":"<div data-elementor-type=\"wp-page\" data-elementor-id=\"458\" class=\"elementor elementor-458\">\n\t\t\t\t\t\t\t\t\t<section class=\"elementor-section elementor-top-section elementor-element elementor-element-61977ea elementor-section-stretched tm-column-break-ipad-no tm-col-stretched-none elementor-section-boxed elementor-section-height-default elementor-section-height-default\" data-id=\"61977ea\" data-element_type=\"section\" data-settings=\"{&quot;stretch_section&quot;:&quot;section-stretched&quot;}\">\n\t\t\t\t\t\t\t<div class=\"elementor-background-overlay\"><\/div>\n\t\t\t\t\t\t\t<div class=\"elementor-container elementor-column-gap-default\">\n\t\t\t\t\t<div class=\"elementor-column elementor-col-50 elementor-top-column elementor-element elementor-element-d4e3ae7\" data-id=\"d4e3ae7\" data-element_type=\"column\" data-settings=\"{&quot;background_background&quot;:&quot;classic&quot;}\">\n\t\t\t<div class=\"elementor-widget-wrap elementor-element-populated\">\n\t\t\t\t\t<div class=\"elementor-background-overlay\"><\/div>\n\t\t\t\t\t\t\t\t<div class=\"elementor-element elementor-element-0466003 tm-align-left elementor-widget elementor-widget-tm_heading\" data-id=\"0466003\" data-element_type=\"widget\" data-widget_type=\"tm_heading.default\">\n\t\t\t\t<div class=\"elementor-widget-container\">\n\t\t\t<div class=\"tm-element-heading-content-wrapper left-align  tm-seperator-solid  tm-heading-style-vertical\"><div class=\"tm-content-header\"><h2 class=\"tm-element-content-heading\">\n\t\t\t\tYOU ARE AT THE TOP W\u0130TH PHOEN\u0130X DCC!\n\t\t\t<\/h2>\n\t\t<h4 class=\"tm-element-subheading\">\n\t\t\t\t33 years\n\t\t\t<\/h4>\n\t\t<\/div><\/div>\t\t<\/div>\n\t\t\t\t<\/div>\n\t\t\t\t<div class=\"elementor-element elementor-element-ef37b38 elementor-widget elementor-widget-text-editor\" data-id=\"ef37b38\" data-element_type=\"widget\" data-widget_type=\"text-editor.default\">\n\t\t\t\t<div class=\"elementor-widget-container\">\n\t\t\t<style>\/*! elementor - v3.12.0 - 29-03-2023 *\/\n.elementor-widget-text-editor.elementor-drop-cap-view-stacked .elementor-drop-cap{background-color:#69727d;color:#fff}.elementor-widget-text-editor.elementor-drop-cap-view-framed .elementor-drop-cap{color:#69727d;border:3px solid;background-color:transparent}.elementor-widget-text-editor:not(.elementor-drop-cap-view-default) .elementor-drop-cap{margin-top:8px}.elementor-widget-text-editor:not(.elementor-drop-cap-view-default) .elementor-drop-cap-letter{width:1em;height:1em}.elementor-widget-text-editor .elementor-drop-cap{float:left;text-align:center;line-height:1;font-size:50px}.elementor-widget-text-editor .elementor-drop-cap-letter{display:inline-block}<\/style>\t\t\t\t<p class=\" translation-block\">We have been leaving a mark from the past to the future with the work we have been doing for 33 years. We bring new perspectives to the sector with projects that will make a name for years to come, and not just now.<\/p><p>We see our work not just as a project to be completed, but as the beginning of a story that touches lives and makes the world a better place.<\/p><p>With Phoenix DCC, we are proud to be with investors who want to step into the world of the future at all stages, including before and after the project.<\/p><p>With the vast experience and endless energy of our civil engineers, electromechanical engineers, technical affairs coordinator, administrative-financial affairs coordinator, marketing experts and architects within our team, we are moving towards success and we invite you to join us on this pleasant journey.<\/p>\t\t\t\t\t\t<\/div>\n\t\t\t\t<\/div>\n\t\t\t\t\t<\/div>\n\t\t<\/div>\n\t\t\t\t<div class=\"elementor-column elementor-col-50 elementor-top-column elementor-element elementor-element-cc30cb0\" data-id=\"cc30cb0\" data-element_type=\"column\">\n\t\t\t<div class=\"elementor-widget-wrap elementor-element-populated\">\n\t\t\t\t\t\t\t\t<div class=\"elementor-element elementor-element-14539d4 elementor-widget elementor-widget-image\" data-id=\"14539d4\" data-element_type=\"widget\" data-widget_type=\"image.default\">\n\t\t\t\t<div class=\"elementor-widget-container\">\n\t\t\t<style>\/*! elementor - v3.12.0 - 29-03-2023 *\/\n.elementor-widget-image{text-align:center}.elementor-widget-image a{display:inline-block}.elementor-widget-image a img[src$=\".svg\"]{width:48px}.elementor-widget-image img{vertical-align:middle;display:inline-block}<\/style>\t\t\t\t\t\t\t\t\t\t\t\t<img loading=\"lazy\" decoding=\"async\" width=\"760\" height=\"739\" src=\"https:\/\/phoenixdcc.com\/wp-content\/uploads\/2023\/03\/phoenixdcc-01.png\" class=\"attachment-large size-large wp-image-83\" alt=\"\" srcset=\"https:\/\/phoenixdcc.com\/wp-content\/uploads\/2023\/03\/phoenixdcc-01.png 760w, https:\/\/phoenixdcc.com\/wp-content\/uploads\/2023\/03\/phoenixdcc-01-300x292.png 300w, https:\/\/phoenixdcc.com\/wp-content\/uploads\/2023\/03\/phoenixdcc-01-309x300.png 309w, https:\/\/phoenixdcc.com\/wp-content\/uploads\/2023\/03\/phoenixdcc-01-524x510.png 524w\" sizes=\"auto, (max-width: 760px) 100vw, 760px\" data-id=\"83\" \/>\t\t\t\t\t\t\t\t\t\t\t\t\t\t\t<\/div>\n\t\t\t\t<\/div>\n\t\t\t\t\t<\/div>\n\t\t<\/div>\n\t\t\t\t\t\t\t<\/div>\n\t\t<\/section>\n\t\t\t\t\t\t\t<\/div>","protected":false},"excerpt":{"rendered":"<p>PHOENIX DCC \u0130LE Z\u0130RVEDES\u0130N\u0130Z! 33 Y\u0131l 33 y\u0131l boyunca yapt\u0131\u011f\u0131m\u0131z \u00e7al\u0131\u015fmalarla ge\u00e7mi\u015ften gelece\u011fe iz b\u0131rak\u0131yoruz. Sadece \u015fu an\u0131 de\u011fil y\u0131llar boyu ad\u0131ndan s\u00f6z ettirecek projelerle sekt\u00f6re yeni bak\u0131\u015f a\u00e7\u0131lar\u0131 kazand\u0131r\u0131yoruz. \u0130\u015fimizi, sadece bitirilmesi gereken bir projeden \u00f6te hayata dokunan, d\u00fcnyay\u0131 daha iyi bir yer haline getiren bir hik\u00e2yenin ba\u015flang\u0131c\u0131 olarak g\u00f6r\u00fcyoruz. Phoenix DCC ile gelece\u011fin &hellip; <a href=\"https:\/\/phoenixdcc.com\/en\/hakkimizda\/\" class=\"more-link\">Continue reading <span class=\"screen-reader-text\">CAREER<\/span><\/a><\/p>","protected":false},"author":1,"featured_media":0,"parent":0,"menu_order":0,"comment_status":"closed","ping_status":"closed","template":"","meta":{"footnotes":""},"class_list":["post-458","page","type-page","status-publish","hentry"],"_links":{"self":[{"href":"https:\/\/phoenixdcc.com\/en\/wp-json\/wp\/v2\/pages\/458","targetHints":{"allow":["GET"]}}],"collection":[{"href":"https:\/\/phoenixdcc.com\/en\/wp-json\/wp\/v2\/pages"}],"about":[{"href":"https:\/\/phoenixdcc.com\/en\/wp-json\/wp\/v2\/types\/page"}],"author":[{"embeddable":true,"href":"https:\/\/phoenixdcc.com\/en\/wp-json\/wp\/v2\/users\/1"}],"replies":[{"embeddable":true,"href":"https:\/\/phoenixdcc.com\/en\/wp-json\/wp\/v2\/comments?post=458"}],"version-history":[{"count":8,"href":"https:\/\/phoenixdcc.com\/en\/wp-json\/wp\/v2\/pages\/458\/revisions"}],"predecessor-version":[{"id":535,"href":"https:\/\/phoenixdcc.com\/en\/wp-json\/wp\/v2\/pages\/458\/revisions\/535"}],"wp:attachment":[{"href":"https:\/\/phoenixdcc.com\/en\/wp-json\/wp\/v2\/media?parent=458"}],"curies":[{"name":"wp","href":"https:\/\/api.w.org\/{rel}","templated":true}]}}