{"id":321,"date":"2023-04-05T16:47:32","date_gmt":"2023-04-05T13:47:32","guid":{"rendered":"https:\/\/phoenixdcc.com\/?page_id=321"},"modified":"2023-04-13T09:13:04","modified_gmt":"2023-04-13T06:13:04","slug":"umit-mehmet-ceyhan","status":"publish","type":"page","link":"https:\/\/phoenixdcc.com\/en\/umit-mehmet-ceyhan\/","title":{"rendered":"\u00dcM\u0130T MEHMET CEYHAN"},"content":{"rendered":"<div data-elementor-type=\"wp-page\" data-elementor-id=\"321\" class=\"elementor elementor-321\">\n\t\t\t\t\t\t\t\t\t<section class=\"elementor-section elementor-top-section elementor-element elementor-element-da58074 tm-column-break-ipad-no tm-col-stretched-none elementor-section-boxed elementor-section-height-default elementor-section-height-default\" data-id=\"da58074\" data-element_type=\"section\">\n\t\t\t\t\t\t<div class=\"elementor-container elementor-column-gap-default\">\n\t\t\t\t\t<div class=\"elementor-column elementor-col-50 elementor-top-column elementor-element elementor-element-d8360a2\" data-id=\"d8360a2\" data-element_type=\"column\">\n\t\t\t<div class=\"elementor-widget-wrap elementor-element-populated\">\n\t\t\t\t\t\t\t\t<div class=\"elementor-element elementor-element-0982d4e elementor-widget elementor-widget-image\" data-id=\"0982d4e\" data-element_type=\"widget\" data-widget_type=\"image.default\">\n\t\t\t\t<div class=\"elementor-widget-container\">\n\t\t\t<style>\/*! elementor - v3.12.0 - 29-03-2023 *\/\n.elementor-widget-image{text-align:center}.elementor-widget-image a{display:inline-block}.elementor-widget-image a img[src$=\".svg\"]{width:48px}.elementor-widget-image img{vertical-align:middle;display:inline-block}<\/style>\t\t\t\t\t\t\t\t\t\t\t\t<img loading=\"lazy\" decoding=\"async\" width=\"768\" height=\"1024\" src=\"https:\/\/phoenixdcc.com\/wp-content\/uploads\/2023\/04\/mehmetceyhan-copy.jpg\" class=\"attachment-large size-large wp-image-559\" alt=\"\" srcset=\"https:\/\/phoenixdcc.com\/wp-content\/uploads\/2023\/04\/mehmetceyhan-copy.jpg 768w, https:\/\/phoenixdcc.com\/wp-content\/uploads\/2023\/04\/mehmetceyhan-copy-225x300.jpg 225w, https:\/\/phoenixdcc.com\/wp-content\/uploads\/2023\/04\/mehmetceyhan-copy-9x12.jpg 9w, https:\/\/phoenixdcc.com\/wp-content\/uploads\/2023\/04\/mehmetceyhan-copy-383x510.jpg 383w\" sizes=\"auto, (max-width: 768px) 100vw, 768px\" data-id=\"559\" \/>\t\t\t\t\t\t\t\t\t\t\t\t\t\t\t<\/div>\n\t\t\t\t<\/div>\n\t\t\t\t<div class=\"elementor-element elementor-element-464adab elementor-widget elementor-widget-text-editor\" data-id=\"464adab\" data-element_type=\"widget\" data-widget_type=\"text-editor.default\">\n\t\t\t\t<div class=\"elementor-widget-container\">\n\t\t\t<style>\/*! elementor - v3.12.0 - 29-03-2023 *\/\n.elementor-widget-text-editor.elementor-drop-cap-view-stacked .elementor-drop-cap{background-color:#69727d;color:#fff}.elementor-widget-text-editor.elementor-drop-cap-view-framed .elementor-drop-cap{color:#69727d;border:3px solid;background-color:transparent}.elementor-widget-text-editor:not(.elementor-drop-cap-view-default) .elementor-drop-cap{margin-top:8px}.elementor-widget-text-editor:not(.elementor-drop-cap-view-default) .elementor-drop-cap-letter{width:1em;height:1em}.elementor-widget-text-editor .elementor-drop-cap{float:left;text-align:center;line-height:1;font-size:50px}.elementor-widget-text-editor .elementor-drop-cap-letter{display:inline-block}<\/style>\t\t\t\t<p>\u00dcM\u0130T MEHMET CEYHAN<\/p>\t\t\t\t\t\t<\/div>\n\t\t\t\t<\/div>\n\t\t\t\t<div class=\"elementor-element elementor-element-aaf3cc1 elementor-widget elementor-widget-text-editor\" data-id=\"aaf3cc1\" data-element_type=\"widget\" data-widget_type=\"text-editor.default\">\n\t\t\t\t<div class=\"elementor-widget-container\">\n\t\t\t\t\t\t\t<p>Our founding partner<\/p>\t\t\t\t\t\t<\/div>\n\t\t\t\t<\/div>\n\t\t\t\t<div class=\"elementor-element elementor-element-6df4e0b elementor-widget elementor-widget-text-editor\" data-id=\"6df4e0b\" data-element_type=\"widget\" data-widget_type=\"text-editor.default\">\n\t\t\t\t<div class=\"elementor-widget-container\">\n\t\t\t\t\t\t\t<p>is a Civil Engineer<\/p>\t\t\t\t\t\t<\/div>\n\t\t\t\t<\/div>\n\t\t\t\t\t<\/div>\n\t\t<\/div>\n\t\t\t\t<div class=\"elementor-column elementor-col-50 elementor-top-column elementor-element elementor-element-b9099e1\" data-id=\"b9099e1\" data-element_type=\"column\">\n\t\t\t<div class=\"elementor-widget-wrap elementor-element-populated\">\n\t\t\t\t\t\t\t\t<div class=\"elementor-element elementor-element-824f44b elementor-widget elementor-widget-heading\" data-id=\"824f44b\" data-element_type=\"widget\" data-widget_type=\"heading.default\">\n\t\t\t\t<div class=\"elementor-widget-container\">\n\t\t\t<style>\/*! elementor - v3.12.0 - 29-03-2023 *\/\n.elementor-heading-title{padding:0;margin:0;line-height:1}.elementor-widget-heading .elementor-heading-title[class*=elementor-size-]>a{color:inherit;font-size:inherit;line-height:inherit}.elementor-widget-heading .elementor-heading-title.elementor-size-small{font-size:15px}.elementor-widget-heading .elementor-heading-title.elementor-size-medium{font-size:19px}.elementor-widget-heading .elementor-heading-title.elementor-size-large{font-size:29px}.elementor-widget-heading .elementor-heading-title.elementor-size-xl{font-size:39px}.elementor-widget-heading .elementor-heading-title.elementor-size-xxl{font-size:59px}<\/style><h2 class=\"elementor-heading-title elementor-size-default\">\u00dcM\u0130T MEHMET CEYHAN HAKKINDA<\/h2>\t\t<\/div>\n\t\t\t\t<\/div>\n\t\t\t\t<div class=\"elementor-element elementor-element-c5565f7 elementor-widget elementor-widget-text-editor\" data-id=\"c5565f7\" data-element_type=\"widget\" data-widget_type=\"text-editor.default\">\n\t\t\t\t<div class=\"elementor-widget-container\">\n\t\t\t\t\t\t\t<p>\u00dcmit Mehmet Ceyhan, who has left a permanent mark in the sector and inspired many engineers with his work both in Turkey and abroad, has laid the foundations of hundreds of buildings in Van and surrounding areas under TOK\u0130. He has been involved in the construction projects of many official institutions in<\/p><p>Ankara and throughout Turkey, including military structures and the construction of Intelligence Centers, which are critical to the security of the country. Having consolidated his past experience in Qatar and Uzbekistan, Ceyhan has broad experience in the field of superstructures.<\/p>\t\t\t\t\t\t<\/div>\n\t\t\t\t<\/div>\n\t\t\t\t\t<\/div>\n\t\t<\/div>\n\t\t\t\t\t\t\t<\/div>\n\t\t<\/section>\n\t\t\t\t\t\t\t<\/div>","protected":false},"excerpt":{"rendered":"<p>\u00dcM\u0130T MEHMET CEYHAN Kurucu Ortaklar\u0131m\u0131zdan \u0130n\u015faat M\u00fchendisi \u00dcM\u0130T MEHMET CEYHAN HAKKINDA Hem T\u00fcrkiye\u2019de hem de yurt d\u0131\u015f\u0131nda g\u00f6rev ald\u0131\u011f\u0131 projelerde sekt\u00f6rde kal\u0131c\u0131 bir iz b\u0131rakan ve yapt\u0131\u011f\u0131 \u00e7al\u0131\u015fmalarla bir\u00e7ok m\u00fchendise ilham veren \u00dcmit Mehmet Ceyhan, TOK\u0130 b\u00fcnyesinde Van ve \u00e7evre b\u00f6lgelerinde y\u00fczlerce yap\u0131n\u0131n temelini atm\u0131\u015ft\u0131r. Ankara\u2019da ve t\u00fcm T\u00fcrkiye genelinde askeri yap\u0131lar ve \u00fclke g\u00fcvenli\u011finde &hellip; <a href=\"https:\/\/phoenixdcc.com\/en\/umit-mehmet-ceyhan\/\" class=\"more-link\">Continue reading <span class=\"screen-reader-text\">\u00dcM\u0130T MEHMET CEYHAN<\/span><\/a><\/p>","protected":false},"author":1,"featured_media":0,"parent":0,"menu_order":0,"comment_status":"closed","ping_status":"closed","template":"","meta":{"footnotes":""},"class_list":["post-321","page","type-page","status-publish","hentry"],"_links":{"self":[{"href":"https:\/\/phoenixdcc.com\/en\/wp-json\/wp\/v2\/pages\/321","targetHints":{"allow":["GET"]}}],"collection":[{"href":"https:\/\/phoenixdcc.com\/en\/wp-json\/wp\/v2\/pages"}],"about":[{"href":"https:\/\/phoenixdcc.com\/en\/wp-json\/wp\/v2\/types\/page"}],"author":[{"embeddable":true,"href":"https:\/\/phoenixdcc.com\/en\/wp-json\/wp\/v2\/users\/1"}],"replies":[{"embeddable":true,"href":"https:\/\/phoenixdcc.com\/en\/wp-json\/wp\/v2\/comments?post=321"}],"version-history":[{"count":10,"href":"https:\/\/phoenixdcc.com\/en\/wp-json\/wp\/v2\/pages\/321\/revisions"}],"predecessor-version":[{"id":562,"href":"https:\/\/phoenixdcc.com\/en\/wp-json\/wp\/v2\/pages\/321\/revisions\/562"}],"wp:attachment":[{"href":"https:\/\/phoenixdcc.com\/en\/wp-json\/wp\/v2\/media?parent=321"}],"curies":[{"name":"wp","href":"https:\/\/api.w.org\/{rel}","templated":true}]}}