{"id":320,"date":"2023-04-05T16:47:24","date_gmt":"2023-04-05T13:47:24","guid":{"rendered":"https:\/\/phoenixdcc.com\/?page_id=320"},"modified":"2023-04-05T16:53:10","modified_gmt":"2023-04-05T13:53:10","slug":"murat-erdili","status":"publish","type":"page","link":"https:\/\/phoenixdcc.com\/en\/murat-erdili\/","title":{"rendered":"MURAT ERD\u0130L\u0130"},"content":{"rendered":"<div data-elementor-type=\"wp-page\" data-elementor-id=\"320\" class=\"elementor elementor-320\">\n\t\t\t\t\t\t\t\t\t<section class=\"elementor-section elementor-top-section elementor-element elementor-element-cb3cdaa tm-column-break-ipad-no tm-col-stretched-none elementor-section-boxed elementor-section-height-default elementor-section-height-default\" data-id=\"cb3cdaa\" data-element_type=\"section\">\n\t\t\t\t\t\t<div class=\"elementor-container elementor-column-gap-default\">\n\t\t\t\t\t<div class=\"elementor-column elementor-col-50 elementor-top-column elementor-element elementor-element-c75f3fb\" data-id=\"c75f3fb\" data-element_type=\"column\">\n\t\t\t<div class=\"elementor-widget-wrap elementor-element-populated\">\n\t\t\t\t\t\t\t\t<div class=\"elementor-element elementor-element-4c98f8e elementor-widget elementor-widget-image\" data-id=\"4c98f8e\" data-element_type=\"widget\" data-widget_type=\"image.default\">\n\t\t\t\t<div class=\"elementor-widget-container\">\n\t\t\t<style>\/*! elementor - v3.12.0 - 29-03-2023 *\/\n.elementor-widget-image{text-align:center}.elementor-widget-image a{display:inline-block}.elementor-widget-image a img[src$=\".svg\"]{width:48px}.elementor-widget-image img{vertical-align:middle;display:inline-block}<\/style>\t\t\t\t\t\t\t\t\t\t\t\t<img loading=\"lazy\" decoding=\"async\" width=\"768\" height=\"1024\" src=\"https:\/\/phoenixdcc.com\/wp-content\/uploads\/2023\/04\/muraterdili.jpg\" class=\"attachment-large size-large wp-image-315\" alt=\"\" srcset=\"https:\/\/phoenixdcc.com\/wp-content\/uploads\/2023\/04\/muraterdili.jpg 768w, https:\/\/phoenixdcc.com\/wp-content\/uploads\/2023\/04\/muraterdili-225x300.jpg 225w, https:\/\/phoenixdcc.com\/wp-content\/uploads\/2023\/04\/muraterdili-383x510.jpg 383w\" sizes=\"auto, (max-width: 768px) 100vw, 768px\" data-id=\"315\" \/>\t\t\t\t\t\t\t\t\t\t\t\t\t\t\t<\/div>\n\t\t\t\t<\/div>\n\t\t\t\t<div class=\"elementor-element elementor-element-d3ddf65 elementor-widget elementor-widget-text-editor\" data-id=\"d3ddf65\" data-element_type=\"widget\" data-widget_type=\"text-editor.default\">\n\t\t\t\t<div class=\"elementor-widget-container\">\n\t\t\t<style>\/*! elementor - v3.12.0 - 29-03-2023 *\/\n.elementor-widget-text-editor.elementor-drop-cap-view-stacked .elementor-drop-cap{background-color:#69727d;color:#fff}.elementor-widget-text-editor.elementor-drop-cap-view-framed .elementor-drop-cap{color:#69727d;border:3px solid;background-color:transparent}.elementor-widget-text-editor:not(.elementor-drop-cap-view-default) .elementor-drop-cap{margin-top:8px}.elementor-widget-text-editor:not(.elementor-drop-cap-view-default) .elementor-drop-cap-letter{width:1em;height:1em}.elementor-widget-text-editor .elementor-drop-cap{float:left;text-align:center;line-height:1;font-size:50px}.elementor-widget-text-editor .elementor-drop-cap-letter{display:inline-block}<\/style>\t\t\t\t<p>MURAT ERD\u0130L\u0130<\/p>\t\t\t\t\t\t<\/div>\n\t\t\t\t<\/div>\n\t\t\t\t<div class=\"elementor-element elementor-element-7df20ad elementor-widget elementor-widget-text-editor\" data-id=\"7df20ad\" data-element_type=\"widget\" data-widget_type=\"text-editor.default\">\n\t\t\t\t<div class=\"elementor-widget-container\">\n\t\t\t\t\t\t\t<p>Our founding partner<\/p>\t\t\t\t\t\t<\/div>\n\t\t\t\t<\/div>\n\t\t\t\t<div class=\"elementor-element elementor-element-664cdeb elementor-widget elementor-widget-text-editor\" data-id=\"664cdeb\" data-element_type=\"widget\" data-widget_type=\"text-editor.default\">\n\t\t\t\t<div class=\"elementor-widget-container\">\n\t\t\t\t\t\t\t<p>is a Civil Engineer<\/p>\t\t\t\t\t\t<\/div>\n\t\t\t\t<\/div>\n\t\t\t\t\t<\/div>\n\t\t<\/div>\n\t\t\t\t<div class=\"elementor-column elementor-col-50 elementor-top-column elementor-element elementor-element-5574ae0\" data-id=\"5574ae0\" data-element_type=\"column\">\n\t\t\t<div class=\"elementor-widget-wrap elementor-element-populated\">\n\t\t\t\t\t\t\t\t<div class=\"elementor-element elementor-element-db202b4 elementor-widget elementor-widget-heading\" data-id=\"db202b4\" data-element_type=\"widget\" data-widget_type=\"heading.default\">\n\t\t\t\t<div class=\"elementor-widget-container\">\n\t\t\t<style>\/*! elementor - v3.12.0 - 29-03-2023 *\/\n.elementor-heading-title{padding:0;margin:0;line-height:1}.elementor-widget-heading .elementor-heading-title[class*=elementor-size-]>a{color:inherit;font-size:inherit;line-height:inherit}.elementor-widget-heading .elementor-heading-title.elementor-size-small{font-size:15px}.elementor-widget-heading .elementor-heading-title.elementor-size-medium{font-size:19px}.elementor-widget-heading .elementor-heading-title.elementor-size-large{font-size:29px}.elementor-widget-heading .elementor-heading-title.elementor-size-xl{font-size:39px}.elementor-widget-heading .elementor-heading-title.elementor-size-xxl{font-size:59px}<\/style><h2 class=\"elementor-heading-title elementor-size-default\">MURAT ERD\u0130L\u0130 HAKKINDA<\/h2>\t\t<\/div>\n\t\t\t\t<\/div>\n\t\t\t\t<div class=\"elementor-element elementor-element-456d2ec elementor-widget elementor-widget-text-editor\" data-id=\"456d2ec\" data-element_type=\"widget\" data-widget_type=\"text-editor.default\">\n\t\t\t\t<div class=\"elementor-widget-container\">\n\t\t\t\t\t\t\t<p>Having sowed the seeds of his success in Adana, Murat Erdili continued his story in countries such as Russia, Belarus and Uzbekistan, where the construction sector is active. Throughout his career, Erdili has worked with world-renowned companies such as Enka \u0130n\u015faat, R\u00f6nesans \u0130n\u015faat, Garanti Koza and has been involved in important projects such as Ikea Mega Shopping Mall,<\/p><p>Sochi Olympic Project, Sberbank Moscow Headquarters. Erdili, an expert in his sector with his experience, has a high level of experience worldwide with the projects he has realized.<\/p>\t\t\t\t\t\t<\/div>\n\t\t\t\t<\/div>\n\t\t\t\t\t<\/div>\n\t\t<\/div>\n\t\t\t\t\t\t\t<\/div>\n\t\t<\/section>\n\t\t\t\t\t\t\t<\/div>","protected":false},"excerpt":{"rendered":"<p>MURAT ERD\u0130L\u0130 Kurucu Ortaklar\u0131m\u0131zdan \u0130n\u015faat M\u00fchendisi MURAT ERD\u0130L\u0130 HAKKINDA Adana\u2019da ba\u015far\u0131lar\u0131n\u0131n tohumunu atan Murat Erdili, hik\u00e2yesine Rusya, Belarus ve \u00d6zbekistan gibi in\u015faat sekt\u00f6r\u00fcn\u00fcn aktif oldu\u011fu \u00fclkelerde devam etmi\u015ftir. Kariyeri boyunca Enka \u0130n\u015faat, R\u00f6nesans \u0130n\u015faat, Garanti Koza gibi d\u00fcnyaca \u00fcnl\u00fc \u015firketlerle \u00e7al\u0131\u015fan Erdili; Ikea Mega AVM, Sochi olimpiyat projesi, Sberbank Moscow Headquarter gibi \u00f6nemli projelerde yer &hellip; <a href=\"https:\/\/phoenixdcc.com\/en\/murat-erdili\/\" class=\"more-link\">Continue reading <span class=\"screen-reader-text\">MURAT ERD\u0130L\u0130<\/span><\/a><\/p>","protected":false},"author":1,"featured_media":0,"parent":0,"menu_order":0,"comment_status":"closed","ping_status":"closed","template":"","meta":{"footnotes":""},"class_list":["post-320","page","type-page","status-publish","hentry"],"_links":{"self":[{"href":"https:\/\/phoenixdcc.com\/en\/wp-json\/wp\/v2\/pages\/320","targetHints":{"allow":["GET"]}}],"collection":[{"href":"https:\/\/phoenixdcc.com\/en\/wp-json\/wp\/v2\/pages"}],"about":[{"href":"https:\/\/phoenixdcc.com\/en\/wp-json\/wp\/v2\/types\/page"}],"author":[{"embeddable":true,"href":"https:\/\/phoenixdcc.com\/en\/wp-json\/wp\/v2\/users\/1"}],"replies":[{"embeddable":true,"href":"https:\/\/phoenixdcc.com\/en\/wp-json\/wp\/v2\/comments?post=320"}],"version-history":[{"count":4,"href":"https:\/\/phoenixdcc.com\/en\/wp-json\/wp\/v2\/pages\/320\/revisions"}],"predecessor-version":[{"id":328,"href":"https:\/\/phoenixdcc.com\/en\/wp-json\/wp\/v2\/pages\/320\/revisions\/328"}],"wp:attachment":[{"href":"https:\/\/phoenixdcc.com\/en\/wp-json\/wp\/v2\/media?parent=320"}],"curies":[{"name":"wp","href":"https:\/\/api.w.org\/{rel}","templated":true}]}}