{"id":111,"date":"2023-04-01T09:46:15","date_gmt":"2023-04-01T06:46:15","guid":{"rendered":"https:\/\/phoenixdcc.com\/?page_id=111"},"modified":"2023-04-01T15:28:10","modified_gmt":"2023-04-01T12:28:10","slug":"reklam-yazilim","status":"publish","type":"page","link":"https:\/\/phoenixdcc.com\/en\/reklam-yazilim\/","title":{"rendered":"ADVERT\u0130S\u0130NG-SOFTWARE"},"content":{"rendered":"<div data-elementor-type=\"wp-page\" data-elementor-id=\"111\" class=\"elementor elementor-111\">\n\t\t\t\t\t\t\t\t\t<section class=\"elementor-section elementor-top-section elementor-element elementor-element-e1d85ff elementor-section-stretched tm-column-break-ipad-no tm-col-stretched-none elementor-section-boxed elementor-section-height-default elementor-section-height-default\" data-id=\"e1d85ff\" data-element_type=\"section\" data-settings=\"{&quot;stretch_section&quot;:&quot;section-stretched&quot;}\">\n\t\t\t\t\t\t\t<div class=\"elementor-background-overlay\"><\/div>\n\t\t\t\t\t\t\t<div class=\"elementor-container elementor-column-gap-default\">\n\t\t\t\t\t<div class=\"elementor-column elementor-col-100 elementor-top-column elementor-element elementor-element-77532e0\" data-id=\"77532e0\" data-element_type=\"column\" data-settings=\"{&quot;background_background&quot;:&quot;classic&quot;}\">\n\t\t\t<div class=\"elementor-widget-wrap elementor-element-populated\">\n\t\t\t\t\t<div class=\"elementor-background-overlay\"><\/div>\n\t\t\t\t\t\t\t\t<section class=\"elementor-section elementor-inner-section elementor-element elementor-element-afe97e4 tm-column-break-ipad-no tm-col-stretched-none elementor-section-boxed elementor-section-height-default elementor-section-height-default\" data-id=\"afe97e4\" data-element_type=\"section\">\n\t\t\t\t\t\t<div class=\"elementor-container elementor-column-gap-default\">\n\t\t\t\t\t<div class=\"elementor-column elementor-col-50 elementor-inner-column elementor-element elementor-element-32d677b\" data-id=\"32d677b\" data-element_type=\"column\">\n\t\t\t<div class=\"elementor-widget-wrap elementor-element-populated\">\n\t\t\t\t\t\t\t\t<div class=\"elementor-element elementor-element-9e0e1ba elementor-widget elementor-widget-image\" data-id=\"9e0e1ba\" data-element_type=\"widget\" data-widget_type=\"image.default\">\n\t\t\t\t<div class=\"elementor-widget-container\">\n\t\t\t<style>\/*! elementor - v3.12.0 - 29-03-2023 *\/\n.elementor-widget-image{text-align:center}.elementor-widget-image a{display:inline-block}.elementor-widget-image a img[src$=\".svg\"]{width:48px}.elementor-widget-image img{vertical-align:middle;display:inline-block}<\/style>\t\t\t\t\t\t\t\t\t\t\t\t<img loading=\"lazy\" decoding=\"async\" width=\"760\" height=\"739\" src=\"https:\/\/phoenixdcc.com\/wp-content\/uploads\/2023\/04\/phoenixdcc-07.png\" class=\"attachment-large size-large wp-image-181\" alt=\"\" srcset=\"https:\/\/phoenixdcc.com\/wp-content\/uploads\/2023\/04\/phoenixdcc-07.png 760w, https:\/\/phoenixdcc.com\/wp-content\/uploads\/2023\/04\/phoenixdcc-07-300x292.png 300w, https:\/\/phoenixdcc.com\/wp-content\/uploads\/2023\/04\/phoenixdcc-07-309x300.png 309w, https:\/\/phoenixdcc.com\/wp-content\/uploads\/2023\/04\/phoenixdcc-07-524x510.png 524w\" sizes=\"auto, (max-width: 760px) 100vw, 760px\" data-id=\"181\" \/>\t\t\t\t\t\t\t\t\t\t\t\t\t\t\t<\/div>\n\t\t\t\t<\/div>\n\t\t\t\t\t<\/div>\n\t\t<\/div>\n\t\t\t\t<div class=\"elementor-column elementor-col-50 elementor-inner-column elementor-element elementor-element-e4e6a9c\" data-id=\"e4e6a9c\" data-element_type=\"column\">\n\t\t\t<div class=\"elementor-widget-wrap elementor-element-populated\">\n\t\t\t\t\t\t\t\t<div class=\"elementor-element elementor-element-23a8264 tm-align-left elementor-widget elementor-widget-tm_heading\" data-id=\"23a8264\" data-element_type=\"widget\" data-widget_type=\"tm_heading.default\">\n\t\t\t\t<div class=\"elementor-widget-container\">\n\t\t\t<div class=\"tm-element-heading-content-wrapper left-align tm-reverse-heading-yes tm-seperator-solid  tm-heading-style-vertical\"><div class=\"tm-content-header\"><h4 class=\"tm-element-subheading\">\n\t\t\t\tD\u00fcnya elinizin alt\u0131nda\u2026\n\t\t\t<\/h4>\n\t\t<h2 class=\"tm-element-content-heading\">\n\t\t\t\tADVERT\u0130S\u0130NG-SOFTWARE\n\t\t\t<\/h2>\n\t\t<\/div><\/div>\t\t<\/div>\n\t\t\t\t<\/div>\n\t\t\t\t<div class=\"elementor-element elementor-element-a5af969 elementor-widget elementor-widget-text-editor\" data-id=\"a5af969\" data-element_type=\"widget\" data-widget_type=\"text-editor.default\">\n\t\t\t\t<div class=\"elementor-widget-container\">\n\t\t\t<style>\/*! elementor - v3.12.0 - 29-03-2023 *\/\n.elementor-widget-text-editor.elementor-drop-cap-view-stacked .elementor-drop-cap{background-color:#69727d;color:#fff}.elementor-widget-text-editor.elementor-drop-cap-view-framed .elementor-drop-cap{color:#69727d;border:3px solid;background-color:transparent}.elementor-widget-text-editor:not(.elementor-drop-cap-view-default) .elementor-drop-cap{margin-top:8px}.elementor-widget-text-editor:not(.elementor-drop-cap-view-default) .elementor-drop-cap-letter{width:1em;height:1em}.elementor-widget-text-editor .elementor-drop-cap{float:left;text-align:center;line-height:1;font-size:50px}.elementor-widget-text-editor .elementor-drop-cap-letter{display:inline-block}<\/style>\t\t\t\t<p>With our professional advertising team, we offer 3600 communication strategies that will increase your awareness, and we ensure that you reach the top by providing you with professional services that play an active role in all communication activities of your brand. We sow the seeds of a strong branding process with written-visual-video content that will ensure success in digital and traditional media channels, and increase the awareness for your services, products and projects thanks to the comprehensive solutions we offer. Promotional and Advertising Films: Bring your brand to the forefront and make a difference in the sector thanks to the content we create with creative scenarios and professional shots.<\/p><p>Communication Strategies:\nStand out from your competitors with our corporate identity, brand positioning, brand image management, marketing<\/p><p>communications, digital strategy, target audience analysis, analysis and reporting services.<\/p><p><b>Software Service<\/b><\/p><p>Rise with technology, strengthen your brand...<\/p><p>For more than 20 years, we have been providing software solutions to international companies and the flagship brands of the energy market, enabling you to dominate the future by offering all the possibilities of technology. We integrate the necessary components into your business in the fastest and with highest quality by expertly managing the technological transformation process that world-class companies attach importance to. We work for you to become a global brand with website designs, phone applications and detailed R&amp;D software studies. We offer services that meet your needs 100% with the original software we prepare.<\/p>\t\t\t\t\t\t<\/div>\n\t\t\t\t<\/div>\n\t\t\t\t\t<\/div>\n\t\t<\/div>\n\t\t\t\t\t\t\t<\/div>\n\t\t<\/section>\n\t\t\t\t\t<\/div>\n\t\t<\/div>\n\t\t\t\t\t\t\t<\/div>\n\t\t<\/section>\n\t\t\t\t\t\t\t<\/div>","protected":false},"excerpt":{"rendered":"<p>D\u00fcnya elinizin alt\u0131nda\u2026 REKLAM-YAZILIM Profesyonel reklam ekibimizle bilinirli\u011finizi art\u0131racak 3600 ileti\u015fim stratejileri sunuyor, markan\u0131z\u0131n t\u00fcm ileti\u015fim faaliyetlerinde etkin rol oynayan profesyonel hizmetler vererek zirveye ula\u015fman\u0131z\u0131 sa\u011fl\u0131yoruz. Dijital ve geleneksel medya kanallar\u0131nda ba\u015far\u0131 sa\u011flayacak yaz\u0131l\u0131-g\u00f6rsel-video i\u00e7eriklerle g\u00fc\u00e7l\u00fc bir markalama s\u00fcrecinin tohumlar\u0131n\u0131 at\u0131yor, sundu\u011fumuz kapsaml\u0131 \u00e7\u00f6z\u00fcmler sayesinde hizmet, \u00fcr\u00fcn ve projelerinizin bilinirli\u011fini art\u0131r\u0131yoruz. Tan\u0131t\u0131m ve Reklam Filmleri: &hellip; <a href=\"https:\/\/phoenixdcc.com\/en\/reklam-yazilim\/\" class=\"more-link\">Continue reading <span class=\"screen-reader-text\">ADVERT\u0130S\u0130NG-SOFTWARE<\/span><\/a><\/p>","protected":false},"author":1,"featured_media":0,"parent":0,"menu_order":0,"comment_status":"closed","ping_status":"closed","template":"","meta":{"footnotes":""},"class_list":["post-111","page","type-page","status-publish","hentry"],"_links":{"self":[{"href":"https:\/\/phoenixdcc.com\/en\/wp-json\/wp\/v2\/pages\/111","targetHints":{"allow":["GET"]}}],"collection":[{"href":"https:\/\/phoenixdcc.com\/en\/wp-json\/wp\/v2\/pages"}],"about":[{"href":"https:\/\/phoenixdcc.com\/en\/wp-json\/wp\/v2\/types\/page"}],"author":[{"embeddable":true,"href":"https:\/\/phoenixdcc.com\/en\/wp-json\/wp\/v2\/users\/1"}],"replies":[{"embeddable":true,"href":"https:\/\/phoenixdcc.com\/en\/wp-json\/wp\/v2\/comments?post=111"}],"version-history":[{"count":4,"href":"https:\/\/phoenixdcc.com\/en\/wp-json\/wp\/v2\/pages\/111\/revisions"}],"predecessor-version":[{"id":184,"href":"https:\/\/phoenixdcc.com\/en\/wp-json\/wp\/v2\/pages\/111\/revisions\/184"}],"wp:attachment":[{"href":"https:\/\/phoenixdcc.com\/en\/wp-json\/wp\/v2\/media?parent=111"}],"curies":[{"name":"wp","href":"https:\/\/api.w.org\/{rel}","templated":true}]}}