{"id":110,"date":"2023-04-01T09:46:03","date_gmt":"2023-04-01T06:46:03","guid":{"rendered":"https:\/\/phoenixdcc.com\/?page_id=110"},"modified":"2023-04-13T09:24:58","modified_gmt":"2023-04-13T06:24:58","slug":"ithalat-ihracat","status":"publish","type":"page","link":"https:\/\/phoenixdcc.com\/en\/ithalat-ihracat\/","title":{"rendered":"IMPORT-EXPORT"},"content":{"rendered":"<div data-elementor-type=\"wp-page\" data-elementor-id=\"110\" class=\"elementor elementor-110\">\n\t\t\t\t\t\t\t\t\t<section class=\"elementor-section elementor-top-section elementor-element elementor-element-500508c elementor-section-stretched tm-column-break-ipad-no tm-col-stretched-none elementor-section-boxed elementor-section-height-default elementor-section-height-default\" data-id=\"500508c\" data-element_type=\"section\" data-settings=\"{&quot;stretch_section&quot;:&quot;section-stretched&quot;}\">\n\t\t\t\t\t\t\t<div class=\"elementor-background-overlay\"><\/div>\n\t\t\t\t\t\t\t<div class=\"elementor-container elementor-column-gap-default\">\n\t\t\t\t\t<div class=\"elementor-column elementor-col-100 elementor-top-column elementor-element elementor-element-a5192bb\" data-id=\"a5192bb\" data-element_type=\"column\" data-settings=\"{&quot;background_background&quot;:&quot;classic&quot;}\">\n\t\t\t<div class=\"elementor-widget-wrap elementor-element-populated\">\n\t\t\t\t\t<div class=\"elementor-background-overlay\"><\/div>\n\t\t\t\t\t\t\t\t<section class=\"elementor-section elementor-inner-section elementor-element elementor-element-e6ce898 tm-column-break-ipad-no tm-col-stretched-none elementor-section-boxed elementor-section-height-default elementor-section-height-default\" data-id=\"e6ce898\" data-element_type=\"section\">\n\t\t\t\t\t\t<div class=\"elementor-container elementor-column-gap-default\">\n\t\t\t\t\t<div class=\"elementor-column elementor-col-50 elementor-inner-column elementor-element elementor-element-ea6f8d3\" data-id=\"ea6f8d3\" data-element_type=\"column\">\n\t\t\t<div class=\"elementor-widget-wrap elementor-element-populated\">\n\t\t\t\t\t\t\t\t<div class=\"elementor-element elementor-element-76798fc elementor-widget elementor-widget-image\" data-id=\"76798fc\" data-element_type=\"widget\" data-widget_type=\"image.default\">\n\t\t\t\t<div class=\"elementor-widget-container\">\n\t\t\t<style>\/*! elementor - v3.12.0 - 29-03-2023 *\/\n.elementor-widget-image{text-align:center}.elementor-widget-image a{display:inline-block}.elementor-widget-image a img[src$=\".svg\"]{width:48px}.elementor-widget-image img{vertical-align:middle;display:inline-block}<\/style>\t\t\t\t\t\t\t\t\t\t\t\t<img loading=\"lazy\" decoding=\"async\" width=\"760\" height=\"739\" src=\"https:\/\/phoenixdcc.com\/wp-content\/uploads\/2023\/04\/phoenixdcc-05-copy-3-1.png\" class=\"attachment-large size-large wp-image-567\" alt=\"\" srcset=\"https:\/\/phoenixdcc.com\/wp-content\/uploads\/2023\/04\/phoenixdcc-05-copy-3-1.png 760w, https:\/\/phoenixdcc.com\/wp-content\/uploads\/2023\/04\/phoenixdcc-05-copy-3-1-300x292.png 300w, https:\/\/phoenixdcc.com\/wp-content\/uploads\/2023\/04\/phoenixdcc-05-copy-3-1-12x12.png 12w, https:\/\/phoenixdcc.com\/wp-content\/uploads\/2023\/04\/phoenixdcc-05-copy-3-1-309x300.png 309w, https:\/\/phoenixdcc.com\/wp-content\/uploads\/2023\/04\/phoenixdcc-05-copy-3-1-524x510.png 524w\" sizes=\"auto, (max-width: 760px) 100vw, 760px\" data-id=\"567\" \/>\t\t\t\t\t\t\t\t\t\t\t\t\t\t\t<\/div>\n\t\t\t\t<\/div>\n\t\t\t\t\t<\/div>\n\t\t<\/div>\n\t\t\t\t<div class=\"elementor-column elementor-col-50 elementor-inner-column elementor-element elementor-element-22a028e\" data-id=\"22a028e\" data-element_type=\"column\">\n\t\t\t<div class=\"elementor-widget-wrap elementor-element-populated\">\n\t\t\t\t\t\t\t\t<div class=\"elementor-element elementor-element-0052f0f tm-align-left elementor-widget elementor-widget-tm_heading\" data-id=\"0052f0f\" data-element_type=\"widget\" data-widget_type=\"tm_heading.default\">\n\t\t\t\t<div class=\"elementor-widget-container\">\n\t\t\t<div class=\"tm-element-heading-content-wrapper left-align tm-reverse-heading-yes tm-seperator-solid  tm-heading-style-vertical\"><div class=\"tm-content-header\"><h4 class=\"tm-element-subheading\">\n\t\t\t\tA sound strategy will lead you to success, profitand new opportunities...\n\t\t\t<\/h4>\n\t\t<h2 class=\"tm-element-content-heading\">\n\t\t\t\tIMPORT-EXPORT\n\t\t\t<\/h2>\n\t\t<\/div><\/div>\t\t<\/div>\n\t\t\t\t<\/div>\n\t\t\t\t<div class=\"elementor-element elementor-element-68f3923 elementor-widget elementor-widget-text-editor\" data-id=\"68f3923\" data-element_type=\"widget\" data-widget_type=\"text-editor.default\">\n\t\t\t\t<div class=\"elementor-widget-container\">\n\t\t\t<style>\/*! elementor - v3.12.0 - 29-03-2023 *\/\n.elementor-widget-text-editor.elementor-drop-cap-view-stacked .elementor-drop-cap{background-color:#69727d;color:#fff}.elementor-widget-text-editor.elementor-drop-cap-view-framed .elementor-drop-cap{color:#69727d;border:3px solid;background-color:transparent}.elementor-widget-text-editor:not(.elementor-drop-cap-view-default) .elementor-drop-cap{margin-top:8px}.elementor-widget-text-editor:not(.elementor-drop-cap-view-default) .elementor-drop-cap-letter{width:1em;height:1em}.elementor-widget-text-editor .elementor-drop-cap{float:left;text-align:center;line-height:1;font-size:50px}.elementor-widget-text-editor .elementor-drop-cap-letter{display:inline-block}<\/style>\t\t\t\t<p>We offer you customized strategic moves for the projects you plan to invest and profit in a specific area.\u00a0<\/p><p>We ensure that you take the right step with the reports we prepare in line with earnings and risk expectations.<\/p><p>We serve you to save time and cost by offering all material supply for your project under a single roof with alternatives.<\/p>\t\t\t\t\t\t<\/div>\n\t\t\t\t<\/div>\n\t\t\t\t\t<\/div>\n\t\t<\/div>\n\t\t\t\t\t\t\t<\/div>\n\t\t<\/section>\n\t\t\t\t\t<\/div>\n\t\t<\/div>\n\t\t\t\t\t\t\t<\/div>\n\t\t<\/section>\n\t\t\t\t\t\t\t<\/div>","protected":false},"excerpt":{"rendered":"<p>Sa\u011flam bir strateji sizi ba\u015far\u0131ya, kazanca ve yeni f\u0131rsatlara g\u00f6t\u00fcr\u00fcr\u2026 \u0130THALAT-\u0130HRACAT Belirli bir alanda yat\u0131r\u0131m yapmak ve kazan\u00e7 sa\u011flamak amac\u0131yla planlad\u0131\u011f\u0131n\u0131z projeler i\u00e7in size \u00f6zel stratejik hamleler sunuyoruz.\u00a0 Kazan\u00e7 ve risk beklentileri do\u011frultusunda haz\u0131rlad\u0131\u011f\u0131m\u0131z raporlarla do\u011fru ad\u0131m\u0131 atman\u0131z\u0131 sa\u011fl\u0131yoruz. Projenize dair t\u00fcm malzeme tedari\u011fini alternatifleriyle birlikte tek bir \u00e7at\u0131da sunarak zamandan ve maliyetten kazanman\u0131z i\u00e7in &hellip; <a href=\"https:\/\/phoenixdcc.com\/en\/ithalat-ihracat\/\" class=\"more-link\">Continue reading <span class=\"screen-reader-text\">IMPORT-EXPORT<\/span><\/a><\/p>","protected":false},"author":1,"featured_media":0,"parent":0,"menu_order":0,"comment_status":"closed","ping_status":"closed","template":"","meta":{"footnotes":""},"class_list":["post-110","page","type-page","status-publish","hentry"],"_links":{"self":[{"href":"https:\/\/phoenixdcc.com\/en\/wp-json\/wp\/v2\/pages\/110","targetHints":{"allow":["GET"]}}],"collection":[{"href":"https:\/\/phoenixdcc.com\/en\/wp-json\/wp\/v2\/pages"}],"about":[{"href":"https:\/\/phoenixdcc.com\/en\/wp-json\/wp\/v2\/types\/page"}],"author":[{"embeddable":true,"href":"https:\/\/phoenixdcc.com\/en\/wp-json\/wp\/v2\/users\/1"}],"replies":[{"embeddable":true,"href":"https:\/\/phoenixdcc.com\/en\/wp-json\/wp\/v2\/comments?post=110"}],"version-history":[{"count":9,"href":"https:\/\/phoenixdcc.com\/en\/wp-json\/wp\/v2\/pages\/110\/revisions"}],"predecessor-version":[{"id":573,"href":"https:\/\/phoenixdcc.com\/en\/wp-json\/wp\/v2\/pages\/110\/revisions\/573"}],"wp:attachment":[{"href":"https:\/\/phoenixdcc.com\/en\/wp-json\/wp\/v2\/media?parent=110"}],"curies":[{"name":"wp","href":"https:\/\/api.w.org\/{rel}","templated":true}]}}