{"id":109,"date":"2023-04-01T09:45:55","date_gmt":"2023-04-01T06:45:55","guid":{"rendered":"https:\/\/phoenixdcc.com\/?page_id=109"},"modified":"2023-05-03T16:36:56","modified_gmt":"2023-05-03T13:36:56","slug":"insaat","status":"publish","type":"page","link":"https:\/\/phoenixdcc.com\/en\/insaat\/","title":{"rendered":"CONSTRUCT\u0130ON"},"content":{"rendered":"<div data-elementor-type=\"wp-page\" data-elementor-id=\"109\" class=\"elementor elementor-109\">\n\t\t\t\t\t\t\t\t\t<section class=\"elementor-section elementor-top-section elementor-element elementor-element-d932a75 elementor-section-stretched tm-column-break-ipad-no tm-col-stretched-none elementor-section-boxed elementor-section-height-default elementor-section-height-default\" data-id=\"d932a75\" data-element_type=\"section\" data-settings=\"{&quot;stretch_section&quot;:&quot;section-stretched&quot;}\">\n\t\t\t\t\t\t\t<div class=\"elementor-background-overlay\"><\/div>\n\t\t\t\t\t\t\t<div class=\"elementor-container elementor-column-gap-default\">\n\t\t\t\t\t<div class=\"elementor-column elementor-col-100 elementor-top-column elementor-element elementor-element-7387360\" data-id=\"7387360\" data-element_type=\"column\" data-settings=\"{&quot;background_background&quot;:&quot;classic&quot;}\">\n\t\t\t<div class=\"elementor-widget-wrap elementor-element-populated\">\n\t\t\t\t\t<div class=\"elementor-background-overlay\"><\/div>\n\t\t\t\t\t\t\t\t<section class=\"elementor-section elementor-inner-section elementor-element elementor-element-0684bf0 tm-column-break-ipad-no tm-col-stretched-none elementor-section-boxed elementor-section-height-default elementor-section-height-default\" data-id=\"0684bf0\" data-element_type=\"section\">\n\t\t\t\t\t\t<div class=\"elementor-container elementor-column-gap-default\">\n\t\t\t\t\t<div class=\"elementor-column elementor-col-50 elementor-inner-column elementor-element elementor-element-9d2e946\" data-id=\"9d2e946\" data-element_type=\"column\">\n\t\t\t<div class=\"elementor-widget-wrap elementor-element-populated\">\n\t\t\t\t\t\t\t\t<div class=\"elementor-element elementor-element-1b15ea5 elementor-widget elementor-widget-image\" data-id=\"1b15ea5\" data-element_type=\"widget\" data-widget_type=\"image.default\">\n\t\t\t\t<div class=\"elementor-widget-container\">\n\t\t\t<style>\/*! elementor - v3.12.0 - 29-03-2023 *\/\n.elementor-widget-image{text-align:center}.elementor-widget-image a{display:inline-block}.elementor-widget-image a img[src$=\".svg\"]{width:48px}.elementor-widget-image img{vertical-align:middle;display:inline-block}<\/style>\t\t\t\t\t\t\t\t\t\t\t\t<img loading=\"lazy\" decoding=\"async\" width=\"760\" height=\"739\" src=\"https:\/\/phoenixdcc.com\/wp-content\/uploads\/2023\/04\/phoenixdcc-06.png\" class=\"attachment-large size-large wp-image-166\" alt=\"\" srcset=\"https:\/\/phoenixdcc.com\/wp-content\/uploads\/2023\/04\/phoenixdcc-06.png 760w, https:\/\/phoenixdcc.com\/wp-content\/uploads\/2023\/04\/phoenixdcc-06-300x292.png 300w, https:\/\/phoenixdcc.com\/wp-content\/uploads\/2023\/04\/phoenixdcc-06-309x300.png 309w, https:\/\/phoenixdcc.com\/wp-content\/uploads\/2023\/04\/phoenixdcc-06-524x510.png 524w\" sizes=\"auto, (max-width: 760px) 100vw, 760px\" data-id=\"166\" \/>\t\t\t\t\t\t\t\t\t\t\t\t\t\t\t<\/div>\n\t\t\t\t<\/div>\n\t\t\t\t\t<\/div>\n\t\t<\/div>\n\t\t\t\t<div class=\"elementor-column elementor-col-50 elementor-inner-column elementor-element elementor-element-7840835\" data-id=\"7840835\" data-element_type=\"column\">\n\t\t\t<div class=\"elementor-widget-wrap elementor-element-populated\">\n\t\t\t\t\t\t\t\t<div class=\"elementor-element elementor-element-8e5c0ee tm-align-left elementor-widget elementor-widget-tm_heading\" data-id=\"8e5c0ee\" data-element_type=\"widget\" data-widget_type=\"tm_heading.default\">\n\t\t\t\t<div class=\"elementor-widget-container\">\n\t\t\t<div class=\"tm-element-heading-content-wrapper left-align tm-reverse-heading-yes tm-seperator-solid  tm-heading-style-vertical\"><div class=\"tm-content-header\"><h4 class=\"tm-element-subheading\">\n\t\t\t\tOur ultimate goal is to add strength to your strength...\n\t\t\t<\/h4>\n\t\t<h2 class=\"tm-element-content-heading\">\n\t\t\t\tCONSTRUCT\u0130ON\n\t\t\t<\/h2>\n\t\t<\/div><\/div>\t\t<\/div>\n\t\t\t\t<\/div>\n\t\t\t\t<div class=\"elementor-element elementor-element-896c23c elementor-widget elementor-widget-text-editor\" data-id=\"896c23c\" data-element_type=\"widget\" data-widget_type=\"text-editor.default\">\n\t\t\t\t<div class=\"elementor-widget-container\">\n\t\t\t<style>\/*! elementor - v3.12.0 - 29-03-2023 *\/\n.elementor-widget-text-editor.elementor-drop-cap-view-stacked .elementor-drop-cap{background-color:#69727d;color:#fff}.elementor-widget-text-editor.elementor-drop-cap-view-framed .elementor-drop-cap{color:#69727d;border:3px solid;background-color:transparent}.elementor-widget-text-editor:not(.elementor-drop-cap-view-default) .elementor-drop-cap{margin-top:8px}.elementor-widget-text-editor:not(.elementor-drop-cap-view-default) .elementor-drop-cap-letter{width:1em;height:1em}.elementor-widget-text-editor .elementor-drop-cap{float:left;text-align:center;line-height:1;font-size:50px}.elementor-widget-text-editor .elementor-drop-cap-letter{display:inline-block}<\/style>\t\t\t\t<p>We are working with all our strength to build structures with solid foundations which future generations will speak of with pride. We report all the materials required for the construction of your project in the most appropriate and advantageous way. We ensure that the project progresses flawlessly by<\/p><p>offering price\/performance-oriented solutions. We accelerate the process by reviewing all safety measures from the very beginning to the final stage, and we do not discontinue our support for a moment with our team that you can reach 24\/7.<\/p>\t\t\t\t\t\t<\/div>\n\t\t\t\t<\/div>\n\t\t\t\t\t<\/div>\n\t\t<\/div>\n\t\t\t\t\t\t\t<\/div>\n\t\t<\/section>\n\t\t\t\t<section class=\"elementor-section elementor-inner-section elementor-element elementor-element-acc4b34 tm-column-break-ipad-no tm-col-stretched-none elementor-section-boxed elementor-section-height-default elementor-section-height-default\" data-id=\"acc4b34\" data-element_type=\"section\">\n\t\t\t\t\t\t<div class=\"elementor-container elementor-column-gap-default\">\n\t\t\t\t\t<div class=\"elementor-column elementor-col-25 elementor-inner-column elementor-element elementor-element-02b5483\" data-id=\"02b5483\" data-element_type=\"column\">\n\t\t\t<div class=\"elementor-widget-wrap elementor-element-populated\">\n\t\t\t\t\t\t\t\t<div class=\"elementor-element elementor-element-ac01509 elementor-widget elementor-widget-image\" data-id=\"ac01509\" data-element_type=\"widget\" data-widget_type=\"image.default\">\n\t\t\t\t<div class=\"elementor-widget-container\">\n\t\t\t\t\t\t\t\t\t\t\t\t<figure class=\"wp-caption\">\n\t\t\t\t\t\t\t\t\t\t<img loading=\"lazy\" decoding=\"async\" width=\"210\" height=\"120\" src=\"https:\/\/phoenixdcc.com\/wp-content\/uploads\/2023\/04\/5.png\" class=\"attachment-large size-large wp-image-167\" alt=\"\" data-id=\"167\" \/>\t\t\t\t\t\t\t\t\t\t\t<figcaption class=\"widget-image-caption wp-caption-text\">New Uzbekistan University<\/figcaption>\n\t\t\t\t\t\t\t\t\t\t<\/figure>\n\t\t\t\t\t\t\t\t\t<\/div>\n\t\t\t\t<\/div>\n\t\t\t\t\t<\/div>\n\t\t<\/div>\n\t\t\t\t<div class=\"elementor-column elementor-col-25 elementor-inner-column elementor-element elementor-element-11c23ac\" data-id=\"11c23ac\" data-element_type=\"column\">\n\t\t\t<div class=\"elementor-widget-wrap elementor-element-populated\">\n\t\t\t\t\t\t\t\t<div class=\"elementor-element elementor-element-4f4132b elementor-widget elementor-widget-image\" data-id=\"4f4132b\" data-element_type=\"widget\" data-widget_type=\"image.default\">\n\t\t\t\t<div class=\"elementor-widget-container\">\n\t\t\t\t\t\t\t\t\t\t\t\t<figure class=\"wp-caption\">\n\t\t\t\t\t\t\t\t\t\t<img loading=\"lazy\" decoding=\"async\" width=\"219\" height=\"165\" src=\"https:\/\/phoenixdcc.com\/wp-content\/uploads\/2023\/04\/6.png\" class=\"attachment-large size-large wp-image-168\" alt=\"\" data-id=\"168\" \/>\t\t\t\t\t\t\t\t\t\t\t<figcaption class=\"widget-image-caption wp-caption-text\">Chirchig Collective Housing\/Uzbekistan<\/figcaption>\n\t\t\t\t\t\t\t\t\t\t<\/figure>\n\t\t\t\t\t\t\t\t\t<\/div>\n\t\t\t\t<\/div>\n\t\t\t\t\t<\/div>\n\t\t<\/div>\n\t\t\t\t<div class=\"elementor-column elementor-col-25 elementor-inner-column elementor-element elementor-element-1834dfc\" data-id=\"1834dfc\" data-element_type=\"column\">\n\t\t\t<div class=\"elementor-widget-wrap elementor-element-populated\">\n\t\t\t\t\t\t\t\t<div class=\"elementor-element elementor-element-0ac7134 elementor-widget elementor-widget-image\" data-id=\"0ac7134\" data-element_type=\"widget\" data-widget_type=\"image.default\">\n\t\t\t\t<div class=\"elementor-widget-container\">\n\t\t\t\t\t\t\t\t\t\t\t\t<figure class=\"wp-caption\">\n\t\t\t\t\t\t\t\t\t\t<img loading=\"lazy\" decoding=\"async\" width=\"219\" height=\"165\" src=\"https:\/\/phoenixdcc.com\/wp-content\/uploads\/2023\/04\/7.png\" class=\"attachment-large size-large wp-image-169\" alt=\"\" data-id=\"169\" \/>\t\t\t\t\t\t\t\t\t\t\t<figcaption class=\"widget-image-caption wp-caption-text\">Sochi Ski Jumping\/Russia<\/figcaption>\n\t\t\t\t\t\t\t\t\t\t<\/figure>\n\t\t\t\t\t\t\t\t\t<\/div>\n\t\t\t\t<\/div>\n\t\t\t\t\t<\/div>\n\t\t<\/div>\n\t\t\t\t<div class=\"elementor-column elementor-col-25 elementor-inner-column elementor-element elementor-element-85bd296\" data-id=\"85bd296\" data-element_type=\"column\">\n\t\t\t<div class=\"elementor-widget-wrap elementor-element-populated\">\n\t\t\t\t\t\t\t\t<div class=\"elementor-element elementor-element-c101663 elementor-widget elementor-widget-image\" data-id=\"c101663\" data-element_type=\"widget\" data-widget_type=\"image.default\">\n\t\t\t\t<div class=\"elementor-widget-container\">\n\t\t\t\t\t\t\t\t\t\t\t\t<figure class=\"wp-caption\">\n\t\t\t\t\t\t\t\t\t\t<img loading=\"lazy\" decoding=\"async\" width=\"210\" height=\"118\" src=\"https:\/\/phoenixdcc.com\/wp-content\/uploads\/2023\/04\/4.png\" class=\"attachment-large size-large wp-image-170\" alt=\"\" data-id=\"170\" \/>\t\t\t\t\t\t\t\t\t\t\t<figcaption class=\"widget-image-caption wp-caption-text\">Van TOK\u0130 Houses\/Turkey<\/figcaption>\n\t\t\t\t\t\t\t\t\t\t<\/figure>\n\t\t\t\t\t\t\t\t\t<\/div>\n\t\t\t\t<\/div>\n\t\t\t\t\t<\/div>\n\t\t<\/div>\n\t\t\t\t\t\t\t<\/div>\n\t\t<\/section>\n\t\t\t\t\t<\/div>\n\t\t<\/div>\n\t\t\t\t\t\t\t<\/div>\n\t\t<\/section>\n\t\t\t\t\t\t\t<\/div>","protected":false},"excerpt":{"rendered":"<p>G\u00fcc\u00fcn\u00fcze g\u00fc\u00e7 katmak en b\u00fcy\u00fck hedefimiz\u2026 \u0130N\u015eAAT Temeli sa\u011flam, gelecek nesillerin gururla ad\u0131ndan s\u00f6z edece\u011fi yap\u0131lar kazand\u0131rmak i\u00e7in var g\u00fcc\u00fcm\u00fczle \u00e7al\u0131\u015f\u0131yoruz. Projenizin yap\u0131m a\u015famas\u0131nda gerekli olan t\u00fcm materyalleri en uygun ve avantajl\u0131 \u015fekilde raporluyoruz. Fiyat\/performans odakl\u0131 \u00e7\u00f6z\u00fcmler sunarak projenin hatas\u0131z ilerlemesini sa\u011fl\u0131yoruz. En ba\u015f\u0131ndan son a\u015famaya kadar t\u00fcm g\u00fcvenlik \u00f6nlemlerini g\u00f6zden ge\u00e7irerek s\u00fcreci h\u0131zland\u0131r\u0131yor, 7\/24 &hellip; <a href=\"https:\/\/phoenixdcc.com\/en\/insaat\/\" class=\"more-link\">Continue reading <span class=\"screen-reader-text\">CONSTRUCT\u0130ON<\/span><\/a><\/p>","protected":false},"author":1,"featured_media":0,"parent":0,"menu_order":0,"comment_status":"closed","ping_status":"closed","template":"","meta":{"footnotes":""},"class_list":["post-109","page","type-page","status-publish","hentry"],"_links":{"self":[{"href":"https:\/\/phoenixdcc.com\/en\/wp-json\/wp\/v2\/pages\/109","targetHints":{"allow":["GET"]}}],"collection":[{"href":"https:\/\/phoenixdcc.com\/en\/wp-json\/wp\/v2\/pages"}],"about":[{"href":"https:\/\/phoenixdcc.com\/en\/wp-json\/wp\/v2\/types\/page"}],"author":[{"embeddable":true,"href":"https:\/\/phoenixdcc.com\/en\/wp-json\/wp\/v2\/users\/1"}],"replies":[{"embeddable":true,"href":"https:\/\/phoenixdcc.com\/en\/wp-json\/wp\/v2\/comments?post=109"}],"version-history":[{"count":13,"href":"https:\/\/phoenixdcc.com\/en\/wp-json\/wp\/v2\/pages\/109\/revisions"}],"predecessor-version":[{"id":600,"href":"https:\/\/phoenixdcc.com\/en\/wp-json\/wp\/v2\/pages\/109\/revisions\/600"}],"wp:attachment":[{"href":"https:\/\/phoenixdcc.com\/en\/wp-json\/wp\/v2\/media?parent=109"}],"curies":[{"name":"wp","href":"https:\/\/api.w.org\/{rel}","templated":true}]}}