{"id":108,"date":"2023-04-01T09:45:44","date_gmt":"2023-04-01T06:45:44","guid":{"rendered":"https:\/\/phoenixdcc.com\/?page_id=108"},"modified":"2023-05-03T16:34:01","modified_gmt":"2023-05-03T13:34:01","slug":"proje","status":"publish","type":"page","link":"https:\/\/phoenixdcc.com\/en\/proje\/","title":{"rendered":"PROJECT"},"content":{"rendered":"<div data-elementor-type=\"wp-page\" data-elementor-id=\"108\" class=\"elementor elementor-108\">\n\t\t\t\t\t\t\t\t\t<section class=\"elementor-section elementor-top-section elementor-element elementor-element-9702dd2 elementor-section-stretched tm-column-break-ipad-no tm-col-stretched-none elementor-section-boxed elementor-section-height-default elementor-section-height-default\" data-id=\"9702dd2\" data-element_type=\"section\" data-settings=\"{&quot;stretch_section&quot;:&quot;section-stretched&quot;}\">\n\t\t\t\t\t\t\t<div class=\"elementor-background-overlay\"><\/div>\n\t\t\t\t\t\t\t<div class=\"elementor-container elementor-column-gap-default\">\n\t\t\t\t\t<div class=\"elementor-column elementor-col-100 elementor-top-column elementor-element elementor-element-9f92bb7\" data-id=\"9f92bb7\" data-element_type=\"column\" data-settings=\"{&quot;background_background&quot;:&quot;classic&quot;}\">\n\t\t\t<div class=\"elementor-widget-wrap elementor-element-populated\">\n\t\t\t\t\t<div class=\"elementor-background-overlay\"><\/div>\n\t\t\t\t\t\t\t\t<section class=\"elementor-section elementor-inner-section elementor-element elementor-element-701ec7f elementor-reverse-mobile tm-column-break-ipad-no tm-col-stretched-none elementor-section-boxed elementor-section-height-default elementor-section-height-default\" data-id=\"701ec7f\" data-element_type=\"section\">\n\t\t\t\t\t\t<div class=\"elementor-container elementor-column-gap-default\">\n\t\t\t\t\t<div class=\"elementor-column elementor-col-50 elementor-inner-column elementor-element elementor-element-bc6010f\" data-id=\"bc6010f\" data-element_type=\"column\">\n\t\t\t<div class=\"elementor-widget-wrap elementor-element-populated\">\n\t\t\t\t\t\t\t\t<div class=\"elementor-element elementor-element-10e6bcb tm-align-left elementor-widget elementor-widget-tm_heading\" data-id=\"10e6bcb\" data-element_type=\"widget\" data-widget_type=\"tm_heading.default\">\n\t\t\t\t<div class=\"elementor-widget-container\">\n\t\t\t<div class=\"tm-element-heading-content-wrapper left-align tm-reverse-heading-yes tm-seperator-solid  tm-heading-style-vertical\"><div class=\"tm-content-header\"><h4 class=\"tm-element-subheading\">\n\t\t\t\tWe shape the future with projects that turn dreams into reality...\n\t\t\t<\/h4>\n\t\t<h2 class=\"tm-element-content-heading\">\n\t\t\t\tPROJECT\n\t\t\t<\/h2>\n\t\t<\/div><\/div>\t\t<\/div>\n\t\t\t\t<\/div>\n\t\t\t\t<div class=\"elementor-element elementor-element-d1fe34a elementor-widget elementor-widget-text-editor\" data-id=\"d1fe34a\" data-element_type=\"widget\" data-widget_type=\"text-editor.default\">\n\t\t\t\t<div class=\"elementor-widget-container\">\n\t\t\t<style>\/*! elementor - v3.12.0 - 29-03-2023 *\/\n.elementor-widget-text-editor.elementor-drop-cap-view-stacked .elementor-drop-cap{background-color:#69727d;color:#fff}.elementor-widget-text-editor.elementor-drop-cap-view-framed .elementor-drop-cap{color:#69727d;border:3px solid;background-color:transparent}.elementor-widget-text-editor:not(.elementor-drop-cap-view-default) .elementor-drop-cap{margin-top:8px}.elementor-widget-text-editor:not(.elementor-drop-cap-view-default) .elementor-drop-cap-letter{width:1em;height:1em}.elementor-widget-text-editor .elementor-drop-cap{float:left;text-align:center;line-height:1;font-size:50px}.elementor-widget-text-editor .elementor-drop-cap-letter{display:inline-block}<\/style>\t\t\t\t<p>When we look at a project, we don't just see a structure made of iron, we aim for a story and a strong infrastructure. We ensure that you make the right choice with project strategies integrated with the environment and suitable for the socio-cultural structure of the region. We undertake all the challenging processes of your project by managing the project stages from<\/p><p>A to Z, from ground survey reports to the submission of the project to the authorized official authorities, from product marketing studies with 3D modeling to the preparation of mechanical, electrical, static projects, and we strive to ensure that you successfully achieve your goal.<\/p>\t\t\t\t\t\t<\/div>\n\t\t\t\t<\/div>\n\t\t\t\t\t<\/div>\n\t\t<\/div>\n\t\t\t\t<div class=\"elementor-column elementor-col-50 elementor-inner-column elementor-element elementor-element-36a3375\" data-id=\"36a3375\" data-element_type=\"column\">\n\t\t\t<div class=\"elementor-widget-wrap elementor-element-populated\">\n\t\t\t\t\t\t\t\t<div class=\"elementor-element elementor-element-5e5c7fa elementor-widget elementor-widget-image\" data-id=\"5e5c7fa\" data-element_type=\"widget\" data-widget_type=\"image.default\">\n\t\t\t\t<div class=\"elementor-widget-container\">\n\t\t\t<style>\/*! elementor - v3.12.0 - 29-03-2023 *\/\n.elementor-widget-image{text-align:center}.elementor-widget-image a{display:inline-block}.elementor-widget-image a img[src$=\".svg\"]{width:48px}.elementor-widget-image img{vertical-align:middle;display:inline-block}<\/style>\t\t\t\t\t\t\t\t\t\t\t\t<img loading=\"lazy\" decoding=\"async\" width=\"760\" height=\"739\" src=\"https:\/\/phoenixdcc.com\/wp-content\/uploads\/2023\/04\/phoenixdcc-05-copy-2.png\" class=\"attachment-large size-large wp-image-220\" alt=\"\" srcset=\"https:\/\/phoenixdcc.com\/wp-content\/uploads\/2023\/04\/phoenixdcc-05-copy-2.png 760w, https:\/\/phoenixdcc.com\/wp-content\/uploads\/2023\/04\/phoenixdcc-05-copy-2-300x292.png 300w, https:\/\/phoenixdcc.com\/wp-content\/uploads\/2023\/04\/phoenixdcc-05-copy-2-309x300.png 309w, https:\/\/phoenixdcc.com\/wp-content\/uploads\/2023\/04\/phoenixdcc-05-copy-2-524x510.png 524w\" sizes=\"auto, (max-width: 760px) 100vw, 760px\" data-id=\"220\" \/>\t\t\t\t\t\t\t\t\t\t\t\t\t\t\t<\/div>\n\t\t\t\t<\/div>\n\t\t\t\t\t<\/div>\n\t\t<\/div>\n\t\t\t\t\t\t\t<\/div>\n\t\t<\/section>\n\t\t\t\t<section class=\"elementor-section elementor-inner-section elementor-element elementor-element-5e4fb00 tm-column-break-ipad-no tm-col-stretched-none elementor-section-boxed elementor-section-height-default elementor-section-height-default\" data-id=\"5e4fb00\" data-element_type=\"section\">\n\t\t\t\t\t\t<div class=\"elementor-container elementor-column-gap-default\">\n\t\t\t\t\t<div class=\"elementor-column elementor-col-25 elementor-inner-column elementor-element elementor-element-f36f34d\" data-id=\"f36f34d\" data-element_type=\"column\">\n\t\t\t<div class=\"elementor-widget-wrap elementor-element-populated\">\n\t\t\t\t\t\t\t\t<div class=\"elementor-element elementor-element-9685b80 elementor-widget elementor-widget-image\" data-id=\"9685b80\" data-element_type=\"widget\" data-widget_type=\"image.default\">\n\t\t\t\t<div class=\"elementor-widget-container\">\n\t\t\t\t\t\t\t\t\t\t\t\t<figure class=\"wp-caption\">\n\t\t\t\t\t\t\t\t\t\t<img loading=\"lazy\" decoding=\"async\" width=\"242\" height=\"148\" src=\"https:\/\/phoenixdcc.com\/wp-content\/uploads\/2023\/04\/1-copy.png\" class=\"attachment-large size-large wp-image-200\" alt=\"\" data-id=\"200\" \/>\t\t\t\t\t\t\t\t\t\t\t<figcaption class=\"widget-image-caption wp-caption-text\">Libya European Hospital (Architecture)<\/figcaption>\n\t\t\t\t\t\t\t\t\t\t<\/figure>\n\t\t\t\t\t\t\t\t\t<\/div>\n\t\t\t\t<\/div>\n\t\t\t\t\t<\/div>\n\t\t<\/div>\n\t\t\t\t<div class=\"elementor-column elementor-col-25 elementor-inner-column elementor-element elementor-element-06593fe\" data-id=\"06593fe\" data-element_type=\"column\">\n\t\t\t<div class=\"elementor-widget-wrap elementor-element-populated\">\n\t\t\t\t\t\t\t\t<div class=\"elementor-element elementor-element-87a75e4 elementor-widget elementor-widget-image\" data-id=\"87a75e4\" data-element_type=\"widget\" data-widget_type=\"image.default\">\n\t\t\t\t<div class=\"elementor-widget-container\">\n\t\t\t\t\t\t\t\t\t\t\t\t<figure class=\"wp-caption\">\n\t\t\t\t\t\t\t\t\t\t<img loading=\"lazy\" decoding=\"async\" width=\"242\" height=\"148\" src=\"https:\/\/phoenixdcc.com\/wp-content\/uploads\/2023\/04\/1-copy23.png\" class=\"attachment-large size-large wp-image-203\" alt=\"\" data-id=\"203\" \/>\t\t\t\t\t\t\t\t\t\t\t<figcaption class=\"widget-image-caption wp-caption-text\">Football Stadium Kardzhali (Architecture)<\/figcaption>\n\t\t\t\t\t\t\t\t\t\t<\/figure>\n\t\t\t\t\t\t\t\t\t<\/div>\n\t\t\t\t<\/div>\n\t\t\t\t\t<\/div>\n\t\t<\/div>\n\t\t\t\t<div class=\"elementor-column elementor-col-25 elementor-inner-column elementor-element elementor-element-4895c05\" data-id=\"4895c05\" data-element_type=\"column\">\n\t\t\t<div class=\"elementor-widget-wrap elementor-element-populated\">\n\t\t\t\t\t\t\t\t<div class=\"elementor-element elementor-element-6c4fd25 elementor-widget elementor-widget-image\" data-id=\"6c4fd25\" data-element_type=\"widget\" data-widget_type=\"image.default\">\n\t\t\t\t<div class=\"elementor-widget-container\">\n\t\t\t\t\t\t\t\t\t\t\t\t<figure class=\"wp-caption\">\n\t\t\t\t\t\t\t\t\t\t<img loading=\"lazy\" decoding=\"async\" width=\"242\" height=\"148\" src=\"https:\/\/phoenixdcc.com\/wp-content\/uploads\/2023\/04\/1-copy2.png\" class=\"attachment-large size-large wp-image-202\" alt=\"\" data-id=\"202\" \/>\t\t\t\t\t\t\t\t\t\t\t<figcaption class=\"widget-image-caption wp-caption-text\">Football Stadium Kardzhali (Architecture)<\/figcaption>\n\t\t\t\t\t\t\t\t\t\t<\/figure>\n\t\t\t\t\t\t\t\t\t<\/div>\n\t\t\t\t<\/div>\n\t\t\t\t\t<\/div>\n\t\t<\/div>\n\t\t\t\t<div class=\"elementor-column elementor-col-25 elementor-inner-column elementor-element elementor-element-7295b3d\" data-id=\"7295b3d\" data-element_type=\"column\">\n\t\t\t<div class=\"elementor-widget-wrap elementor-element-populated\">\n\t\t\t\t\t\t\t\t<div class=\"elementor-element elementor-element-6f877ca elementor-widget elementor-widget-image\" data-id=\"6f877ca\" data-element_type=\"widget\" data-widget_type=\"image.default\">\n\t\t\t\t<div class=\"elementor-widget-container\">\n\t\t\t\t\t\t\t\t\t\t\t\t<figure class=\"wp-caption\">\n\t\t\t\t\t\t\t\t\t\t<img loading=\"lazy\" decoding=\"async\" width=\"242\" height=\"148\" src=\"https:\/\/phoenixdcc.com\/wp-content\/uploads\/2023\/04\/1-copy1-1.png\" class=\"attachment-large size-large wp-image-207\" alt=\"\" data-id=\"207\" \/>\t\t\t\t\t\t\t\t\t\t\t<figcaption class=\"widget-image-caption wp-caption-text\">\u00c7anakkale City Square (Architecture)<\/figcaption>\n\t\t\t\t\t\t\t\t\t\t<\/figure>\n\t\t\t\t\t\t\t\t\t<\/div>\n\t\t\t\t<\/div>\n\t\t\t\t\t<\/div>\n\t\t<\/div>\n\t\t\t\t\t\t\t<\/div>\n\t\t<\/section>\n\t\t\t\t\t<\/div>\n\t\t<\/div>\n\t\t\t\t\t\t\t<\/div>\n\t\t<\/section>\n\t\t\t\t\t\t\t<\/div>","protected":false},"excerpt":{"rendered":"<p>Hayalleri ger\u00e7e\u011fe d\u00f6n\u00fc\u015ft\u00fcren projelerle gelece\u011fi \u015fekillendiriyoruz\u2026 PROJE Bir projeye bakarken sadece demirden olu\u015fan bir yap\u0131 g\u00f6rm\u00fcyoruz, bir hik\u00e2yesinin ve g\u00fc\u00e7l\u00fc bir altyap\u0131s\u0131n\u0131n olmas\u0131n\u0131 hedefliyoruz. \u00c7evre ile entegre, bulunulan b\u00f6lgenin sosyo-k\u00fclt\u00fcrel yap\u0131s\u0131na uygun proje stratejileriyle do\u011fru se\u00e7imi yapman\u0131z\u0131 sa\u011fl\u0131yoruz. Zemin et\u00fct raporlar\u0131ndan projenin yetkili resmi mercilere sunulmas\u0131na, 3d modelleme ile \u00fcr\u00fcn pazarlama \u00e7al\u0131\u015fmalar\u0131ndan mekanik, elektrik, statik &hellip; <a href=\"https:\/\/phoenixdcc.com\/en\/proje\/\" class=\"more-link\">Continue reading <span class=\"screen-reader-text\">PROJECT<\/span><\/a><\/p>","protected":false},"author":1,"featured_media":0,"parent":0,"menu_order":0,"comment_status":"closed","ping_status":"closed","template":"","meta":{"footnotes":""},"class_list":["post-108","page","type-page","status-publish","hentry"],"_links":{"self":[{"href":"https:\/\/phoenixdcc.com\/en\/wp-json\/wp\/v2\/pages\/108","targetHints":{"allow":["GET"]}}],"collection":[{"href":"https:\/\/phoenixdcc.com\/en\/wp-json\/wp\/v2\/pages"}],"about":[{"href":"https:\/\/phoenixdcc.com\/en\/wp-json\/wp\/v2\/types\/page"}],"author":[{"embeddable":true,"href":"https:\/\/phoenixdcc.com\/en\/wp-json\/wp\/v2\/users\/1"}],"replies":[{"embeddable":true,"href":"https:\/\/phoenixdcc.com\/en\/wp-json\/wp\/v2\/comments?post=108"}],"version-history":[{"count":14,"href":"https:\/\/phoenixdcc.com\/en\/wp-json\/wp\/v2\/pages\/108\/revisions"}],"predecessor-version":[{"id":597,"href":"https:\/\/phoenixdcc.com\/en\/wp-json\/wp\/v2\/pages\/108\/revisions\/597"}],"wp:attachment":[{"href":"https:\/\/phoenixdcc.com\/en\/wp-json\/wp\/v2\/media?parent=108"}],"curies":[{"name":"wp","href":"https:\/\/api.w.org\/{rel}","templated":true}]}}